{"id":746039,"date":"2025-03-03T20:46:16","date_gmt":"2025-03-03T19:46:16","guid":{"rendered":"https:\/\/stoic-curie.212-227-153-4.plesk.page\/producto\/saida-de-escape-vetus-nlp-50mm\/"},"modified":"2026-02-25T00:27:37","modified_gmt":"2026-02-25T00:27:37","slug":"saida-de-escape-vetus-nlp-50mm","status":"publish","type":"product","link":"https:\/\/stoic-curie.212-227-153-4.plesk.page\/pt\/product\/saida-de-escape-vetus-nlp-50mm\/","title":{"rendered":"Sa\u00edda de Escape Vetus NLP 50mm"},"content":{"rendered":"<p>Sa\u00edda de Escape Vetus NLP 50mm &#8211; <\/p>\n<p>Bloqueio de \u00e1gua de pl\u00e1stico refor\u00e7ado com conex\u00f5es girat\u00f3rias. Compacto, pode ser montado em lugares estreitos. Deve ser instalado em sistemas de escape refrigerados a \u00e1gua. Capacidade: Silenciadores H 254 mm = 4,5 Lt. Silenciadores H 362 mm = 10 Lt.<\/p>\n","protected":false},"excerpt":{"rendered":"<p>Sa\u00edda de Escape Vetus NLP 50mm &#8211; Bloqueio de \u00e1gua de pl\u00e1stico refor\u00e7ado com conex\u00f5es girat\u00f3rias. Compacto, pode ser montado<\/p>\n","protected":false},"featured_media":5936278,"comment_status":"open","ping_status":"closed","template":"","meta":[],"product_brand":[3522],"product_cat":[2081],"product_tag":[],"class_list":{"0":"post-746039","1":"product","2":"type-product","3":"status-publish","4":"has-post-thumbnail","6":"product_brand-vetus-pt","7":"product_cat-silenciadores-de-escape","9":"first","10":"instock","11":"shipping-taxable","12":"purchasable","13":"product-type-simple"},"_links":{"self":[{"href":"https:\/\/stoic-curie.212-227-153-4.plesk.page\/pt\/wp-json\/wp\/v2\/product\/746039","targetHints":{"allow":["GET"]}}],"collection":[{"href":"https:\/\/stoic-curie.212-227-153-4.plesk.page\/pt\/wp-json\/wp\/v2\/product"}],"about":[{"href":"https:\/\/stoic-curie.212-227-153-4.plesk.page\/pt\/wp-json\/wp\/v2\/types\/product"}],"replies":[{"embeddable":true,"href":"https:\/\/stoic-curie.212-227-153-4.plesk.page\/pt\/wp-json\/wp\/v2\/comments?post=746039"}],"version-history":[{"count":0,"href":"https:\/\/stoic-curie.212-227-153-4.plesk.page\/pt\/wp-json\/wp\/v2\/product\/746039\/revisions"}],"wp:featuredmedia":[{"embeddable":true,"href":"https:\/\/stoic-curie.212-227-153-4.plesk.page\/pt\/wp-json\/wp\/v2\/media\/5936278"}],"wp:attachment":[{"href":"https:\/\/stoic-curie.212-227-153-4.plesk.page\/pt\/wp-json\/wp\/v2\/media?parent=746039"}],"wp:term":[{"taxonomy":"product_brand","embeddable":true,"href":"https:\/\/stoic-curie.212-227-153-4.plesk.page\/pt\/wp-json\/wp\/v2\/product_brand?post=746039"},{"taxonomy":"product_cat","embeddable":true,"href":"https:\/\/stoic-curie.212-227-153-4.plesk.page\/pt\/wp-json\/wp\/v2\/product_cat?post=746039"},{"taxonomy":"product_tag","embeddable":true,"href":"https:\/\/stoic-curie.212-227-153-4.plesk.page\/pt\/wp-json\/wp\/v2\/product_tag?post=746039"}],"curies":[{"name":"wp","href":"https:\/\/api.w.org\/{rel}","templated":true}]}}