{"id":746040,"date":"2025-03-03T20:46:16","date_gmt":"2025-03-03T19:46:16","guid":{"rendered":"https:\/\/stoic-curie.212-227-153-4.plesk.page\/producto\/anti-sifao-vetus-tipo-v-com-valvula-de-pressao-13-19-25-32\/"},"modified":"2026-02-25T00:27:37","modified_gmt":"2026-02-25T00:27:37","slug":"anti-sifao-vetus-tipo-v-com-valvula-de-pressao-13-19-25-32","status":"publish","type":"product","link":"https:\/\/stoic-curie.212-227-153-4.plesk.page\/pt\/product\/anti-sifao-vetus-tipo-v-com-valvula-de-pressao-13-19-25-32\/","title":{"rendered":"Anti-sif\u00e3o Vetus Tipo V Com V\u00e1lvula de press\u00e3o 13\/19\/25\/32"},"content":{"rendered":"<p>Anti-sif\u00e3o Vetus Tipo V Com V\u00e1lvula de press\u00e3o 13\/19\/25\/32 &#8211; <\/p>\n<p>V\u00e1lvulas de ar anti-sif\u00e3o para sistemas de escape abaixo da linha d&#8217;\u00e1gua. Se o ponto onde a \u00e1gua de resfriamento \u00e9 injetada no escape estiver a menos de 15 cm acima da linha d&#8217;\u00e1gua, quando o motor \u00e9 desligado, a \u00e1gua de resfriamento pode entrar no sistema de escape e depois no motor. Este risco pode ser evitado instalando um anti-sif\u00e3o pelo menos a 40 cm acima da linha d&#8217;\u00e1gua.<\/p>\n","protected":false},"excerpt":{"rendered":"<p>Anti-sif\u00e3o Vetus Tipo V Com V\u00e1lvula de press\u00e3o 13\/19\/25\/32 &#8211; V\u00e1lvulas de ar anti-sif\u00e3o para sistemas de escape abaixo da<\/p>\n","protected":false},"featured_media":5936282,"comment_status":"open","ping_status":"closed","template":"","meta":[],"product_brand":[3522],"product_cat":[1948,2081],"product_tag":[],"class_list":{"0":"post-746040","1":"product","2":"type-product","3":"status-publish","4":"has-post-thumbnail","6":"product_brand-vetus-pt","7":"product_cat-acessorios-para-canalizacao-de-plastico","8":"product_cat-silenciadores-de-escape","10":"first","11":"instock","12":"shipping-taxable","13":"purchasable","14":"product-type-simple"},"_links":{"self":[{"href":"https:\/\/stoic-curie.212-227-153-4.plesk.page\/pt\/wp-json\/wp\/v2\/product\/746040","targetHints":{"allow":["GET"]}}],"collection":[{"href":"https:\/\/stoic-curie.212-227-153-4.plesk.page\/pt\/wp-json\/wp\/v2\/product"}],"about":[{"href":"https:\/\/stoic-curie.212-227-153-4.plesk.page\/pt\/wp-json\/wp\/v2\/types\/product"}],"replies":[{"embeddable":true,"href":"https:\/\/stoic-curie.212-227-153-4.plesk.page\/pt\/wp-json\/wp\/v2\/comments?post=746040"}],"version-history":[{"count":0,"href":"https:\/\/stoic-curie.212-227-153-4.plesk.page\/pt\/wp-json\/wp\/v2\/product\/746040\/revisions"}],"wp:featuredmedia":[{"embeddable":true,"href":"https:\/\/stoic-curie.212-227-153-4.plesk.page\/pt\/wp-json\/wp\/v2\/media\/5936282"}],"wp:attachment":[{"href":"https:\/\/stoic-curie.212-227-153-4.plesk.page\/pt\/wp-json\/wp\/v2\/media?parent=746040"}],"wp:term":[{"taxonomy":"product_brand","embeddable":true,"href":"https:\/\/stoic-curie.212-227-153-4.plesk.page\/pt\/wp-json\/wp\/v2\/product_brand?post=746040"},{"taxonomy":"product_cat","embeddable":true,"href":"https:\/\/stoic-curie.212-227-153-4.plesk.page\/pt\/wp-json\/wp\/v2\/product_cat?post=746040"},{"taxonomy":"product_tag","embeddable":true,"href":"https:\/\/stoic-curie.212-227-153-4.plesk.page\/pt\/wp-json\/wp\/v2\/product_tag?post=746040"}],"curies":[{"name":"wp","href":"https:\/\/api.w.org\/{rel}","templated":true}]}}