{"id":746047,"date":"2025-03-03T20:46:20","date_gmt":"2025-03-03T19:46:20","guid":{"rendered":"https:\/\/stoic-curie.212-227-153-4.plesk.page\/producto\/chumaceira-de-latao-com-rebordo-50-x-67-mm\/"},"modified":"2026-02-25T00:27:37","modified_gmt":"2026-02-25T00:27:37","slug":"chumaceira-de-latao-com-rebordo-50-x-67-mm","status":"publish","type":"product","link":"https:\/\/stoic-curie.212-227-153-4.plesk.page\/pt\/product\/chumaceira-de-latao-com-rebordo-50-x-67-mm\/","title":{"rendered":"Chumaceira de lat\u00e3o com Rebordo 50 x 67 mm"},"content":{"rendered":"<p>Chumaceira de lat\u00e3o com Rebordo 50 x 67 mm &#8211; <\/p>\n<p>Cabe\u00e7al astern com rolamento lubrificado com \u00e1gua. Flange ajust\u00e1vel.<\/p>\n","protected":false},"excerpt":{"rendered":"<p>Chumaceira de lat\u00e3o com Rebordo 50 x 67 mm &#8211; Cabe\u00e7al astern com rolamento lubrificado com \u00e1gua. Flange ajust\u00e1vel.<\/p>\n","protected":false},"featured_media":5936285,"comment_status":"open","ping_status":"closed","template":"","meta":[],"product_brand":[2917],"product_cat":[2099],"product_tag":[],"class_list":{"0":"post-746047","1":"product","2":"type-product","3":"status-publish","4":"has-post-thumbnail","6":"product_brand-eliche-radice-pt","7":"product_cat-rolamentos-do-veio-de-propulsao","9":"first","10":"instock","11":"shipping-taxable","12":"purchasable","13":"product-type-simple"},"_links":{"self":[{"href":"https:\/\/stoic-curie.212-227-153-4.plesk.page\/pt\/wp-json\/wp\/v2\/product\/746047","targetHints":{"allow":["GET"]}}],"collection":[{"href":"https:\/\/stoic-curie.212-227-153-4.plesk.page\/pt\/wp-json\/wp\/v2\/product"}],"about":[{"href":"https:\/\/stoic-curie.212-227-153-4.plesk.page\/pt\/wp-json\/wp\/v2\/types\/product"}],"replies":[{"embeddable":true,"href":"https:\/\/stoic-curie.212-227-153-4.plesk.page\/pt\/wp-json\/wp\/v2\/comments?post=746047"}],"version-history":[{"count":0,"href":"https:\/\/stoic-curie.212-227-153-4.plesk.page\/pt\/wp-json\/wp\/v2\/product\/746047\/revisions"}],"wp:featuredmedia":[{"embeddable":true,"href":"https:\/\/stoic-curie.212-227-153-4.plesk.page\/pt\/wp-json\/wp\/v2\/media\/5936285"}],"wp:attachment":[{"href":"https:\/\/stoic-curie.212-227-153-4.plesk.page\/pt\/wp-json\/wp\/v2\/media?parent=746047"}],"wp:term":[{"taxonomy":"product_brand","embeddable":true,"href":"https:\/\/stoic-curie.212-227-153-4.plesk.page\/pt\/wp-json\/wp\/v2\/product_brand?post=746047"},{"taxonomy":"product_cat","embeddable":true,"href":"https:\/\/stoic-curie.212-227-153-4.plesk.page\/pt\/wp-json\/wp\/v2\/product_cat?post=746047"},{"taxonomy":"product_tag","embeddable":true,"href":"https:\/\/stoic-curie.212-227-153-4.plesk.page\/pt\/wp-json\/wp\/v2\/product_tag?post=746047"}],"curies":[{"name":"wp","href":"https:\/\/api.w.org\/{rel}","templated":true}]}}