{"id":746050,"date":"2025-03-03T20:46:21","date_gmt":"2025-03-03T19:46:21","guid":{"rendered":"https:\/\/stoic-curie.212-227-153-4.plesk.page\/producto\/vedacao-elastica-de-veio-30-x-45mm\/"},"modified":"2026-02-25T00:27:37","modified_gmt":"2026-02-25T00:27:37","slug":"vedacao-elastica-de-veio-30-x-45mm","status":"publish","type":"product","link":"https:\/\/stoic-curie.212-227-153-4.plesk.page\/pt\/product\/vedacao-elastica-de-veio-30-x-45mm\/","title":{"rendered":"Veda\u00e7\u00e3o el\u00e1stica de veio 30 x 45mm"},"content":{"rendered":"<p>Veda\u00e7\u00e3o el\u00e1stica de veio 30 x 45mm &#8211; <\/p>\n<p>Eixo de tubo de l\u00e2mina flex\u00edvel com mangueira de borracha.<\/p>\n","protected":false},"excerpt":{"rendered":"<p>Veda\u00e7\u00e3o el\u00e1stica de veio 30 x 45mm &#8211; Eixo de tubo de l\u00e2mina flex\u00edvel com mangueira de borracha.<\/p>\n","protected":false},"featured_media":5936293,"comment_status":"open","ping_status":"closed","template":"","meta":[],"product_brand":[2917],"product_cat":[2095],"product_tag":[],"class_list":{"0":"post-746050","1":"product","2":"type-product","3":"status-publish","4":"has-post-thumbnail","6":"product_brand-eliche-radice-pt","7":"product_cat-vedantes-para-veio-do-helice","9":"first","10":"instock","11":"shipping-taxable","12":"purchasable","13":"product-type-simple"},"_links":{"self":[{"href":"https:\/\/stoic-curie.212-227-153-4.plesk.page\/pt\/wp-json\/wp\/v2\/product\/746050","targetHints":{"allow":["GET"]}}],"collection":[{"href":"https:\/\/stoic-curie.212-227-153-4.plesk.page\/pt\/wp-json\/wp\/v2\/product"}],"about":[{"href":"https:\/\/stoic-curie.212-227-153-4.plesk.page\/pt\/wp-json\/wp\/v2\/types\/product"}],"replies":[{"embeddable":true,"href":"https:\/\/stoic-curie.212-227-153-4.plesk.page\/pt\/wp-json\/wp\/v2\/comments?post=746050"}],"version-history":[{"count":0,"href":"https:\/\/stoic-curie.212-227-153-4.plesk.page\/pt\/wp-json\/wp\/v2\/product\/746050\/revisions"}],"wp:featuredmedia":[{"embeddable":true,"href":"https:\/\/stoic-curie.212-227-153-4.plesk.page\/pt\/wp-json\/wp\/v2\/media\/5936293"}],"wp:attachment":[{"href":"https:\/\/stoic-curie.212-227-153-4.plesk.page\/pt\/wp-json\/wp\/v2\/media?parent=746050"}],"wp:term":[{"taxonomy":"product_brand","embeddable":true,"href":"https:\/\/stoic-curie.212-227-153-4.plesk.page\/pt\/wp-json\/wp\/v2\/product_brand?post=746050"},{"taxonomy":"product_cat","embeddable":true,"href":"https:\/\/stoic-curie.212-227-153-4.plesk.page\/pt\/wp-json\/wp\/v2\/product_cat?post=746050"},{"taxonomy":"product_tag","embeddable":true,"href":"https:\/\/stoic-curie.212-227-153-4.plesk.page\/pt\/wp-json\/wp\/v2\/product_tag?post=746050"}],"curies":[{"name":"wp","href":"https:\/\/api.w.org\/{rel}","templated":true}]}}