{"id":746074,"date":"2025-03-03T20:46:34","date_gmt":"2025-03-03T19:46:34","guid":{"rendered":"https:\/\/stoic-curie.212-227-153-4.plesk.page\/producto\/extensao-telescopica-do-leme-sprenger-90-140mm\/"},"modified":"2026-02-25T00:27:37","modified_gmt":"2026-02-25T00:27:37","slug":"extensao-telescopica-do-leme-sprenger-90-140mm","status":"publish","type":"product","link":"https:\/\/stoic-curie.212-227-153-4.plesk.page\/pt\/product\/extensao-telescopica-do-leme-sprenger-90-140mm\/","title":{"rendered":"Extens\u00e3o telesc\u00f3pica do Leme Sprenger 90-140mm"},"content":{"rendered":"<p>Extens\u00e3o telesc\u00f3pica do Leme Sprenger 90-140mm &#8211; <\/p>\n<p>Extens\u00e3o telesc\u00f3pica ultra leve com acoplamento girat\u00f3rio.<\/p>\n","protected":false},"excerpt":{"rendered":"<p>Extens\u00e3o telesc\u00f3pica do Leme Sprenger 90-140mm &#8211; Extens\u00e3o telesc\u00f3pica ultra leve com acoplamento girat\u00f3rio.<\/p>\n","protected":false},"featured_media":5936394,"comment_status":"open","ping_status":"closed","template":"","meta":[],"product_brand":[3432],"product_cat":[2048],"product_tag":[],"class_list":{"0":"post-746074","1":"product","2":"type-product","3":"status-publish","4":"has-post-thumbnail","6":"product_brand-sprenger-hs-pt","7":"product_cat-extensoes-de-cana-do-leme","9":"first","10":"instock","11":"shipping-taxable","12":"purchasable","13":"product-type-simple"},"_links":{"self":[{"href":"https:\/\/stoic-curie.212-227-153-4.plesk.page\/pt\/wp-json\/wp\/v2\/product\/746074","targetHints":{"allow":["GET"]}}],"collection":[{"href":"https:\/\/stoic-curie.212-227-153-4.plesk.page\/pt\/wp-json\/wp\/v2\/product"}],"about":[{"href":"https:\/\/stoic-curie.212-227-153-4.plesk.page\/pt\/wp-json\/wp\/v2\/types\/product"}],"replies":[{"embeddable":true,"href":"https:\/\/stoic-curie.212-227-153-4.plesk.page\/pt\/wp-json\/wp\/v2\/comments?post=746074"}],"version-history":[{"count":0,"href":"https:\/\/stoic-curie.212-227-153-4.plesk.page\/pt\/wp-json\/wp\/v2\/product\/746074\/revisions"}],"wp:featuredmedia":[{"embeddable":true,"href":"https:\/\/stoic-curie.212-227-153-4.plesk.page\/pt\/wp-json\/wp\/v2\/media\/5936394"}],"wp:attachment":[{"href":"https:\/\/stoic-curie.212-227-153-4.plesk.page\/pt\/wp-json\/wp\/v2\/media?parent=746074"}],"wp:term":[{"taxonomy":"product_brand","embeddable":true,"href":"https:\/\/stoic-curie.212-227-153-4.plesk.page\/pt\/wp-json\/wp\/v2\/product_brand?post=746074"},{"taxonomy":"product_cat","embeddable":true,"href":"https:\/\/stoic-curie.212-227-153-4.plesk.page\/pt\/wp-json\/wp\/v2\/product_cat?post=746074"},{"taxonomy":"product_tag","embeddable":true,"href":"https:\/\/stoic-curie.212-227-153-4.plesk.page\/pt\/wp-json\/wp\/v2\/product_tag?post=746074"}],"curies":[{"name":"wp","href":"https:\/\/api.w.org\/{rel}","templated":true}]}}