{"id":746084,"date":"2025-03-03T20:46:39","date_gmt":"2025-03-03T19:46:39","guid":{"rendered":"https:\/\/stoic-curie.212-227-153-4.plesk.page\/producto\/cabo-dobravel-com-grampo-para-rodasdo-leme\/"},"modified":"2026-02-25T00:27:37","modified_gmt":"2026-02-25T00:27:37","slug":"cabo-dobravel-com-grampo-para-rodasdo-leme","status":"publish","type":"product","link":"https:\/\/stoic-curie.212-227-153-4.plesk.page\/pt\/product\/cabo-dobravel-com-grampo-para-rodasdo-leme\/","title":{"rendered":"Cabo dobr\u00e1vel com grampo para rodasdo leme"},"content":{"rendered":"<p>Cabo dobr\u00e1vel com grampo para rodasdo leme &#8211; <\/p>\n<p>Al\u00e7a dobr\u00e1vel com suporte de grampo para as rodas do timoneiro.<\/p>\n","protected":false},"excerpt":{"rendered":"<p>Cabo dobr\u00e1vel com grampo para rodasdo leme &#8211; Al\u00e7a dobr\u00e1vel com suporte de grampo para as rodas do timoneiro.<\/p>\n","protected":false},"featured_media":5936401,"comment_status":"open","ping_status":"closed","template":"","meta":[],"product_brand":[3332],"product_cat":[2109],"product_tag":[],"class_list":{"0":"post-746084","1":"product","2":"type-product","3":"status-publish","4":"has-post-thumbnail","6":"product_brand-savoretti-pt","7":"product_cat-rodas-de-leme","9":"first","10":"instock","11":"shipping-taxable","12":"purchasable","13":"product-type-simple"},"_links":{"self":[{"href":"https:\/\/stoic-curie.212-227-153-4.plesk.page\/pt\/wp-json\/wp\/v2\/product\/746084","targetHints":{"allow":["GET"]}}],"collection":[{"href":"https:\/\/stoic-curie.212-227-153-4.plesk.page\/pt\/wp-json\/wp\/v2\/product"}],"about":[{"href":"https:\/\/stoic-curie.212-227-153-4.plesk.page\/pt\/wp-json\/wp\/v2\/types\/product"}],"replies":[{"embeddable":true,"href":"https:\/\/stoic-curie.212-227-153-4.plesk.page\/pt\/wp-json\/wp\/v2\/comments?post=746084"}],"version-history":[{"count":0,"href":"https:\/\/stoic-curie.212-227-153-4.plesk.page\/pt\/wp-json\/wp\/v2\/product\/746084\/revisions"}],"wp:featuredmedia":[{"embeddable":true,"href":"https:\/\/stoic-curie.212-227-153-4.plesk.page\/pt\/wp-json\/wp\/v2\/media\/5936401"}],"wp:attachment":[{"href":"https:\/\/stoic-curie.212-227-153-4.plesk.page\/pt\/wp-json\/wp\/v2\/media?parent=746084"}],"wp:term":[{"taxonomy":"product_brand","embeddable":true,"href":"https:\/\/stoic-curie.212-227-153-4.plesk.page\/pt\/wp-json\/wp\/v2\/product_brand?post=746084"},{"taxonomy":"product_cat","embeddable":true,"href":"https:\/\/stoic-curie.212-227-153-4.plesk.page\/pt\/wp-json\/wp\/v2\/product_cat?post=746084"},{"taxonomy":"product_tag","embeddable":true,"href":"https:\/\/stoic-curie.212-227-153-4.plesk.page\/pt\/wp-json\/wp\/v2\/product_tag?post=746084"}],"curies":[{"name":"wp","href":"https:\/\/api.w.org\/{rel}","templated":true}]}}