{"id":746085,"date":"2025-03-03T20:46:40","date_gmt":"2025-03-03T19:46:40","guid":{"rendered":"https:\/\/stoic-curie.212-227-153-4.plesk.page\/producto\/valvula-de-nao-retorno-de-estacao-dupla-vetus-para-mtc52-mtc175\/"},"modified":"2026-02-25T00:27:37","modified_gmt":"2026-02-25T00:27:37","slug":"valvula-de-nao-retorno-de-estacao-dupla-vetus-para-mtc52-mtc175","status":"publish","type":"product","link":"https:\/\/stoic-curie.212-227-153-4.plesk.page\/pt\/product\/valvula-de-nao-retorno-de-estacao-dupla-vetus-para-mtc52-mtc175\/","title":{"rendered":"V\u00e1lvula de n\u00e3o retorno de esta\u00e7\u00e3o dupla Vetus para MTC52 &#038; MTC175"},"content":{"rendered":"<p>V\u00e1lvula de n\u00e3o retorno de esta\u00e7\u00e3o dupla Vetus para MTC52 &#038; MTC175 &#8211; <\/p>\n<p>Pe\u00e7as de reposi\u00e7\u00e3o e acess\u00f3rios para sistemas de dire\u00e7\u00e3o hidr\u00e1ulica Vetus. As v\u00e1lvulas de reten\u00e7\u00e3o tamb\u00e9m s\u00e3o utilizadas em esta\u00e7\u00f5es duplas. As flanges de recesso s\u00e3o de a\u00e7o inoxid\u00e1vel e se encaixam nas bombas Vetus antigas. A torneira de deriva\u00e7\u00e3o \u00e9 montada no sistema hidr\u00e1ulico para ir at\u00e9 o leme.<\/p>\n","protected":false},"excerpt":{"rendered":"<p>V\u00e1lvula de n\u00e3o retorno de esta\u00e7\u00e3o dupla Vetus para MTC52 &#038; MTC175 &#8211; Pe\u00e7as de reposi\u00e7\u00e3o e acess\u00f3rios para sistemas<\/p>\n","protected":false},"featured_media":5936403,"comment_status":"open","ping_status":"closed","template":"","meta":[],"product_brand":[3522],"product_cat":[2110],"product_tag":[],"class_list":{"0":"post-746085","1":"product","2":"type-product","3":"status-publish","4":"has-post-thumbnail","6":"product_brand-vetus-pt","7":"product_cat-direcao-hidraulica","9":"first","10":"instock","11":"shipping-taxable","12":"purchasable","13":"product-type-simple"},"_links":{"self":[{"href":"https:\/\/stoic-curie.212-227-153-4.plesk.page\/pt\/wp-json\/wp\/v2\/product\/746085","targetHints":{"allow":["GET"]}}],"collection":[{"href":"https:\/\/stoic-curie.212-227-153-4.plesk.page\/pt\/wp-json\/wp\/v2\/product"}],"about":[{"href":"https:\/\/stoic-curie.212-227-153-4.plesk.page\/pt\/wp-json\/wp\/v2\/types\/product"}],"replies":[{"embeddable":true,"href":"https:\/\/stoic-curie.212-227-153-4.plesk.page\/pt\/wp-json\/wp\/v2\/comments?post=746085"}],"version-history":[{"count":0,"href":"https:\/\/stoic-curie.212-227-153-4.plesk.page\/pt\/wp-json\/wp\/v2\/product\/746085\/revisions"}],"wp:featuredmedia":[{"embeddable":true,"href":"https:\/\/stoic-curie.212-227-153-4.plesk.page\/pt\/wp-json\/wp\/v2\/media\/5936403"}],"wp:attachment":[{"href":"https:\/\/stoic-curie.212-227-153-4.plesk.page\/pt\/wp-json\/wp\/v2\/media?parent=746085"}],"wp:term":[{"taxonomy":"product_brand","embeddable":true,"href":"https:\/\/stoic-curie.212-227-153-4.plesk.page\/pt\/wp-json\/wp\/v2\/product_brand?post=746085"},{"taxonomy":"product_cat","embeddable":true,"href":"https:\/\/stoic-curie.212-227-153-4.plesk.page\/pt\/wp-json\/wp\/v2\/product_cat?post=746085"},{"taxonomy":"product_tag","embeddable":true,"href":"https:\/\/stoic-curie.212-227-153-4.plesk.page\/pt\/wp-json\/wp\/v2\/product_tag?post=746085"}],"curies":[{"name":"wp","href":"https:\/\/api.w.org\/{rel}","templated":true}]}}