{"id":746086,"date":"2025-03-03T20:46:40","date_gmt":"2025-03-03T19:46:40","guid":{"rendered":"https:\/\/stoic-curie.212-227-153-4.plesk.page\/producto\/comando-da-alavanca-dupla-universal-de-bronze-cromado-para-aceleracao-ou-deslocamento\/"},"modified":"2026-02-25T00:27:37","modified_gmt":"2026-02-25T00:27:37","slug":"comando-da-alavanca-dupla-universal-de-bronze-cromado-para-aceleracao-ou-deslocamento","status":"publish","type":"product","link":"https:\/\/stoic-curie.212-227-153-4.plesk.page\/pt\/product\/comando-da-alavanca-dupla-universal-de-bronze-cromado-para-aceleracao-ou-deslocamento\/","title":{"rendered":"Comando da alavanca dupla universal de bronze cromado para acelera\u00e7\u00e3o ou deslocamento"},"content":{"rendered":"<p>Comando da alavanca dupla universal de bronze cromado para acelera\u00e7\u00e3o ou deslocamento &#8211; <\/p>\n<p>Controle lateral em lat\u00e3o cromado de fun\u00e7\u00e3o \u00fanica com alavanca dupla para controle de acelera\u00e7\u00e3o e mudan\u00e7a. Utiliza cabos C2 \/ C8 \/ C33 \/ MACHZero. Altura total de 270 mm, profundidade de instala\u00e7\u00e3o de 50 mm.<\/p>\n","protected":false},"excerpt":{"rendered":"<p>Comando da alavanca dupla universal de bronze cromado para acelera\u00e7\u00e3o ou deslocamento &#8211; Controle lateral em lat\u00e3o cromado de fun\u00e7\u00e3o<\/p>\n","protected":false},"featured_media":5936406,"comment_status":"open","ping_status":"closed","template":"","meta":[],"product_brand":[3502],"product_cat":[2078],"product_tag":[],"class_list":{"0":"post-746086","1":"product","2":"type-product","3":"status-publish","4":"has-post-thumbnail","6":"product_brand-ultraflex-uflex-pt","7":"product_cat-alavancas-de-controlo","9":"first","10":"instock","11":"shipping-taxable","12":"purchasable","13":"product-type-simple"},"_links":{"self":[{"href":"https:\/\/stoic-curie.212-227-153-4.plesk.page\/pt\/wp-json\/wp\/v2\/product\/746086","targetHints":{"allow":["GET"]}}],"collection":[{"href":"https:\/\/stoic-curie.212-227-153-4.plesk.page\/pt\/wp-json\/wp\/v2\/product"}],"about":[{"href":"https:\/\/stoic-curie.212-227-153-4.plesk.page\/pt\/wp-json\/wp\/v2\/types\/product"}],"replies":[{"embeddable":true,"href":"https:\/\/stoic-curie.212-227-153-4.plesk.page\/pt\/wp-json\/wp\/v2\/comments?post=746086"}],"version-history":[{"count":0,"href":"https:\/\/stoic-curie.212-227-153-4.plesk.page\/pt\/wp-json\/wp\/v2\/product\/746086\/revisions"}],"wp:featuredmedia":[{"embeddable":true,"href":"https:\/\/stoic-curie.212-227-153-4.plesk.page\/pt\/wp-json\/wp\/v2\/media\/5936406"}],"wp:attachment":[{"href":"https:\/\/stoic-curie.212-227-153-4.plesk.page\/pt\/wp-json\/wp\/v2\/media?parent=746086"}],"wp:term":[{"taxonomy":"product_brand","embeddable":true,"href":"https:\/\/stoic-curie.212-227-153-4.plesk.page\/pt\/wp-json\/wp\/v2\/product_brand?post=746086"},{"taxonomy":"product_cat","embeddable":true,"href":"https:\/\/stoic-curie.212-227-153-4.plesk.page\/pt\/wp-json\/wp\/v2\/product_cat?post=746086"},{"taxonomy":"product_tag","embeddable":true,"href":"https:\/\/stoic-curie.212-227-153-4.plesk.page\/pt\/wp-json\/wp\/v2\/product_tag?post=746086"}],"curies":[{"name":"wp","href":"https:\/\/api.w.org\/{rel}","templated":true}]}}