{"id":746087,"date":"2025-03-03T20:46:41","date_gmt":"2025-03-03T19:46:41","guid":{"rendered":"https:\/\/stoic-curie.212-227-153-4.plesk.page\/producto\/alavancas-morse-teleflex-700ss\/"},"modified":"2026-02-25T00:27:37","modified_gmt":"2026-02-25T00:27:37","slug":"alavancas-morse-teleflex-700ss","status":"publish","type":"product","link":"https:\/\/stoic-curie.212-227-153-4.plesk.page\/pt\/product\/alavancas-morse-teleflex-700ss\/","title":{"rendered":"Alavancas Morse Teleflex 700SS"},"content":{"rendered":"<p>Alavancas Morse Teleflex 700SS &#8211; <\/p>\n<p>Controle de lado de a\u00e7\u00e3o dupla com alavanca \u00fanica para controle de acelera\u00e7\u00e3o e mudan\u00e7a para motores internos. Equipado de s\u00e9rie nos motores Volvo e Vetus. Utiliza cabos de controle C2 \/ C8 \/ C33 \/ MACHZero.<\/p>\n","protected":false},"excerpt":{"rendered":"<p>Alavancas Morse Teleflex 700SS &#8211; Controle de lado de a\u00e7\u00e3o dupla com alavanca \u00fanica para controle de acelera\u00e7\u00e3o e mudan\u00e7a<\/p>\n","protected":false},"featured_media":5936407,"comment_status":"open","ping_status":"closed","template":"","meta":[],"product_brand":[3362],"product_cat":[2078],"product_tag":[],"class_list":{"0":"post-746087","1":"product","2":"type-product","3":"status-publish","4":"has-post-thumbnail","6":"product_brand-seastar-teleflex-pt","7":"product_cat-alavancas-de-controlo","9":"first","10":"instock","11":"shipping-taxable","12":"purchasable","13":"product-type-simple"},"_links":{"self":[{"href":"https:\/\/stoic-curie.212-227-153-4.plesk.page\/pt\/wp-json\/wp\/v2\/product\/746087","targetHints":{"allow":["GET"]}}],"collection":[{"href":"https:\/\/stoic-curie.212-227-153-4.plesk.page\/pt\/wp-json\/wp\/v2\/product"}],"about":[{"href":"https:\/\/stoic-curie.212-227-153-4.plesk.page\/pt\/wp-json\/wp\/v2\/types\/product"}],"replies":[{"embeddable":true,"href":"https:\/\/stoic-curie.212-227-153-4.plesk.page\/pt\/wp-json\/wp\/v2\/comments?post=746087"}],"version-history":[{"count":0,"href":"https:\/\/stoic-curie.212-227-153-4.plesk.page\/pt\/wp-json\/wp\/v2\/product\/746087\/revisions"}],"wp:featuredmedia":[{"embeddable":true,"href":"https:\/\/stoic-curie.212-227-153-4.plesk.page\/pt\/wp-json\/wp\/v2\/media\/5936407"}],"wp:attachment":[{"href":"https:\/\/stoic-curie.212-227-153-4.plesk.page\/pt\/wp-json\/wp\/v2\/media?parent=746087"}],"wp:term":[{"taxonomy":"product_brand","embeddable":true,"href":"https:\/\/stoic-curie.212-227-153-4.plesk.page\/pt\/wp-json\/wp\/v2\/product_brand?post=746087"},{"taxonomy":"product_cat","embeddable":true,"href":"https:\/\/stoic-curie.212-227-153-4.plesk.page\/pt\/wp-json\/wp\/v2\/product_cat?post=746087"},{"taxonomy":"product_tag","embeddable":true,"href":"https:\/\/stoic-curie.212-227-153-4.plesk.page\/pt\/wp-json\/wp\/v2\/product_tag?post=746087"}],"curies":[{"name":"wp","href":"https:\/\/api.w.org\/{rel}","templated":true}]}}