{"id":746088,"date":"2025-03-03T20:46:42","date_gmt":"2025-03-03T19:46:42","guid":{"rendered":"https:\/\/stoic-curie.212-227-153-4.plesk.page\/producto\/propulsor-de-proa-vetus-35-kgf-12v\/"},"modified":"2026-02-25T00:27:37","modified_gmt":"2026-02-25T00:27:37","slug":"propulsor-de-proa-vetus-35-kgf-12v","status":"publish","type":"product","link":"https:\/\/stoic-curie.212-227-153-4.plesk.page\/pt\/product\/propulsor-de-proa-vetus-35-kgf-12v\/","title":{"rendered":"Propulsor de Proa Vetus 35 Kgf 12v"},"content":{"rendered":"<p>Propulsor de Proa Vetus 35 Kgf 12v &#8211; <\/p>\n<p>O propulsor de proa Vetus BOW3512E 35Kgf \u00e9 projetado para iates e barcos motorizados de at\u00e9 10 metros (33 p\u00e9s) de comprimento. \u00c9 fabricado com materiais de alta qualidade, garantindo um desempenho poderoso e uma longa vida \u00fatil.<\/p>\n<p> Esta unidade de 35Kgf se destaca como um dos poucos propulsores em sua categoria com um t\u00fanel de 150 mm de di\u00e2metro, facilitando a instala\u00e7\u00e3o em compara\u00e7\u00e3o com concorrentes que usam unidades padr\u00e3o de 185 mm.<\/p>\n<p>As principais caracter\u00edsticas do propulsor Vetus incluem:<\/p>\n<ul>\n<li>Uma acoplamento flex\u00edvel entre a pe\u00e7a traseira e o motor que reduz vibra\u00e7\u00f5es.<\/li>\n<li>Um motor energeticamente eficiente para melhor desempenho.<\/li>\n<li>Processo de instala\u00e7\u00e3o simples.<\/li>\n<li>Uma \u00fanica h\u00e9lice que minimiza a perturba\u00e7\u00e3o do fluxo no t\u00fanel.<\/li>\n<li>Um design exclusivo da l\u00e2mina da h\u00e9lice que reduz o ru\u00eddo de cavita\u00e7\u00e3o.<\/li>\n<li>Uma h\u00e9lice sint\u00e9tica forte que resiste \u00e0 corros\u00e3o e \u00e9 leve.<\/li>\n<li>Engrenagens em espiral que reduzem o ru\u00eddo da transmiss\u00e3o.<\/li>\n<li>Cumprimento dos requisitos EMC.<\/li>\n<\/ul>\n<p>A unidade vem com um fus\u00edvel e um suporte para fus\u00edveis.<\/p>\n<p>As vantagens de um propulsor Vetus s\u00e3o:<\/p>\n<ul>\n<li>Um motor 12V DC de alta qualidade e alta capacidade.<\/li>\n<li>Um p\u00e9 inferior aerodin\u00e2mico de bronze para maior efici\u00eancia.<\/li>\n<li>Uma \u00fanica h\u00e9lice de 6 l\u00e2minas, projetada em colabora\u00e7\u00e3o com MARIN, que proporciona 9% mais empuxo, igual em ambas as dire\u00e7\u00f5es, reduzindo a cavita\u00e7\u00e3o e o ru\u00eddo do t\u00fanel.<\/li>\n<li>Uma articula\u00e7\u00e3o de acionamento flex\u00edvel que elimina a necessidade de um pino de cisalhamento.<\/li>\n<li>Op\u00e7\u00f5es de controle para m\u00faltiplas esta\u00e7\u00f5es com fia\u00e7\u00e3o simples.<\/li>\n<li>Uma forte reputa\u00e7\u00e3o mundial.<\/li>\n<\/ul>\n<p>Especifica\u00e7\u00f5es:<\/p>\n<ul>\n<li>Empuxo: 35 Kgf<\/li>\n<li>Poder: 1,5 kW (2 hp)<\/li>\n<li>Motor DC revers\u00edvel: Sim<\/li>\n<li>Di\u00e2metro interno do t\u00fanel: 150 mm<\/li>\n<li>Peso (excluindo t\u00fanel): 12 kg<\/li>\n<li>Consumo de corrente: 205 Amps<\/li>\n<li>Tempo de opera\u00e7\u00e3o m\u00e1ximo: 4 minutos<\/li>\n<li>Fus\u00edvel principal (lento): 160 Amps<\/li>\n<li>Capacidade da bateria (Ah Min\/Max): 1 x 55 \/ 1 x 108<\/li>\n<li>Cabo de bateria: 0-11\/35 m\/mm\u00b2<\/li>\n<li>Interruptor de bateria: 250<\/li>\n<\/ul>\n<p>Este propulsor de proa combina qualidade e desempenho, tornando-o uma excelente escolha para os entusiastas de barcos.<\/p>\n","protected":false},"excerpt":{"rendered":"<p>Propulsor de Proa Vetus 35 Kgf 12v &#8211; O propulsor de proa Vetus BOW3512E 35Kgf \u00e9 projetado para iates e<\/p>\n","protected":false},"featured_media":5936409,"comment_status":"open","ping_status":"closed","template":"","meta":[],"product_brand":[3522],"product_cat":[1896],"product_tag":[],"class_list":{"0":"post-746088","1":"product","2":"type-product","3":"status-publish","4":"has-post-thumbnail","6":"product_brand-vetus-pt","7":"product_cat-propulsores-de-proa-vetus","9":"first","10":"instock","11":"shipping-taxable","12":"purchasable","13":"product-type-simple"},"_links":{"self":[{"href":"https:\/\/stoic-curie.212-227-153-4.plesk.page\/pt\/wp-json\/wp\/v2\/product\/746088","targetHints":{"allow":["GET"]}}],"collection":[{"href":"https:\/\/stoic-curie.212-227-153-4.plesk.page\/pt\/wp-json\/wp\/v2\/product"}],"about":[{"href":"https:\/\/stoic-curie.212-227-153-4.plesk.page\/pt\/wp-json\/wp\/v2\/types\/product"}],"replies":[{"embeddable":true,"href":"https:\/\/stoic-curie.212-227-153-4.plesk.page\/pt\/wp-json\/wp\/v2\/comments?post=746088"}],"version-history":[{"count":0,"href":"https:\/\/stoic-curie.212-227-153-4.plesk.page\/pt\/wp-json\/wp\/v2\/product\/746088\/revisions"}],"wp:featuredmedia":[{"embeddable":true,"href":"https:\/\/stoic-curie.212-227-153-4.plesk.page\/pt\/wp-json\/wp\/v2\/media\/5936409"}],"wp:attachment":[{"href":"https:\/\/stoic-curie.212-227-153-4.plesk.page\/pt\/wp-json\/wp\/v2\/media?parent=746088"}],"wp:term":[{"taxonomy":"product_brand","embeddable":true,"href":"https:\/\/stoic-curie.212-227-153-4.plesk.page\/pt\/wp-json\/wp\/v2\/product_brand?post=746088"},{"taxonomy":"product_cat","embeddable":true,"href":"https:\/\/stoic-curie.212-227-153-4.plesk.page\/pt\/wp-json\/wp\/v2\/product_cat?post=746088"},{"taxonomy":"product_tag","embeddable":true,"href":"https:\/\/stoic-curie.212-227-153-4.plesk.page\/pt\/wp-json\/wp\/v2\/product_tag?post=746088"}],"curies":[{"name":"wp","href":"https:\/\/api.w.org\/{rel}","templated":true}]}}