{"id":746095,"date":"2025-03-03T20:46:46","date_gmt":"2025-03-03T19:46:46","guid":{"rendered":"https:\/\/stoic-curie.212-227-153-4.plesk.page\/producto\/oleo-de-teca-startbrite-gold-38-lt\/"},"modified":"2026-02-25T00:27:37","modified_gmt":"2026-02-25T00:27:37","slug":"oleo-de-teca-startbrite-gold-38-lt","status":"publish","type":"product","link":"https:\/\/stoic-curie.212-227-153-4.plesk.page\/pt\/product\/oleo-de-teca-startbrite-gold-38-lt\/","title":{"rendered":"\u00d3leo de teca Startbrite Gold 3,8 LT"},"content":{"rendered":"<p>\u00d3leo de teca Startbrite Gold 3,8 LT &#8211; <\/p>\n<p>\u2022 Prote\u00e7\u00e3o extra duradoura para teca  \u2022 Confere \u00e0 teca uma cor dourada quente e natural  \u2022 F\u00e1cil de usar, de secagem r\u00e1pida  \u2022 Protege contra os raios ultravioleta  \u2022 F\u00f3rmula avan\u00e7ada de pol\u00edmero de \u00f3leo de Tung  \u2022 \u00d3leo de teca classificado como o n\u00ba 1 em testes independentes  \u2022 Dura 6 vezes mais que os \u00f3leos de teca padr\u00e3o<\/p>\n","protected":false},"excerpt":{"rendered":"<p>\u00d3leo de teca Startbrite Gold 3,8 LT &#8211; \u2022 Prote\u00e7\u00e3o extra duradoura para teca \u2022 Confere \u00e0 teca uma cor<\/p>\n","protected":false},"featured_media":5936420,"comment_status":"open","ping_status":"closed","template":"","meta":[],"product_brand":[3437],"product_cat":[1912],"product_tag":[],"class_list":{"0":"post-746095","1":"product","2":"type-product","3":"status-publish","4":"has-post-thumbnail","6":"product_brand-starbrite-pt","7":"product_cat-verniz-e-oleo-para-teca","9":"first","10":"instock","11":"shipping-taxable","12":"purchasable","13":"product-type-simple"},"_links":{"self":[{"href":"https:\/\/stoic-curie.212-227-153-4.plesk.page\/pt\/wp-json\/wp\/v2\/product\/746095","targetHints":{"allow":["GET"]}}],"collection":[{"href":"https:\/\/stoic-curie.212-227-153-4.plesk.page\/pt\/wp-json\/wp\/v2\/product"}],"about":[{"href":"https:\/\/stoic-curie.212-227-153-4.plesk.page\/pt\/wp-json\/wp\/v2\/types\/product"}],"replies":[{"embeddable":true,"href":"https:\/\/stoic-curie.212-227-153-4.plesk.page\/pt\/wp-json\/wp\/v2\/comments?post=746095"}],"version-history":[{"count":0,"href":"https:\/\/stoic-curie.212-227-153-4.plesk.page\/pt\/wp-json\/wp\/v2\/product\/746095\/revisions"}],"wp:featuredmedia":[{"embeddable":true,"href":"https:\/\/stoic-curie.212-227-153-4.plesk.page\/pt\/wp-json\/wp\/v2\/media\/5936420"}],"wp:attachment":[{"href":"https:\/\/stoic-curie.212-227-153-4.plesk.page\/pt\/wp-json\/wp\/v2\/media?parent=746095"}],"wp:term":[{"taxonomy":"product_brand","embeddable":true,"href":"https:\/\/stoic-curie.212-227-153-4.plesk.page\/pt\/wp-json\/wp\/v2\/product_brand?post=746095"},{"taxonomy":"product_cat","embeddable":true,"href":"https:\/\/stoic-curie.212-227-153-4.plesk.page\/pt\/wp-json\/wp\/v2\/product_cat?post=746095"},{"taxonomy":"product_tag","embeddable":true,"href":"https:\/\/stoic-curie.212-227-153-4.plesk.page\/pt\/wp-json\/wp\/v2\/product_tag?post=746095"}],"curies":[{"name":"wp","href":"https:\/\/api.w.org\/{rel}","templated":true}]}}