{"id":746096,"date":"2025-03-03T20:46:47","date_gmt":"2025-03-03T19:46:47","guid":{"rendered":"https:\/\/stoic-curie.212-227-153-4.plesk.page\/producto\/cabecos-duplo-amarracao-200mm-bronze-polido\/"},"modified":"2026-02-25T00:27:38","modified_gmt":"2026-02-25T00:27:38","slug":"cabecos-duplo-amarracao-200mm-bronze-polido","status":"publish","type":"product","link":"https:\/\/stoic-curie.212-227-153-4.plesk.page\/pt\/product\/cabecos-duplo-amarracao-200mm-bronze-polido\/","title":{"rendered":"Cabe\u00e7os Duplo Amarra\u00e7\u00e3o 200mm Bronze Polido"},"content":{"rendered":"<p>Cabe\u00e7os Duplo Amarra\u00e7\u00e3o 200mm Bronze Polido &#8211; <\/p>\n<p>Bollards de amarra\u00e7\u00e3o em bronze polido com eixo angulado cl\u00e1ssico.<\/p>\n","protected":false},"excerpt":{"rendered":"<p>Cabe\u00e7os Duplo Amarra\u00e7\u00e3o 200mm Bronze Polido &#8211; Bollards de amarra\u00e7\u00e3o em bronze polido com eixo angulado cl\u00e1ssico.<\/p>\n","protected":false},"featured_media":5936421,"comment_status":"open","ping_status":"closed","template":"","meta":[],"product_brand":[2947,2172],"product_cat":[1999],"product_tag":[],"class_list":{"0":"post-746096","1":"product","2":"type-product","3":"status-publish","4":"has-post-thumbnail","6":"product_brand-foresti-suardi-pt","7":"product_brand-nova-argonautica","8":"product_cat-cabecos-e-malaguetas","10":"first","11":"instock","12":"shipping-taxable","13":"purchasable","14":"product-type-simple"},"_links":{"self":[{"href":"https:\/\/stoic-curie.212-227-153-4.plesk.page\/pt\/wp-json\/wp\/v2\/product\/746096","targetHints":{"allow":["GET"]}}],"collection":[{"href":"https:\/\/stoic-curie.212-227-153-4.plesk.page\/pt\/wp-json\/wp\/v2\/product"}],"about":[{"href":"https:\/\/stoic-curie.212-227-153-4.plesk.page\/pt\/wp-json\/wp\/v2\/types\/product"}],"replies":[{"embeddable":true,"href":"https:\/\/stoic-curie.212-227-153-4.plesk.page\/pt\/wp-json\/wp\/v2\/comments?post=746096"}],"version-history":[{"count":0,"href":"https:\/\/stoic-curie.212-227-153-4.plesk.page\/pt\/wp-json\/wp\/v2\/product\/746096\/revisions"}],"wp:featuredmedia":[{"embeddable":true,"href":"https:\/\/stoic-curie.212-227-153-4.plesk.page\/pt\/wp-json\/wp\/v2\/media\/5936421"}],"wp:attachment":[{"href":"https:\/\/stoic-curie.212-227-153-4.plesk.page\/pt\/wp-json\/wp\/v2\/media?parent=746096"}],"wp:term":[{"taxonomy":"product_brand","embeddable":true,"href":"https:\/\/stoic-curie.212-227-153-4.plesk.page\/pt\/wp-json\/wp\/v2\/product_brand?post=746096"},{"taxonomy":"product_cat","embeddable":true,"href":"https:\/\/stoic-curie.212-227-153-4.plesk.page\/pt\/wp-json\/wp\/v2\/product_cat?post=746096"},{"taxonomy":"product_tag","embeddable":true,"href":"https:\/\/stoic-curie.212-227-153-4.plesk.page\/pt\/wp-json\/wp\/v2\/product_tag?post=746096"}],"curies":[{"name":"wp","href":"https:\/\/api.w.org\/{rel}","templated":true}]}}