{"id":746099,"date":"2025-03-03T20:46:48","date_gmt":"2025-03-03T19:46:48","guid":{"rendered":"https:\/\/stoic-curie.212-227-153-4.plesk.page\/producto\/ancora-hall-aco-galvanizado-18kg\/"},"modified":"2026-02-25T00:27:38","modified_gmt":"2026-02-25T00:27:38","slug":"ancora-hall-aco-galvanizado-18kg","status":"publish","type":"product","link":"https:\/\/stoic-curie.212-227-153-4.plesk.page\/pt\/product\/ancora-hall-aco-galvanizado-18kg\/","title":{"rendered":"\u00c2ncora Hall 18kg"},"content":{"rendered":"<p>\u00c2ncora Hall 18kg &#8211; <\/p>\n<p>O \u00e2ncora Hall, tamb\u00e9m conhecido como o modelo de \u00e2ncora da almirantado, \u00e9 uma escolha cl\u00e1ssica que se encaixa perfeitamente no hawsehole. Tem um design elegante e um eixo forte, feito de a\u00e7o fundido resistente e galvanizado a quente para ajudar a prolongar sua vida \u00fatil. Esta \u00e2ncora confi\u00e1vel \u00e9 bem conhecida no mundo mar\u00edtimo por manter grandes embarca\u00e7\u00f5es, navios e barcos seguros em portos, marinas e pontos de ancoragem offshore.<\/p>\n<p>Originalmente criada no s\u00e9culo XIX para uso naval, a \u00e2ncora Hall continua a ser uma escolha popular hoje, devido ao seu impressionante poder de fixa\u00e7\u00e3o e sua capacidade de se enterrar bem em diferentes fundos marinhos. Funciona muito bem para sistemas de ancoragem permanentes e semi-permanentes, lidando com superf\u00edcies arenosas, lamacentas ou rochosas com destreza. Essa versatilidade faz dela uma op\u00e7\u00e3o fant\u00e1stica para atividades mar\u00edtimas comerciais e industriais.<\/p>\n<p>Ent\u00e3o, quer voc\u00ea esteja instalando uma b\u00f3ia de ancoragem, segurando um grande navio comercial ou gerenciando um movimentado estaleiro ou porto, a \u00e2ncora Hall tem tudo coberto com uma s\u00f3lida estabilidade e seguran\u00e7a.<\/p>\n<p><strong>Caracter\u00edsticas principais:<\/strong><\/p>\n<ul>\n<li>Design cl\u00e1ssico de padr\u00e3o de almirantado para for\u00e7a e confiabilidade<\/li>\n<li>Ideal para ancorar grandes barcos, navios e embarca\u00e7\u00f5es comerciais<\/li>\n<li>Funciona bem em sistemas de ancoragem permanentes e semi-permanentes<\/li>\n<li>Eficiente em fundos rochosos, arenosos e lamacentos<\/li>\n<li>Constru\u00e7\u00e3o robusta com acabamento galvanizado para combater a corros\u00e3o<\/li>\n<li>Dispon\u00edvel em v\u00e1rios tamanhos<\/li>\n<\/ul>\n","protected":false},"excerpt":{"rendered":"<p>\u00c2ncora Hall 18kg &#8211; O \u00e2ncora Hall, tamb\u00e9m conhecido como o modelo de \u00e2ncora da almirantado, \u00e9 uma escolha cl\u00e1ssica<\/p>\n","protected":false},"featured_media":5936428,"comment_status":"open","ping_status":"closed","template":"","meta":[],"product_brand":[3087],"product_cat":[2151],"product_tag":[],"class_list":{"0":"post-746099","1":"product","2":"type-product","3":"status-publish","4":"has-post-thumbnail","6":"product_brand-maggigroup-pt","7":"product_cat-ancoras-hall","9":"first","10":"instock","11":"shipping-taxable","12":"purchasable","13":"product-type-simple"},"_links":{"self":[{"href":"https:\/\/stoic-curie.212-227-153-4.plesk.page\/pt\/wp-json\/wp\/v2\/product\/746099","targetHints":{"allow":["GET"]}}],"collection":[{"href":"https:\/\/stoic-curie.212-227-153-4.plesk.page\/pt\/wp-json\/wp\/v2\/product"}],"about":[{"href":"https:\/\/stoic-curie.212-227-153-4.plesk.page\/pt\/wp-json\/wp\/v2\/types\/product"}],"replies":[{"embeddable":true,"href":"https:\/\/stoic-curie.212-227-153-4.plesk.page\/pt\/wp-json\/wp\/v2\/comments?post=746099"}],"version-history":[{"count":0,"href":"https:\/\/stoic-curie.212-227-153-4.plesk.page\/pt\/wp-json\/wp\/v2\/product\/746099\/revisions"}],"wp:featuredmedia":[{"embeddable":true,"href":"https:\/\/stoic-curie.212-227-153-4.plesk.page\/pt\/wp-json\/wp\/v2\/media\/5936428"}],"wp:attachment":[{"href":"https:\/\/stoic-curie.212-227-153-4.plesk.page\/pt\/wp-json\/wp\/v2\/media?parent=746099"}],"wp:term":[{"taxonomy":"product_brand","embeddable":true,"href":"https:\/\/stoic-curie.212-227-153-4.plesk.page\/pt\/wp-json\/wp\/v2\/product_brand?post=746099"},{"taxonomy":"product_cat","embeddable":true,"href":"https:\/\/stoic-curie.212-227-153-4.plesk.page\/pt\/wp-json\/wp\/v2\/product_cat?post=746099"},{"taxonomy":"product_tag","embeddable":true,"href":"https:\/\/stoic-curie.212-227-153-4.plesk.page\/pt\/wp-json\/wp\/v2\/product_tag?post=746099"}],"curies":[{"name":"wp","href":"https:\/\/api.w.org\/{rel}","templated":true}]}}