{"id":746102,"date":"2025-03-03T20:46:50","date_gmt":"2025-03-03T19:46:50","guid":{"rendered":"https:\/\/stoic-curie.212-227-153-4.plesk.page\/producto\/ancora-hall-aco-galvanizado-48kg\/"},"modified":"2026-02-25T00:27:38","modified_gmt":"2026-02-25T00:27:38","slug":"ancora-hall-aco-galvanizado-48kg","status":"publish","type":"product","link":"https:\/\/stoic-curie.212-227-153-4.plesk.page\/pt\/product\/ancora-hall-aco-galvanizado-48kg\/","title":{"rendered":"\u00c2ncora Hall 48kg"},"content":{"rendered":"<p>\u00c2ncora Hall 48kg &#8211; <\/p>\n<p style=\"color: rgb(34, 34, 34); font-family: Arial, Helvetica, sans-serif; font-size: small;\">O \u00e2ncora Hall, frequentemente referido como o \u00e2ncora do Padr\u00e3o da Marinha, \u00e9 um \u00e2ncora atemporal projetada para se encaixar perfeitamente no hawsehole. Possui um design gracioso e um eixo robusto, fabricado em a\u00e7o fundido resistente e galvanizado a quente para melhorar sua durabilidade. Este design confi\u00e1vel \u00e9 amplamente reconhecido no setor mar\u00edtimo para segurar grandes embarca\u00e7\u00f5es, navios e iates em portos, marinas e sistemas de amarra\u00e7\u00e3o em alto-mar.<\/p>\n<p style=\"color: rgb(34, 34, 34); font-family: Arial, Helvetica, sans-serif; font-size: small;\">Desenvolvido inicialmente no s\u00e9culo XIX para aplica\u00e7\u00f5es navais, o \u00e2ncora Hall continua sendo uma op\u00e7\u00e3o preferida hoje devido \u00e0 sua impressionante for\u00e7a de ancoragem e sua capacidade de se enterrar efetivamente em v\u00e1rios tipos de fundos marinhos. \u00c9 adequado tanto para amarra\u00e7\u00f5es permanentes quanto semi-permanentes, desempenho excepcionalmente bem em superf\u00edcies arenosas, lamacentas ou rochosas. Esta adaptabilidade torna-o uma excelente escolha para atividades mar\u00edtimas comerciais e industriais.<\/p>\n<p style=\"color: rgb(34, 34, 34); font-family: Arial, Helvetica, sans-serif; font-size: small;\">Se voc\u00ea est\u00e1 estabelecendo uma boya de amarra\u00e7\u00e3o, garantindo um grande navio comercial ou supervisionando opera\u00e7\u00f5es em um movimentado estaleiro ou porto, o \u00e2ncora Hall oferece estabilidade e seguran\u00e7a duradouras.<\/p>\n<p style=\"color: rgb(34, 34, 34); font-family: Arial, Helvetica, sans-serif; font-size: small;\"><strong>Caracter\u00edsticas Principais:<\/strong><\/p>\n<ul style=\"color: rgb(34, 34, 34); font-family: Arial, Helvetica, sans-serif; font-size: small;\">\n<li>Design cl\u00e1ssico do Padr\u00e3o da Marinha para for\u00e7a e confiabilidade ideais<\/li>\n<li>Perfeito para amarrar grandes barcos, navios e embarca\u00e7\u00f5es comerciais<\/li>\n<li>Adequado para sistemas de amarra\u00e7\u00e3o permanentes e semi-permanentes<\/li>\n<li>Eficaz em fundos marinhos rochosos, arenosos e lamacentos<\/li>\n<li>Constru\u00e7\u00e3o resistente com acabamento galvanizado para resist\u00eancia \u00e0 corros\u00e3o<\/li>\n<li>Dispon\u00edvel em v\u00e1rios tamanhos<\/li>\n<\/ul>\n","protected":false},"excerpt":{"rendered":"<p>\u00c2ncora Hall 48kg &#8211; O \u00e2ncora Hall, frequentemente referido como o \u00e2ncora do Padr\u00e3o da Marinha, \u00e9 um \u00e2ncora atemporal<\/p>\n","protected":false},"featured_media":5936428,"comment_status":"open","ping_status":"closed","template":"","meta":[],"product_brand":[3087],"product_cat":[2151],"product_tag":[],"class_list":{"0":"post-746102","1":"product","2":"type-product","3":"status-publish","4":"has-post-thumbnail","6":"product_brand-maggigroup-pt","7":"product_cat-ancoras-hall","9":"first","10":"instock","11":"shipping-taxable","12":"purchasable","13":"product-type-simple"},"_links":{"self":[{"href":"https:\/\/stoic-curie.212-227-153-4.plesk.page\/pt\/wp-json\/wp\/v2\/product\/746102","targetHints":{"allow":["GET"]}}],"collection":[{"href":"https:\/\/stoic-curie.212-227-153-4.plesk.page\/pt\/wp-json\/wp\/v2\/product"}],"about":[{"href":"https:\/\/stoic-curie.212-227-153-4.plesk.page\/pt\/wp-json\/wp\/v2\/types\/product"}],"replies":[{"embeddable":true,"href":"https:\/\/stoic-curie.212-227-153-4.plesk.page\/pt\/wp-json\/wp\/v2\/comments?post=746102"}],"version-history":[{"count":0,"href":"https:\/\/stoic-curie.212-227-153-4.plesk.page\/pt\/wp-json\/wp\/v2\/product\/746102\/revisions"}],"wp:featuredmedia":[{"embeddable":true,"href":"https:\/\/stoic-curie.212-227-153-4.plesk.page\/pt\/wp-json\/wp\/v2\/media\/5936428"}],"wp:attachment":[{"href":"https:\/\/stoic-curie.212-227-153-4.plesk.page\/pt\/wp-json\/wp\/v2\/media?parent=746102"}],"wp:term":[{"taxonomy":"product_brand","embeddable":true,"href":"https:\/\/stoic-curie.212-227-153-4.plesk.page\/pt\/wp-json\/wp\/v2\/product_brand?post=746102"},{"taxonomy":"product_cat","embeddable":true,"href":"https:\/\/stoic-curie.212-227-153-4.plesk.page\/pt\/wp-json\/wp\/v2\/product_cat?post=746102"},{"taxonomy":"product_tag","embeddable":true,"href":"https:\/\/stoic-curie.212-227-153-4.plesk.page\/pt\/wp-json\/wp\/v2\/product_tag?post=746102"}],"curies":[{"name":"wp","href":"https:\/\/api.w.org\/{rel}","templated":true}]}}