{"id":746105,"date":"2025-03-03T20:46:51","date_gmt":"2025-03-03T19:46:51","guid":{"rendered":"https:\/\/stoic-curie.212-227-153-4.plesk.page\/producto\/cunhos-de-amarracao-de-aluminio-sprenger-classic-260mm\/"},"modified":"2026-02-25T00:27:38","modified_gmt":"2026-02-25T00:27:38","slug":"cunhos-de-amarracao-de-aluminio-sprenger-classic-260mm","status":"publish","type":"product","link":"https:\/\/stoic-curie.212-227-153-4.plesk.page\/pt\/product\/cunhos-de-amarracao-de-aluminio-sprenger-classic-260mm\/","title":{"rendered":"Cunhos de Amarra\u00e7\u00e3o de Alum\u00ednio Sprenger Classic 260mm"},"content":{"rendered":"<p>Cunhos de Amarra\u00e7\u00e3o de Alum\u00ednio Sprenger Classic 260mm &#8211; <\/p>\n<p>Qualidade excepcional e acabamento de cleat de alum\u00ednio anodizado HS em forma de bigorna plana. 4 furos de montagem com base oca.<\/p>\n","protected":false},"excerpt":{"rendered":"<p>Cunhos de Amarra\u00e7\u00e3o de Alum\u00ednio Sprenger Classic 260mm &#8211; Qualidade excepcional e acabamento de cleat de alum\u00ednio anodizado HS em<\/p>\n","protected":false},"featured_media":5936433,"comment_status":"open","ping_status":"closed","template":"","meta":[],"product_brand":[3432],"product_cat":[1991],"product_tag":[],"class_list":{"0":"post-746105","1":"product","2":"type-product","3":"status-publish","4":"has-post-thumbnail","6":"product_brand-sprenger-hs-pt","7":"product_cat-cunhos","9":"first","10":"instock","11":"shipping-taxable","12":"purchasable","13":"product-type-simple"},"_links":{"self":[{"href":"https:\/\/stoic-curie.212-227-153-4.plesk.page\/pt\/wp-json\/wp\/v2\/product\/746105","targetHints":{"allow":["GET"]}}],"collection":[{"href":"https:\/\/stoic-curie.212-227-153-4.plesk.page\/pt\/wp-json\/wp\/v2\/product"}],"about":[{"href":"https:\/\/stoic-curie.212-227-153-4.plesk.page\/pt\/wp-json\/wp\/v2\/types\/product"}],"replies":[{"embeddable":true,"href":"https:\/\/stoic-curie.212-227-153-4.plesk.page\/pt\/wp-json\/wp\/v2\/comments?post=746105"}],"version-history":[{"count":0,"href":"https:\/\/stoic-curie.212-227-153-4.plesk.page\/pt\/wp-json\/wp\/v2\/product\/746105\/revisions"}],"wp:featuredmedia":[{"embeddable":true,"href":"https:\/\/stoic-curie.212-227-153-4.plesk.page\/pt\/wp-json\/wp\/v2\/media\/5936433"}],"wp:attachment":[{"href":"https:\/\/stoic-curie.212-227-153-4.plesk.page\/pt\/wp-json\/wp\/v2\/media?parent=746105"}],"wp:term":[{"taxonomy":"product_brand","embeddable":true,"href":"https:\/\/stoic-curie.212-227-153-4.plesk.page\/pt\/wp-json\/wp\/v2\/product_brand?post=746105"},{"taxonomy":"product_cat","embeddable":true,"href":"https:\/\/stoic-curie.212-227-153-4.plesk.page\/pt\/wp-json\/wp\/v2\/product_cat?post=746105"},{"taxonomy":"product_tag","embeddable":true,"href":"https:\/\/stoic-curie.212-227-153-4.plesk.page\/pt\/wp-json\/wp\/v2\/product_tag?post=746105"}],"curies":[{"name":"wp","href":"https:\/\/api.w.org\/{rel}","templated":true}]}}