{"id":746114,"date":"2025-03-03T20:46:54","date_gmt":"2025-03-03T19:46:54","guid":{"rendered":"https:\/\/stoic-curie.212-227-153-4.plesk.page\/producto\/amortecedor-amarracao-modelo-unimer-classic-20-24mm-corda\/"},"modified":"2026-02-25T00:27:38","modified_gmt":"2026-02-25T00:27:38","slug":"amortecedor-amarracao-modelo-unimer-classic-20-24mm-corda","status":"publish","type":"product","link":"https:\/\/stoic-curie.212-227-153-4.plesk.page\/pt\/product\/amortecedor-amarracao-modelo-unimer-classic-20-24mm-corda\/","title":{"rendered":"Amortecedor Amarra\u00e7\u00e3o Modelo Unimer Classic 20\/24mm Corda"},"content":{"rendered":"<p>Amortecedor Amarra\u00e7\u00e3o Modelo Unimer Classic 20\/24mm Corda &#8211; <\/p>\n<p>O amortecedor de amarra\u00e7\u00e3o Unimer Classic, feito de borracha EPDM forte e indestrut\u00edvel, oferece a amarra\u00e7\u00e3o mais f\u00e1cil e acolchoada, evitando danos a cordas e a cleats, enquanto prolonga a vida do seu barco. O comprimento do movimento compensat\u00f3rio pode ser variado enrolando a linha em um n\u00famero diferente de voltas ao redor do compensador (nunca mais do que 3): mais voltas, mais compensa\u00e7\u00e3o.<\/p>\n","protected":false},"excerpt":{"rendered":"<p>Amortecedor Amarra\u00e7\u00e3o Modelo Unimer Classic 20\/24mm Corda &#8211; O amortecedor de amarra\u00e7\u00e3o Unimer Classic, feito de borracha EPDM forte e<\/p>\n","protected":false},"featured_media":5936440,"comment_status":"open","ping_status":"closed","template":"","meta":[],"product_brand":[3507],"product_cat":[1911],"product_tag":[],"class_list":{"0":"post-746114","1":"product","2":"type-product","3":"status-publish","4":"has-post-thumbnail","6":"product_brand-unimer-pt","7":"product_cat-amortecedores-de-amarracao","9":"first","10":"instock","11":"shipping-taxable","12":"purchasable","13":"product-type-simple"},"_links":{"self":[{"href":"https:\/\/stoic-curie.212-227-153-4.plesk.page\/pt\/wp-json\/wp\/v2\/product\/746114","targetHints":{"allow":["GET"]}}],"collection":[{"href":"https:\/\/stoic-curie.212-227-153-4.plesk.page\/pt\/wp-json\/wp\/v2\/product"}],"about":[{"href":"https:\/\/stoic-curie.212-227-153-4.plesk.page\/pt\/wp-json\/wp\/v2\/types\/product"}],"replies":[{"embeddable":true,"href":"https:\/\/stoic-curie.212-227-153-4.plesk.page\/pt\/wp-json\/wp\/v2\/comments?post=746114"}],"version-history":[{"count":0,"href":"https:\/\/stoic-curie.212-227-153-4.plesk.page\/pt\/wp-json\/wp\/v2\/product\/746114\/revisions"}],"wp:featuredmedia":[{"embeddable":true,"href":"https:\/\/stoic-curie.212-227-153-4.plesk.page\/pt\/wp-json\/wp\/v2\/media\/5936440"}],"wp:attachment":[{"href":"https:\/\/stoic-curie.212-227-153-4.plesk.page\/pt\/wp-json\/wp\/v2\/media?parent=746114"}],"wp:term":[{"taxonomy":"product_brand","embeddable":true,"href":"https:\/\/stoic-curie.212-227-153-4.plesk.page\/pt\/wp-json\/wp\/v2\/product_brand?post=746114"},{"taxonomy":"product_cat","embeddable":true,"href":"https:\/\/stoic-curie.212-227-153-4.plesk.page\/pt\/wp-json\/wp\/v2\/product_cat?post=746114"},{"taxonomy":"product_tag","embeddable":true,"href":"https:\/\/stoic-curie.212-227-153-4.plesk.page\/pt\/wp-json\/wp\/v2\/product_tag?post=746114"}],"curies":[{"name":"wp","href":"https:\/\/api.w.org\/{rel}","templated":true}]}}