{"id":746118,"date":"2025-03-03T20:46:55","date_gmt":"2025-03-03T19:46:55","guid":{"rendered":"https:\/\/stoic-curie.212-227-153-4.plesk.page\/producto\/fechadura-com-macaneta-98x58x30mm-modelo-3-656p\/"},"modified":"2026-02-25T00:27:38","modified_gmt":"2026-02-25T00:27:38","slug":"fechadura-com-macaneta-98x58x30mm-modelo-3-656p","status":"publish","type":"product","link":"https:\/\/stoic-curie.212-227-153-4.plesk.page\/pt\/product\/fechadura-com-macaneta-98x58x30mm-modelo-3-656p\/","title":{"rendered":"Fechadura com Ma\u00e7aneta 98x58x30mm Modelo 3.656P"},"content":{"rendered":"<p>Fechadura com Ma\u00e7aneta 98x58x30mm Modelo 3.656P &#8211; <\/p>\n<p>Conjunto de fechadura com chaves, cames de seguran\u00e7a, placa de batente plana e bot\u00e3o estriado para abrir por dentro. Corpo em lat\u00e3o cromado e elementos resistentes \u00e0 ferrugem. Fechadura universal direita\/esquerda. Dist\u00e2ncia entre eixos 83 x 36 mm.<\/p>\n","protected":false},"excerpt":{"rendered":"<p>Fechadura com Ma\u00e7aneta 98x58x30mm Modelo 3.656P &#8211; Conjunto de fechadura com chaves, cames de seguran\u00e7a, placa de batente plana e<\/p>\n","protected":false},"featured_media":5936467,"comment_status":"open","ping_status":"closed","template":"","meta":[],"product_brand":[2947],"product_cat":[1995],"product_tag":[],"class_list":{"0":"post-746118","1":"product","2":"type-product","3":"status-publish","4":"has-post-thumbnail","6":"product_brand-foresti-suardi-pt","7":"product_cat-fechaduras","9":"first","10":"instock","11":"shipping-taxable","12":"purchasable","13":"product-type-simple"},"_links":{"self":[{"href":"https:\/\/stoic-curie.212-227-153-4.plesk.page\/pt\/wp-json\/wp\/v2\/product\/746118","targetHints":{"allow":["GET"]}}],"collection":[{"href":"https:\/\/stoic-curie.212-227-153-4.plesk.page\/pt\/wp-json\/wp\/v2\/product"}],"about":[{"href":"https:\/\/stoic-curie.212-227-153-4.plesk.page\/pt\/wp-json\/wp\/v2\/types\/product"}],"replies":[{"embeddable":true,"href":"https:\/\/stoic-curie.212-227-153-4.plesk.page\/pt\/wp-json\/wp\/v2\/comments?post=746118"}],"version-history":[{"count":0,"href":"https:\/\/stoic-curie.212-227-153-4.plesk.page\/pt\/wp-json\/wp\/v2\/product\/746118\/revisions"}],"wp:featuredmedia":[{"embeddable":true,"href":"https:\/\/stoic-curie.212-227-153-4.plesk.page\/pt\/wp-json\/wp\/v2\/media\/5936467"}],"wp:attachment":[{"href":"https:\/\/stoic-curie.212-227-153-4.plesk.page\/pt\/wp-json\/wp\/v2\/media?parent=746118"}],"wp:term":[{"taxonomy":"product_brand","embeddable":true,"href":"https:\/\/stoic-curie.212-227-153-4.plesk.page\/pt\/wp-json\/wp\/v2\/product_brand?post=746118"},{"taxonomy":"product_cat","embeddable":true,"href":"https:\/\/stoic-curie.212-227-153-4.plesk.page\/pt\/wp-json\/wp\/v2\/product_cat?post=746118"},{"taxonomy":"product_tag","embeddable":true,"href":"https:\/\/stoic-curie.212-227-153-4.plesk.page\/pt\/wp-json\/wp\/v2\/product_tag?post=746118"}],"curies":[{"name":"wp","href":"https:\/\/api.w.org\/{rel}","templated":true}]}}