{"id":746125,"date":"2025-03-03T20:46:57","date_gmt":"2025-03-03T19:46:57","guid":{"rendered":"https:\/\/stoic-curie.212-227-153-4.plesk.page\/producto\/fechaduras-portas-deslizantes-140x70mm-aco-inoxidavel-modelo-4070\/"},"modified":"2026-02-25T00:27:38","modified_gmt":"2026-02-25T00:27:38","slug":"fechaduras-portas-deslizantes-140x70mm-aco-inoxidavel-modelo-4070","status":"publish","type":"product","link":"https:\/\/stoic-curie.212-227-153-4.plesk.page\/pt\/product\/fechaduras-portas-deslizantes-140x70mm-aco-inoxidavel-modelo-4070\/","title":{"rendered":"Fechaduras Portas Deslizantes 140x70mm a\u00e7o inoxid\u00e1vel Modelo 4070"},"content":{"rendered":"<p>Fechaduras Portas Deslizantes 140x70mm a\u00e7o inoxid\u00e1vel Modelo 4070 &#8211; <\/p>\n<p>Fechadura embutida para porta deslizante com ma\u00e7anetas, chapa de fecho plana, chaves e placas de a\u00e7o inoxid\u00e1vel. Materiais \u00e0 prova de ferrugem. Fechadura universal R\/L.<\/p>\n","protected":false},"excerpt":{"rendered":"<p>Fechaduras Portas Deslizantes 140x70mm a\u00e7o inoxid\u00e1vel Modelo 4070 &#8211; Fechadura embutida para porta deslizante com ma\u00e7anetas, chapa de fecho plana,<\/p>\n","protected":false},"featured_media":5936477,"comment_status":"open","ping_status":"closed","template":"","meta":[],"product_brand":[2947],"product_cat":[1995],"product_tag":[],"class_list":{"0":"post-746125","1":"product","2":"type-product","3":"status-publish","4":"has-post-thumbnail","6":"product_brand-foresti-suardi-pt","7":"product_cat-fechaduras","9":"first","10":"instock","11":"shipping-taxable","12":"purchasable","13":"product-type-simple"},"_links":{"self":[{"href":"https:\/\/stoic-curie.212-227-153-4.plesk.page\/pt\/wp-json\/wp\/v2\/product\/746125","targetHints":{"allow":["GET"]}}],"collection":[{"href":"https:\/\/stoic-curie.212-227-153-4.plesk.page\/pt\/wp-json\/wp\/v2\/product"}],"about":[{"href":"https:\/\/stoic-curie.212-227-153-4.plesk.page\/pt\/wp-json\/wp\/v2\/types\/product"}],"replies":[{"embeddable":true,"href":"https:\/\/stoic-curie.212-227-153-4.plesk.page\/pt\/wp-json\/wp\/v2\/comments?post=746125"}],"version-history":[{"count":0,"href":"https:\/\/stoic-curie.212-227-153-4.plesk.page\/pt\/wp-json\/wp\/v2\/product\/746125\/revisions"}],"wp:featuredmedia":[{"embeddable":true,"href":"https:\/\/stoic-curie.212-227-153-4.plesk.page\/pt\/wp-json\/wp\/v2\/media\/5936477"}],"wp:attachment":[{"href":"https:\/\/stoic-curie.212-227-153-4.plesk.page\/pt\/wp-json\/wp\/v2\/media?parent=746125"}],"wp:term":[{"taxonomy":"product_brand","embeddable":true,"href":"https:\/\/stoic-curie.212-227-153-4.plesk.page\/pt\/wp-json\/wp\/v2\/product_brand?post=746125"},{"taxonomy":"product_cat","embeddable":true,"href":"https:\/\/stoic-curie.212-227-153-4.plesk.page\/pt\/wp-json\/wp\/v2\/product_cat?post=746125"},{"taxonomy":"product_tag","embeddable":true,"href":"https:\/\/stoic-curie.212-227-153-4.plesk.page\/pt\/wp-json\/wp\/v2\/product_tag?post=746125"}],"curies":[{"name":"wp","href":"https:\/\/api.w.org\/{rel}","templated":true}]}}