{"id":746126,"date":"2025-03-03T20:46:58","date_gmt":"2025-03-03T19:46:58","guid":{"rendered":"https:\/\/stoic-curie.212-227-153-4.plesk.page\/producto\/suporte-externo-ajustavel-placa-de-madeira-de-40-kg-m%c2%b7x\/"},"modified":"2026-02-25T00:27:38","modified_gmt":"2026-02-25T00:27:38","slug":"suporte-externo-ajustavel-placa-de-madeira-de-40-kg-m%c2%b7x","status":"publish","type":"product","link":"https:\/\/stoic-curie.212-227-153-4.plesk.page\/pt\/product\/suporte-externo-ajustavel-placa-de-madeira-de-40-kg-m%c2%b7x\/","title":{"rendered":"Suporte externo ajust\u00e1vel placa de madeira de 40 kg m\u00b7x."},"content":{"rendered":"<p>Suporte externo ajust\u00e1vel placa de madeira de 40 kg m\u00b7x. &#8211; <\/p>\n<p>Suporte para motor de popa com a\u00e7\u00e3o assistida por mola e \u00e2ngulo de base ajust\u00e1vel. Para motores de popa de at\u00e9 20 HP (2 tempos) ou 15 HP (4 tempos). Corpo em a\u00e7o inoxid\u00e1vel.<\/p>\n","protected":false},"excerpt":{"rendered":"<p>Suporte externo ajust\u00e1vel placa de madeira de 40 kg m\u00b7x. &#8211; Suporte para motor de popa com a\u00e7\u00e3o assistida por<\/p>\n","protected":false},"featured_media":5936481,"comment_status":"open","ping_status":"closed","template":"","meta":[],"product_brand":[3492],"product_cat":[2114],"product_tag":[],"class_list":{"0":"post-746126","1":"product","2":"type-product","3":"status-publish","4":"has-post-thumbnail","6":"product_brand-trem-pt","7":"product_cat-acessorios-para-motores-fora-de-bordo","9":"first","10":"instock","11":"shipping-taxable","12":"purchasable","13":"product-type-simple"},"_links":{"self":[{"href":"https:\/\/stoic-curie.212-227-153-4.plesk.page\/pt\/wp-json\/wp\/v2\/product\/746126","targetHints":{"allow":["GET"]}}],"collection":[{"href":"https:\/\/stoic-curie.212-227-153-4.plesk.page\/pt\/wp-json\/wp\/v2\/product"}],"about":[{"href":"https:\/\/stoic-curie.212-227-153-4.plesk.page\/pt\/wp-json\/wp\/v2\/types\/product"}],"replies":[{"embeddable":true,"href":"https:\/\/stoic-curie.212-227-153-4.plesk.page\/pt\/wp-json\/wp\/v2\/comments?post=746126"}],"version-history":[{"count":0,"href":"https:\/\/stoic-curie.212-227-153-4.plesk.page\/pt\/wp-json\/wp\/v2\/product\/746126\/revisions"}],"wp:featuredmedia":[{"embeddable":true,"href":"https:\/\/stoic-curie.212-227-153-4.plesk.page\/pt\/wp-json\/wp\/v2\/media\/5936481"}],"wp:attachment":[{"href":"https:\/\/stoic-curie.212-227-153-4.plesk.page\/pt\/wp-json\/wp\/v2\/media?parent=746126"}],"wp:term":[{"taxonomy":"product_brand","embeddable":true,"href":"https:\/\/stoic-curie.212-227-153-4.plesk.page\/pt\/wp-json\/wp\/v2\/product_brand?post=746126"},{"taxonomy":"product_cat","embeddable":true,"href":"https:\/\/stoic-curie.212-227-153-4.plesk.page\/pt\/wp-json\/wp\/v2\/product_cat?post=746126"},{"taxonomy":"product_tag","embeddable":true,"href":"https:\/\/stoic-curie.212-227-153-4.plesk.page\/pt\/wp-json\/wp\/v2\/product_tag?post=746126"}],"curies":[{"name":"wp","href":"https:\/\/api.w.org\/{rel}","templated":true}]}}