{"id":746131,"date":"2025-03-03T20:46:59","date_gmt":"2025-03-03T19:46:59","guid":{"rendered":"https:\/\/stoic-curie.212-227-153-4.plesk.page\/producto\/pulpito-de-proa-aberta-com-dormente-d22-h450mm\/"},"modified":"2026-02-25T00:27:38","modified_gmt":"2026-02-25T00:27:38","slug":"pulpito-de-proa-aberta-com-dormente-d22-h450mm","status":"publish","type":"product","link":"https:\/\/stoic-curie.212-227-153-4.plesk.page\/pt\/product\/pulpito-de-proa-aberta-com-dormente-d22-h450mm\/","title":{"rendered":"P\u00falpito de proa aberta com dormente D22 H450mm"},"content":{"rendered":"<p>P\u00falpito de proa aberta com dormente D22 H450mm &#8211; <\/p>\n<p>Ambos de arco do tipo aberto em a\u00e7o inoxid\u00e1vel com barra transversal. A abertura do arco ajuda as pessoas a transitarem.<\/p>\n","protected":false},"excerpt":{"rendered":"<p>P\u00falpito de proa aberta com dormente D22 H450mm &#8211; Ambos de arco do tipo aberto em a\u00e7o inoxid\u00e1vel com barra<\/p>\n","protected":false},"featured_media":5936491,"comment_status":"open","ping_status":"closed","template":"","meta":[],"product_brand":[3122],"product_cat":[1994,2045],"product_tag":[],"class_list":{"0":"post-746131","1":"product","2":"type-product","3":"status-publish","4":"has-post-thumbnail","6":"product_brand-marinetech-pt","7":"product_cat-corrimoes","8":"product_cat-guarda-mancebo","10":"first","11":"instock","12":"shipping-taxable","13":"purchasable","14":"product-type-simple"},"_links":{"self":[{"href":"https:\/\/stoic-curie.212-227-153-4.plesk.page\/pt\/wp-json\/wp\/v2\/product\/746131","targetHints":{"allow":["GET"]}}],"collection":[{"href":"https:\/\/stoic-curie.212-227-153-4.plesk.page\/pt\/wp-json\/wp\/v2\/product"}],"about":[{"href":"https:\/\/stoic-curie.212-227-153-4.plesk.page\/pt\/wp-json\/wp\/v2\/types\/product"}],"replies":[{"embeddable":true,"href":"https:\/\/stoic-curie.212-227-153-4.plesk.page\/pt\/wp-json\/wp\/v2\/comments?post=746131"}],"version-history":[{"count":0,"href":"https:\/\/stoic-curie.212-227-153-4.plesk.page\/pt\/wp-json\/wp\/v2\/product\/746131\/revisions"}],"wp:featuredmedia":[{"embeddable":true,"href":"https:\/\/stoic-curie.212-227-153-4.plesk.page\/pt\/wp-json\/wp\/v2\/media\/5936491"}],"wp:attachment":[{"href":"https:\/\/stoic-curie.212-227-153-4.plesk.page\/pt\/wp-json\/wp\/v2\/media?parent=746131"}],"wp:term":[{"taxonomy":"product_brand","embeddable":true,"href":"https:\/\/stoic-curie.212-227-153-4.plesk.page\/pt\/wp-json\/wp\/v2\/product_brand?post=746131"},{"taxonomy":"product_cat","embeddable":true,"href":"https:\/\/stoic-curie.212-227-153-4.plesk.page\/pt\/wp-json\/wp\/v2\/product_cat?post=746131"},{"taxonomy":"product_tag","embeddable":true,"href":"https:\/\/stoic-curie.212-227-153-4.plesk.page\/pt\/wp-json\/wp\/v2\/product_tag?post=746131"}],"curies":[{"name":"wp","href":"https:\/\/api.w.org\/{rel}","templated":true}]}}