{"id":746133,"date":"2025-03-03T20:47:00","date_gmt":"2025-03-03T19:47:00","guid":{"rendered":"https:\/\/stoic-curie.212-227-153-4.plesk.page\/producto\/mastro-dobravel-para-bandeira-d25-h660mm-aco-inoxidavel\/"},"modified":"2026-02-25T00:27:38","modified_gmt":"2026-02-25T00:27:38","slug":"mastro-dobravel-para-bandeira-d25-h660mm-aco-inoxidavel","status":"publish","type":"product","link":"https:\/\/stoic-curie.212-227-153-4.plesk.page\/pt\/product\/mastro-dobravel-para-bandeira-d25-h660mm-aco-inoxidavel\/","title":{"rendered":"Mastro dobr\u00e1vel para Bandeira D25 H660mm a\u00e7o inoxid\u00e1vel"},"content":{"rendered":"<p>Mastro dobr\u00e1vel para Bandeira D25 H660mm a\u00e7o inoxid\u00e1vel &#8211; <\/p>\n<p>Mastro de bandeira dobr\u00e1vel em a\u00e7o inoxid\u00e1vel com bot\u00e3o de ajuste.<\/p>\n","protected":false},"excerpt":{"rendered":"<p>Mastro dobr\u00e1vel para Bandeira D25 H660mm a\u00e7o inoxid\u00e1vel &#8211; Mastro de bandeira dobr\u00e1vel em a\u00e7o inoxid\u00e1vel com bot\u00e3o de ajuste.<\/p>\n","protected":false},"featured_media":5936503,"comment_status":"open","ping_status":"closed","template":"","meta":[],"product_brand":[3492],"product_cat":[1968],"product_tag":[],"class_list":{"0":"post-746133","1":"product","2":"type-product","3":"status-publish","4":"has-post-thumbnail","6":"product_brand-trem-pt","7":"product_cat-paus-de-bandeira","9":"first","10":"instock","11":"shipping-taxable","12":"purchasable","13":"product-type-simple"},"_links":{"self":[{"href":"https:\/\/stoic-curie.212-227-153-4.plesk.page\/pt\/wp-json\/wp\/v2\/product\/746133","targetHints":{"allow":["GET"]}}],"collection":[{"href":"https:\/\/stoic-curie.212-227-153-4.plesk.page\/pt\/wp-json\/wp\/v2\/product"}],"about":[{"href":"https:\/\/stoic-curie.212-227-153-4.plesk.page\/pt\/wp-json\/wp\/v2\/types\/product"}],"replies":[{"embeddable":true,"href":"https:\/\/stoic-curie.212-227-153-4.plesk.page\/pt\/wp-json\/wp\/v2\/comments?post=746133"}],"version-history":[{"count":0,"href":"https:\/\/stoic-curie.212-227-153-4.plesk.page\/pt\/wp-json\/wp\/v2\/product\/746133\/revisions"}],"wp:featuredmedia":[{"embeddable":true,"href":"https:\/\/stoic-curie.212-227-153-4.plesk.page\/pt\/wp-json\/wp\/v2\/media\/5936503"}],"wp:attachment":[{"href":"https:\/\/stoic-curie.212-227-153-4.plesk.page\/pt\/wp-json\/wp\/v2\/media?parent=746133"}],"wp:term":[{"taxonomy":"product_brand","embeddable":true,"href":"https:\/\/stoic-curie.212-227-153-4.plesk.page\/pt\/wp-json\/wp\/v2\/product_brand?post=746133"},{"taxonomy":"product_cat","embeddable":true,"href":"https:\/\/stoic-curie.212-227-153-4.plesk.page\/pt\/wp-json\/wp\/v2\/product_cat?post=746133"},{"taxonomy":"product_tag","embeddable":true,"href":"https:\/\/stoic-curie.212-227-153-4.plesk.page\/pt\/wp-json\/wp\/v2\/product_tag?post=746133"}],"curies":[{"name":"wp","href":"https:\/\/api.w.org\/{rel}","templated":true}]}}