{"id":746156,"date":"2025-03-03T20:47:10","date_gmt":"2025-03-03T19:47:10","guid":{"rendered":"https:\/\/stoic-curie.212-227-153-4.plesk.page\/producto\/vigia-rectangular-branca-d500x250mm\/"},"modified":"2026-02-25T00:27:38","modified_gmt":"2026-02-25T00:27:38","slug":"vigia-rectangular-branca-d500x250mm","status":"publish","type":"product","link":"https:\/\/stoic-curie.212-227-153-4.plesk.page\/pt\/product\/vigia-rectangular-branca-d500x250mm\/","title":{"rendered":"Vigia Rectangular Branca D500x250mm"},"content":{"rendered":"<p>Vigia Rectangular Branca D500x250mm &#8211; <\/p>\n<p>Estrutura de nylon e portinholas retangulares de vidro acr\u00edlico. Completo com anel de acabamento. Parafusos n\u00e3o inclu\u00eddos. Tamanho do spigot 30 mm. Certificado CE EN ISO12216 Categoria A\/B\/C\/D.<\/p>\n","protected":false},"excerpt":{"rendered":"<p>Vigia Rectangular Branca D500x250mm &#8211; Estrutura de nylon e portinholas retangulares de vidro acr\u00edlico. Completo com anel de acabamento. Parafusos<\/p>\n","protected":false},"featured_media":5936532,"comment_status":"open","ping_status":"closed","template":"","meta":[],"product_brand":[3037],"product_cat":[1989,1984],"product_tag":[],"class_list":{"0":"post-746156","1":"product","2":"type-product","3":"status-publish","4":"has-post-thumbnail","6":"product_brand-jba-marine-pt","7":"product_cat-escotilhas","8":"product_cat-vigias","10":"first","11":"instock","12":"shipping-taxable","13":"purchasable","14":"product-type-simple"},"_links":{"self":[{"href":"https:\/\/stoic-curie.212-227-153-4.plesk.page\/pt\/wp-json\/wp\/v2\/product\/746156","targetHints":{"allow":["GET"]}}],"collection":[{"href":"https:\/\/stoic-curie.212-227-153-4.plesk.page\/pt\/wp-json\/wp\/v2\/product"}],"about":[{"href":"https:\/\/stoic-curie.212-227-153-4.plesk.page\/pt\/wp-json\/wp\/v2\/types\/product"}],"replies":[{"embeddable":true,"href":"https:\/\/stoic-curie.212-227-153-4.plesk.page\/pt\/wp-json\/wp\/v2\/comments?post=746156"}],"version-history":[{"count":0,"href":"https:\/\/stoic-curie.212-227-153-4.plesk.page\/pt\/wp-json\/wp\/v2\/product\/746156\/revisions"}],"wp:featuredmedia":[{"embeddable":true,"href":"https:\/\/stoic-curie.212-227-153-4.plesk.page\/pt\/wp-json\/wp\/v2\/media\/5936532"}],"wp:attachment":[{"href":"https:\/\/stoic-curie.212-227-153-4.plesk.page\/pt\/wp-json\/wp\/v2\/media?parent=746156"}],"wp:term":[{"taxonomy":"product_brand","embeddable":true,"href":"https:\/\/stoic-curie.212-227-153-4.plesk.page\/pt\/wp-json\/wp\/v2\/product_brand?post=746156"},{"taxonomy":"product_cat","embeddable":true,"href":"https:\/\/stoic-curie.212-227-153-4.plesk.page\/pt\/wp-json\/wp\/v2\/product_cat?post=746156"},{"taxonomy":"product_tag","embeddable":true,"href":"https:\/\/stoic-curie.212-227-153-4.plesk.page\/pt\/wp-json\/wp\/v2\/product_tag?post=746156"}],"curies":[{"name":"wp","href":"https:\/\/api.w.org\/{rel}","templated":true}]}}