{"id":746165,"date":"2025-03-03T20:47:13","date_gmt":"2025-03-03T19:47:13","guid":{"rendered":"https:\/\/stoic-curie.212-227-153-4.plesk.page\/producto\/volantes-ultraflex-v25-de-aco-inoxidavel-com-aperto-branco-de-poliuretano-350mm\/"},"modified":"2026-02-25T00:27:38","modified_gmt":"2026-02-25T00:27:38","slug":"volantes-ultraflex-v25-de-aco-inoxidavel-com-aperto-branco-de-poliuretano-350mm","status":"publish","type":"product","link":"https:\/\/stoic-curie.212-227-153-4.plesk.page\/pt\/product\/volantes-ultraflex-v25-de-aco-inoxidavel-com-aperto-branco-de-poliuretano-350mm\/","title":{"rendered":"Volantes Ultraflex V25 de a\u00e7o inoxid\u00e1vel com aperto branco de poliuretano 350mm"},"content":{"rendered":"<p>Volantes Ultraflex V25 de a\u00e7o inoxid\u00e1vel com aperto branco de poliuretano 350mm &#8211; <\/p>\n<p>Volantes de a\u00e7o inoxid\u00e1vel com pega de poliuretano ou mogno. Marcado CE-ISO23411 em conformidade com os padr\u00f5es ABYC. Completo com tampa central e cubo com cone padr\u00e3o de 3\/4&#8243;.<\/p>\n","protected":false},"excerpt":{"rendered":"<p>Volantes Ultraflex V25 de a\u00e7o inoxid\u00e1vel com aperto branco de poliuretano 350mm &#8211; Volantes de a\u00e7o inoxid\u00e1vel com pega de<\/p>\n","protected":false},"featured_media":5936548,"comment_status":"open","ping_status":"closed","template":"","meta":[],"product_brand":[3502],"product_cat":[2109],"product_tag":[],"class_list":{"0":"post-746165","1":"product","2":"type-product","3":"status-publish","4":"has-post-thumbnail","6":"product_brand-ultraflex-uflex-pt","7":"product_cat-rodas-de-leme","9":"first","10":"instock","11":"shipping-taxable","12":"purchasable","13":"product-type-simple"},"_links":{"self":[{"href":"https:\/\/stoic-curie.212-227-153-4.plesk.page\/pt\/wp-json\/wp\/v2\/product\/746165","targetHints":{"allow":["GET"]}}],"collection":[{"href":"https:\/\/stoic-curie.212-227-153-4.plesk.page\/pt\/wp-json\/wp\/v2\/product"}],"about":[{"href":"https:\/\/stoic-curie.212-227-153-4.plesk.page\/pt\/wp-json\/wp\/v2\/types\/product"}],"replies":[{"embeddable":true,"href":"https:\/\/stoic-curie.212-227-153-4.plesk.page\/pt\/wp-json\/wp\/v2\/comments?post=746165"}],"version-history":[{"count":0,"href":"https:\/\/stoic-curie.212-227-153-4.plesk.page\/pt\/wp-json\/wp\/v2\/product\/746165\/revisions"}],"wp:featuredmedia":[{"embeddable":true,"href":"https:\/\/stoic-curie.212-227-153-4.plesk.page\/pt\/wp-json\/wp\/v2\/media\/5936548"}],"wp:attachment":[{"href":"https:\/\/stoic-curie.212-227-153-4.plesk.page\/pt\/wp-json\/wp\/v2\/media?parent=746165"}],"wp:term":[{"taxonomy":"product_brand","embeddable":true,"href":"https:\/\/stoic-curie.212-227-153-4.plesk.page\/pt\/wp-json\/wp\/v2\/product_brand?post=746165"},{"taxonomy":"product_cat","embeddable":true,"href":"https:\/\/stoic-curie.212-227-153-4.plesk.page\/pt\/wp-json\/wp\/v2\/product_cat?post=746165"},{"taxonomy":"product_tag","embeddable":true,"href":"https:\/\/stoic-curie.212-227-153-4.plesk.page\/pt\/wp-json\/wp\/v2\/product_tag?post=746165"}],"curies":[{"name":"wp","href":"https:\/\/api.w.org\/{rel}","templated":true}]}}