{"id":746170,"date":"2025-03-03T20:47:15","date_gmt":"2025-03-03T19:47:15","guid":{"rendered":"https:\/\/stoic-curie.212-227-153-4.plesk.page\/producto\/guincho-eletrico-para-reboque-900kg\/"},"modified":"2026-02-25T00:27:38","modified_gmt":"2026-02-25T00:27:38","slug":"guincho-eletrico-para-reboque-900kg","status":"publish","type":"product","link":"https:\/\/stoic-curie.212-227-153-4.plesk.page\/pt\/product\/guincho-eletrico-para-reboque-900kg\/","title":{"rendered":"Guincho El\u00e9trico para Reboque 900KG"},"content":{"rendered":"<p>Guincho El\u00e9trico para Reboque 900KG &#8211; <\/p>\n<p>Guincho el\u00e9trico para reboque de barcos e carros de campo. O lan\u00e7amento e a recupera\u00e7\u00e3o s\u00e3o feitos com controle remoto com fio. Motor de \u00edm\u00e3 permanente de 0,8 kW (12V) com embreagem de libera\u00e7\u00e3o manual e sistema de freio autom\u00e1tico. Montagem com base e 2xM8 parafusos. Velocidade de recupera\u00e7\u00e3o de 4,2 m\/min sem carga, 1,2 m\/min com carga total.<\/p>\n","protected":false},"excerpt":{"rendered":"<p>Guincho El\u00e9trico para Reboque 900KG &#8211; Guincho el\u00e9trico para reboque de barcos e carros de campo. O lan\u00e7amento e a<\/p>\n","protected":false},"featured_media":5936553,"comment_status":"open","ping_status":"closed","template":"","meta":[],"product_brand":[2892],"product_cat":[2121],"product_tag":[],"class_list":{"0":"post-746170","1":"product","2":"type-product","3":"status-publish","4":"has-post-thumbnail","6":"product_brand-domar-pt","7":"product_cat-guinchos-para-reboques","9":"first","10":"instock","11":"shipping-taxable","12":"purchasable","13":"product-type-simple"},"_links":{"self":[{"href":"https:\/\/stoic-curie.212-227-153-4.plesk.page\/pt\/wp-json\/wp\/v2\/product\/746170","targetHints":{"allow":["GET"]}}],"collection":[{"href":"https:\/\/stoic-curie.212-227-153-4.plesk.page\/pt\/wp-json\/wp\/v2\/product"}],"about":[{"href":"https:\/\/stoic-curie.212-227-153-4.plesk.page\/pt\/wp-json\/wp\/v2\/types\/product"}],"replies":[{"embeddable":true,"href":"https:\/\/stoic-curie.212-227-153-4.plesk.page\/pt\/wp-json\/wp\/v2\/comments?post=746170"}],"version-history":[{"count":0,"href":"https:\/\/stoic-curie.212-227-153-4.plesk.page\/pt\/wp-json\/wp\/v2\/product\/746170\/revisions"}],"wp:featuredmedia":[{"embeddable":true,"href":"https:\/\/stoic-curie.212-227-153-4.plesk.page\/pt\/wp-json\/wp\/v2\/media\/5936553"}],"wp:attachment":[{"href":"https:\/\/stoic-curie.212-227-153-4.plesk.page\/pt\/wp-json\/wp\/v2\/media?parent=746170"}],"wp:term":[{"taxonomy":"product_brand","embeddable":true,"href":"https:\/\/stoic-curie.212-227-153-4.plesk.page\/pt\/wp-json\/wp\/v2\/product_brand?post=746170"},{"taxonomy":"product_cat","embeddable":true,"href":"https:\/\/stoic-curie.212-227-153-4.plesk.page\/pt\/wp-json\/wp\/v2\/product_cat?post=746170"},{"taxonomy":"product_tag","embeddable":true,"href":"https:\/\/stoic-curie.212-227-153-4.plesk.page\/pt\/wp-json\/wp\/v2\/product_tag?post=746170"}],"curies":[{"name":"wp","href":"https:\/\/api.w.org\/{rel}","templated":true}]}}