{"id":746176,"date":"2025-03-03T20:47:17","date_gmt":"2025-03-03T19:47:17","guid":{"rendered":"https:\/\/stoic-curie.212-227-153-4.plesk.page\/producto\/silenciador-muffler-de-exaustao-vetus-mgp-90mm\/"},"modified":"2026-02-25T00:27:38","modified_gmt":"2026-02-25T00:27:38","slug":"silenciador-muffler-de-exaustao-vetus-mgp-90mm","status":"publish","type":"product","link":"https:\/\/stoic-curie.212-227-153-4.plesk.page\/pt\/product\/silenciador-muffler-de-exaustao-vetus-mgp-90mm\/","title":{"rendered":"Coletor de exaust\u00e3o Vetus MGP 90mm"},"content":{"rendered":"<p>Coletor de exaust\u00e3o Vetus MGP 90mm &#8211; <\/p>\n<p>O VETUS MGP9090 waterlock \u00e9 projetado especificamente para sistemas de escape com inje\u00e7\u00e3o de \u00e1gua. Ele possui uma entrada de 90 mm posicionada em um \u00e2ngulo de 45\u00b0 e uma sa\u00edda de 90 mm. Constru\u00eddo com materiais sint\u00e9ticos que resistem \u00e0 corros\u00e3o, este waterlock garante durabilidade e excelente atenua\u00e7\u00e3o sonora. Com uma capacidade de 23 litros, \u00e9 compacto o suficiente para caber em espa\u00e7os confinados, tornando-se perfeito para embarca\u00e7\u00f5es modernas de alto desempenho equipadas com um ou dois grandes motores em compartimentos de motor com espa\u00e7o limitado.<\/p>\n<p>A conex\u00e3o da sa\u00edda superior pode rotacionar 360\u00b0, enquanto a conex\u00e3o da entrada est\u00e1 inclinada para cima a 45\u00b0. \u00c9 importante observar que os waterlocks MG s\u00e3o destinados exclusivamente para uso em sistemas de escape com inje\u00e7\u00e3o de \u00e1gua. Toda a estrutura \u00e9 feita de materiais sint\u00e9ticos, proporcionando resist\u00eancia \u00e0 corros\u00e3o e a\u00e7\u00e3o galv\u00e2nica.<\/p>\n<p><strong>Especifica\u00e7\u00f5es:<\/strong><\/p>\n<ul>\n<li>Excelente atenua\u00e7\u00e3o sonora<\/li>\n<li>Baixa press\u00e3o de retorno<\/li>\n<li>V\u00e1lvula de drenagem para armazenamento de inverno<\/li>\n<li>Compat\u00edvel com di\u00e2metros internos de mangueiras de 90, 102, 127, 152, 209 ou 250 mm<\/li>\n<li>Capacidades dispon\u00edveis: 23, 75 ou 130 litros<\/li>\n<li>Acompanha bra\u00e7adeiras de a\u00e7o inoxid\u00e1vel (AISI 316)<\/li>\n<\/ul>\n<p><strong>Funcionalidade:<\/strong><\/p>\n<ul>\n<li>Tipo de Waterlock: MG<\/li>\n<li>Capacidade: 23 litros<\/li>\n<li>Di\u00e2metro da Conex\u00e3o da Mangueira de Entrada: 90 mm<\/li>\n<li>Di\u00e2metro da Conex\u00e3o da Mangueira de Sa\u00edda: 90 mm<\/li>\n<li>Comprimento: 540 mm<\/li>\n<li>Largura: 270 mm<\/li>\n<li>Altura: 450 mm<\/li>\n<li>Posi\u00e7\u00e3o: Vertical<\/li>\n<li>Uso Pesado: Sim<\/li>\n<li>Conex\u00f5es de Mangueira Rotativas: N\u00e3o<\/li>\n<li>Partes do Corpo Rotativas: Sim<\/li>\n<\/ul>\n<p>Este waterlock \u00e9 uma op\u00e7\u00e3o excepcional para aqueles que desejam desempenho confi\u00e1vel e redu\u00e7\u00e3o eficaz do som no sistema de escape de seus barcos.<\/p>\n","protected":false},"excerpt":{"rendered":"<p>Coletor de exaust\u00e3o Vetus MGP 90mm &#8211; O VETUS MGP9090 waterlock \u00e9 projetado especificamente para sistemas de escape com inje\u00e7\u00e3o<\/p>\n","protected":false},"featured_media":5936563,"comment_status":"open","ping_status":"closed","template":"","meta":[],"product_brand":[3522],"product_cat":[2081],"product_tag":[],"class_list":{"0":"post-746176","1":"product","2":"type-product","3":"status-publish","4":"has-post-thumbnail","6":"product_brand-vetus-pt","7":"product_cat-silenciadores-de-escape","9":"first","10":"instock","11":"shipping-taxable","12":"purchasable","13":"product-type-simple"},"_links":{"self":[{"href":"https:\/\/stoic-curie.212-227-153-4.plesk.page\/pt\/wp-json\/wp\/v2\/product\/746176","targetHints":{"allow":["GET"]}}],"collection":[{"href":"https:\/\/stoic-curie.212-227-153-4.plesk.page\/pt\/wp-json\/wp\/v2\/product"}],"about":[{"href":"https:\/\/stoic-curie.212-227-153-4.plesk.page\/pt\/wp-json\/wp\/v2\/types\/product"}],"replies":[{"embeddable":true,"href":"https:\/\/stoic-curie.212-227-153-4.plesk.page\/pt\/wp-json\/wp\/v2\/comments?post=746176"}],"version-history":[{"count":0,"href":"https:\/\/stoic-curie.212-227-153-4.plesk.page\/pt\/wp-json\/wp\/v2\/product\/746176\/revisions"}],"wp:featuredmedia":[{"embeddable":true,"href":"https:\/\/stoic-curie.212-227-153-4.plesk.page\/pt\/wp-json\/wp\/v2\/media\/5936563"}],"wp:attachment":[{"href":"https:\/\/stoic-curie.212-227-153-4.plesk.page\/pt\/wp-json\/wp\/v2\/media?parent=746176"}],"wp:term":[{"taxonomy":"product_brand","embeddable":true,"href":"https:\/\/stoic-curie.212-227-153-4.plesk.page\/pt\/wp-json\/wp\/v2\/product_brand?post=746176"},{"taxonomy":"product_cat","embeddable":true,"href":"https:\/\/stoic-curie.212-227-153-4.plesk.page\/pt\/wp-json\/wp\/v2\/product_cat?post=746176"},{"taxonomy":"product_tag","embeddable":true,"href":"https:\/\/stoic-curie.212-227-153-4.plesk.page\/pt\/wp-json\/wp\/v2\/product_tag?post=746176"}],"curies":[{"name":"wp","href":"https:\/\/api.w.org\/{rel}","templated":true}]}}