{"id":746177,"date":"2025-03-03T20:47:17","date_gmt":"2025-03-03T19:47:17","guid":{"rendered":"https:\/\/stoic-curie.212-227-153-4.plesk.page\/producto\/coletor-muffler-de-exaustao-vetus-mgp-102mm\/"},"modified":"2026-02-25T00:27:38","modified_gmt":"2026-02-25T00:27:38","slug":"coletor-muffler-de-exaustao-vetus-mgp-102mm","status":"publish","type":"product","link":"https:\/\/stoic-curie.212-227-153-4.plesk.page\/pt\/product\/coletor-muffler-de-exaustao-vetus-mgp-102mm\/","title":{"rendered":"Coletor de exaust\u00e3o Vetus MGP 102mm"},"content":{"rendered":"<p>Coletor de exaust\u00e3o Vetus MGP 102mm &#8211; <\/p>\n<p>O VETUS MGP102102 waterlock \u00e9 meticulosamente projetado para sistemas de escape com inje\u00e7\u00e3o de \u00e1gua. Ele possui uma entrada de 102 mm posicionada a um \u00e2ngulo de 45\u00b0 e uma sa\u00edda de 102 mm. Fabricado com materiais sint\u00e9ticos resistentes \u00e0 corros\u00e3o, este waterlock garante durabilidade e excelente atenua\u00e7\u00e3o de som. Com uma capacidade de 23 litros, \u00e9 especialmente adequado para embarca\u00e7\u00f5es contempor\u00e2neas de alto desempenho equipadas com um ou dois grandes motores, particularmente em situa\u00e7\u00f5es onde o espa\u00e7o da sala de m\u00e1quinas \u00e9 limitado.<\/p>\n<p>A conex\u00e3o de sa\u00edda na parte superior \u00e9 projetada para girar 360\u00b0, enquanto a conex\u00e3o de entrada \u00e9 inclinada para cima a 45\u00b0. \u00c9 importante observar que os waterlocks MG s\u00e3o especificamente destinados \u00e0 instala\u00e7\u00e3o em sistemas de escape com inje\u00e7\u00e3o de \u00e1gua. Toda a estrutura \u00e9 fabricada a partir de materiais sint\u00e9ticos, tornando-a resistente \u00e0 corros\u00e3o e \u00e0 a\u00e7\u00e3o galv\u00e2nica. Este waterlock de pl\u00e1stico refor\u00e7ado apresenta um topo girat\u00f3rio e \u00e9 compacto o suficiente para permitir instala\u00e7\u00e3o em espa\u00e7os confinados.<\/p>\n<p><strong>Especifica\u00e7\u00f5es:<\/strong><\/p>\n<ul>\n<li>Capacidades excepcionais de redu\u00e7\u00e3o de som<\/li>\n<li>Press\u00e3o de retorno m\u00ednima<\/li>\n<li>V\u00e1lvula de drenagem para armazenamento de inverno<\/li>\n<li>Compat\u00edvel com di\u00e2metros internos de mangueira de \u00d8 90, 102, 127, 152, 209 ou 250 mm<\/li>\n<li>Capacidades dispon\u00edveis: 23, 75 ou 130 litros<\/li>\n<li>Inclui bandas de clamp de a\u00e7o inoxid\u00e1vel (AISI 316)<\/li>\n<\/ul>\n<p><strong>Funcionalidade:<\/strong><\/p>\n<ul>\n<li>Capacidade do waterlock: 23 litros<\/li>\n<li>Di\u00e2metro da conex\u00e3o da mangueira de entrada: 102 mm<\/li>\n<li>Di\u00e2metro da conex\u00e3o da mangueira de sa\u00edda: 102 mm<\/li>\n<li>Comprimento: 540 mm<\/li>\n<li>Largura: 270 mm<\/li>\n<li>Altura: 450 mm<\/li>\n<li>Posi\u00e7\u00e3o do waterlock: Vertical<\/li>\n<li>Uso pesado: Sim<\/li>\n<li>Conex\u00f5es de mangueira rotacion\u00e1veis: N\u00e3o<\/li>\n<li>Partes do corpo rotacion\u00e1veis: Sim<\/li>\n<\/ul>\n","protected":false},"excerpt":{"rendered":"<p>Coletor de exaust\u00e3o Vetus MGP 102mm &#8211; O VETUS MGP102102 waterlock \u00e9 meticulosamente projetado para sistemas de escape com inje\u00e7\u00e3o<\/p>\n","protected":false},"featured_media":5936563,"comment_status":"open","ping_status":"closed","template":"","meta":[],"product_brand":[3522],"product_cat":[2081],"product_tag":[],"class_list":{"0":"post-746177","1":"product","2":"type-product","3":"status-publish","4":"has-post-thumbnail","6":"product_brand-vetus-pt","7":"product_cat-silenciadores-de-escape","9":"first","10":"instock","11":"shipping-taxable","12":"purchasable","13":"product-type-simple"},"_links":{"self":[{"href":"https:\/\/stoic-curie.212-227-153-4.plesk.page\/pt\/wp-json\/wp\/v2\/product\/746177","targetHints":{"allow":["GET"]}}],"collection":[{"href":"https:\/\/stoic-curie.212-227-153-4.plesk.page\/pt\/wp-json\/wp\/v2\/product"}],"about":[{"href":"https:\/\/stoic-curie.212-227-153-4.plesk.page\/pt\/wp-json\/wp\/v2\/types\/product"}],"replies":[{"embeddable":true,"href":"https:\/\/stoic-curie.212-227-153-4.plesk.page\/pt\/wp-json\/wp\/v2\/comments?post=746177"}],"version-history":[{"count":0,"href":"https:\/\/stoic-curie.212-227-153-4.plesk.page\/pt\/wp-json\/wp\/v2\/product\/746177\/revisions"}],"wp:featuredmedia":[{"embeddable":true,"href":"https:\/\/stoic-curie.212-227-153-4.plesk.page\/pt\/wp-json\/wp\/v2\/media\/5936563"}],"wp:attachment":[{"href":"https:\/\/stoic-curie.212-227-153-4.plesk.page\/pt\/wp-json\/wp\/v2\/media?parent=746177"}],"wp:term":[{"taxonomy":"product_brand","embeddable":true,"href":"https:\/\/stoic-curie.212-227-153-4.plesk.page\/pt\/wp-json\/wp\/v2\/product_brand?post=746177"},{"taxonomy":"product_cat","embeddable":true,"href":"https:\/\/stoic-curie.212-227-153-4.plesk.page\/pt\/wp-json\/wp\/v2\/product_cat?post=746177"},{"taxonomy":"product_tag","embeddable":true,"href":"https:\/\/stoic-curie.212-227-153-4.plesk.page\/pt\/wp-json\/wp\/v2\/product_tag?post=746177"}],"curies":[{"name":"wp","href":"https:\/\/api.w.org\/{rel}","templated":true}]}}