{"id":746178,"date":"2025-03-03T20:47:18","date_gmt":"2025-03-03T19:47:18","guid":{"rendered":"https:\/\/stoic-curie.212-227-153-4.plesk.page\/producto\/coletor-muffler-de-exaustao-vetus-mgp-127mm\/"},"modified":"2026-02-25T00:27:38","modified_gmt":"2026-02-25T00:27:38","slug":"coletor-muffler-de-exaustao-vetus-mgp-127mm","status":"publish","type":"product","link":"https:\/\/stoic-curie.212-227-153-4.plesk.page\/pt\/product\/coletor-muffler-de-exaustao-vetus-mgp-127mm\/","title":{"rendered":"Coletor de exaust\u00e3o Vetus MGP 127mm"},"content":{"rendered":"<p>Coletor de exaust\u00e3o Vetus MGP 127mm &#8211; <\/p>\n<p>A \u00e1gua de bloqueio VETUS MGP5455 \u00e9 projetada especificamente para sistemas de escape com inje\u00e7\u00e3o de \u00e1gua. Possui uma entrada de 127 mm posicionada em um \u00e2ngulo de 45\u00b0 e uma sa\u00edda de 127 mm. Esse bloqueio de \u00e1gua inclui um topo rotativo e \u00e9 fabricado com materiais sint\u00e9ticos que resistem \u00e0 corros\u00e3o, garantindo um desempenho duradouro. Oferece uma redu\u00e7\u00e3o de som excepcional e tem uma capacidade de 23 litros. Seu design compacto o torna adequado para instala\u00e7\u00e3o em espa\u00e7os confinados, o que \u00e9 particularmente ben\u00e9fico para sistemas de escape refrigerados a \u00e1gua.<\/p>\n<p>Os bloqueios de \u00e1gua MG s\u00e3o meticulosamente projetados para embarca\u00e7\u00f5es de alto desempenho contempor\u00e2neas que possuem um ou dois motores grandes, especialmente onde o espa\u00e7o na sala de m\u00e1quinas \u00e9 limitado. A conex\u00e3o da sa\u00edda pode girar 360\u00b0, enquanto a conex\u00e3o da entrada \u00e9 inclinada para cima em 45\u00b0. \u00c9 importante notar que os bloqueios de \u00e1gua MG s\u00e3o destinados exclusivamente para uso em sistemas de escape com inje\u00e7\u00e3o de \u00e1gua. Toda a estrutura \u00e9 feita de materiais sint\u00e9ticos, proporcionando resist\u00eancia \u00e0 corros\u00e3o e a\u00e7\u00e3o galv\u00e2nica.<\/p>\n<p><strong>Especifica\u00e7\u00f5es:<\/strong><\/p>\n<ul>\n<li>Redu\u00e7\u00e3o de som excepcional<\/li>\n<li>Baixa contrapress\u00e3o<\/li>\n<li>V\u00e1lvula de drenagem para armazenamento no inverno<\/li>\n<li>Compat\u00edvel com di\u00e2metros internos de mangueiras de \u00d8 90, 102, 127, 152, 209 ou 250 mm<\/li>\n<li>Capacidades dispon\u00edveis: 23, 75 ou 130 litros<\/li>\n<li>Vem com bandas de clamp em a\u00e7o inoxid\u00e1vel (AISI 316)<\/li>\n<\/ul>\n<p><strong>Especifica\u00e7\u00f5es detalhadas:<\/strong><\/p>\n<ul>\n<li>Fun\u00e7\u00e3o: Bloqueio de \u00e1gua<\/li>\n<li>Capacidade: 23 litros<\/li>\n<li>Di\u00e2metro da conex\u00e3o da mangueira de entrada: 127 mm<\/li>\n<li>Di\u00e2metro da conex\u00e3o da mangueira de sa\u00edda: 127 mm<\/li>\n<li>Comprimento: 540 mm<\/li>\n<li>Largura: 270 mm<\/li>\n<li>Altura: 450 mm<\/li>\n<li>Posi\u00e7\u00e3o do bloqueio de \u00e1gua: Vertical<\/li>\n<li>Alta resist\u00eancia: Sim<\/li>\n<li>Conex\u00f5es de mangueira rotativas: N\u00e3o<\/li>\n<li>Partes do corpo rotativas: Sim<\/li>\n<\/ul>\n","protected":false},"excerpt":{"rendered":"<p>Coletor de exaust\u00e3o Vetus MGP 127mm &#8211; A \u00e1gua de bloqueio VETUS MGP5455 \u00e9 projetada especificamente para sistemas de escape<\/p>\n","protected":false},"featured_media":5936563,"comment_status":"open","ping_status":"closed","template":"","meta":[],"product_brand":[3522],"product_cat":[2081],"product_tag":[],"class_list":{"0":"post-746178","1":"product","2":"type-product","3":"status-publish","4":"has-post-thumbnail","6":"product_brand-vetus-pt","7":"product_cat-silenciadores-de-escape","9":"first","10":"instock","11":"shipping-taxable","12":"purchasable","13":"product-type-simple"},"_links":{"self":[{"href":"https:\/\/stoic-curie.212-227-153-4.plesk.page\/pt\/wp-json\/wp\/v2\/product\/746178","targetHints":{"allow":["GET"]}}],"collection":[{"href":"https:\/\/stoic-curie.212-227-153-4.plesk.page\/pt\/wp-json\/wp\/v2\/product"}],"about":[{"href":"https:\/\/stoic-curie.212-227-153-4.plesk.page\/pt\/wp-json\/wp\/v2\/types\/product"}],"replies":[{"embeddable":true,"href":"https:\/\/stoic-curie.212-227-153-4.plesk.page\/pt\/wp-json\/wp\/v2\/comments?post=746178"}],"version-history":[{"count":0,"href":"https:\/\/stoic-curie.212-227-153-4.plesk.page\/pt\/wp-json\/wp\/v2\/product\/746178\/revisions"}],"wp:featuredmedia":[{"embeddable":true,"href":"https:\/\/stoic-curie.212-227-153-4.plesk.page\/pt\/wp-json\/wp\/v2\/media\/5936563"}],"wp:attachment":[{"href":"https:\/\/stoic-curie.212-227-153-4.plesk.page\/pt\/wp-json\/wp\/v2\/media?parent=746178"}],"wp:term":[{"taxonomy":"product_brand","embeddable":true,"href":"https:\/\/stoic-curie.212-227-153-4.plesk.page\/pt\/wp-json\/wp\/v2\/product_brand?post=746178"},{"taxonomy":"product_cat","embeddable":true,"href":"https:\/\/stoic-curie.212-227-153-4.plesk.page\/pt\/wp-json\/wp\/v2\/product_cat?post=746178"},{"taxonomy":"product_tag","embeddable":true,"href":"https:\/\/stoic-curie.212-227-153-4.plesk.page\/pt\/wp-json\/wp\/v2\/product_tag?post=746178"}],"curies":[{"name":"wp","href":"https:\/\/api.w.org\/{rel}","templated":true}]}}