{"id":746182,"date":"2025-03-03T20:47:19","date_gmt":"2025-03-03T19:47:19","guid":{"rendered":"https:\/\/stoic-curie.212-227-153-4.plesk.page\/producto\/saida-de-escape-de-aco-inoxidavel-60-mm-com-aba-de-borracha\/"},"modified":"2026-02-25T00:27:38","modified_gmt":"2026-02-25T00:27:38","slug":"saida-de-escape-de-aco-inoxidavel-60-mm-com-aba-de-borracha","status":"publish","type":"product","link":"https:\/\/stoic-curie.212-227-153-4.plesk.page\/pt\/product\/saida-de-escape-de-aco-inoxidavel-60-mm-com-aba-de-borracha\/","title":{"rendered":"Sa\u00edda de escape de a\u00e7o inoxid\u00e1vel 60 mm com aba de borracha"},"content":{"rendered":"<p>Sa\u00edda de escape de a\u00e7o inoxid\u00e1vel 60 mm com aba de borracha &#8211; <\/p>\n<p>Sa\u00eddas de escape em a\u00e7o inoxid\u00e1vel para transom com v\u00e1lvula de reten\u00e7\u00e3o.<\/p>\n","protected":false},"excerpt":{"rendered":"<p>Sa\u00edda de escape de a\u00e7o inoxid\u00e1vel 60 mm com aba de borracha &#8211; Sa\u00eddas de escape em a\u00e7o inoxid\u00e1vel para<\/p>\n","protected":false},"featured_media":5936575,"comment_status":"open","ping_status":"closed","template":"","meta":[],"product_brand":[3357],"product_cat":[2081],"product_tag":[],"class_list":{"0":"post-746182","1":"product","2":"type-product","3":"status-publish","4":"has-post-thumbnail","6":"product_brand-seaflow-pt","7":"product_cat-silenciadores-de-escape","9":"first","10":"instock","11":"shipping-taxable","12":"purchasable","13":"product-type-simple"},"_links":{"self":[{"href":"https:\/\/stoic-curie.212-227-153-4.plesk.page\/pt\/wp-json\/wp\/v2\/product\/746182","targetHints":{"allow":["GET"]}}],"collection":[{"href":"https:\/\/stoic-curie.212-227-153-4.plesk.page\/pt\/wp-json\/wp\/v2\/product"}],"about":[{"href":"https:\/\/stoic-curie.212-227-153-4.plesk.page\/pt\/wp-json\/wp\/v2\/types\/product"}],"replies":[{"embeddable":true,"href":"https:\/\/stoic-curie.212-227-153-4.plesk.page\/pt\/wp-json\/wp\/v2\/comments?post=746182"}],"version-history":[{"count":0,"href":"https:\/\/stoic-curie.212-227-153-4.plesk.page\/pt\/wp-json\/wp\/v2\/product\/746182\/revisions"}],"wp:featuredmedia":[{"embeddable":true,"href":"https:\/\/stoic-curie.212-227-153-4.plesk.page\/pt\/wp-json\/wp\/v2\/media\/5936575"}],"wp:attachment":[{"href":"https:\/\/stoic-curie.212-227-153-4.plesk.page\/pt\/wp-json\/wp\/v2\/media?parent=746182"}],"wp:term":[{"taxonomy":"product_brand","embeddable":true,"href":"https:\/\/stoic-curie.212-227-153-4.plesk.page\/pt\/wp-json\/wp\/v2\/product_brand?post=746182"},{"taxonomy":"product_cat","embeddable":true,"href":"https:\/\/stoic-curie.212-227-153-4.plesk.page\/pt\/wp-json\/wp\/v2\/product_cat?post=746182"},{"taxonomy":"product_tag","embeddable":true,"href":"https:\/\/stoic-curie.212-227-153-4.plesk.page\/pt\/wp-json\/wp\/v2\/product_tag?post=746182"}],"curies":[{"name":"wp","href":"https:\/\/api.w.org\/{rel}","templated":true}]}}