{"id":746186,"date":"2025-03-03T20:47:21","date_gmt":"2025-03-03T19:47:21","guid":{"rendered":"https:\/\/stoic-curie.212-227-153-4.plesk.page\/producto\/frigorifico-virifrigo-c115i-en-115lt-12-24v\/"},"modified":"2026-02-25T00:27:38","modified_gmt":"2026-02-25T00:27:38","slug":"frigorifico-virifrigo-c115i-en-115lt-12-24v","status":"publish","type":"product","link":"https:\/\/stoic-curie.212-227-153-4.plesk.page\/pt\/product\/frigorifico-virifrigo-c115i-en-115lt-12-24v\/","title":{"rendered":"Frigor\u00edfico-Congelador Vitrifrigo C115i"},"content":{"rendered":"<p>Frigor\u00edfico-Congelador Vitrifrigo C115i &#8211; <\/p>\n<p>Apresentamos o Refrigerador-Freezer C115i CHR da Vitrifrigo, uma escolha confi\u00e1vel para suas necessidades de navega\u00e7\u00e3o. Este modelo conta com um elegante design em cinza e \u00e9 equipado com uma unidade de resfriamento Danfoss interna de 12\/24V. A porta \u00e9 revers\u00edvel e inclui uma posi\u00e7\u00e3o de ventila\u00e7\u00e3o para momentos em que o refrigerador n\u00e3o est\u00e1 em uso. Tamb\u00e9m vem com uma luz LED e um termostato mec\u00e2nico para f\u00e1cil controle da temperatura.<\/p>\n<p>O C115i CHR oferece uma capacidade total de 115 litros, com um compartimento de freezer opcional que fornece 17,1 litros de espa\u00e7o adicional. A unidade de refrigera\u00e7\u00e3o est\u00e1 convenientemente localizada dentro do aparelho.<\/p>\n<p>Este modelo inclui um termostato manual, enquanto a variante C115iD CHR apresenta um termostato digital para aqueles que preferem uma op\u00e7\u00e3o mais avan\u00e7ada.<\/p>\n<p>Uma das caracter\u00edsticas marcantes do C115i CHR \u00e9 a sua porta em cinza que pode ser em painel, equipada com um sistema de fecho a press\u00e3o para evitar aberturas acidentais. Al\u00e9m disso, a porta inclui um sistema inovador de &#8220;posi\u00e7\u00e3o de ventila\u00e7\u00e3o&#8221; integrado na ma\u00e7aneta. Isso permite uma abertura parcial durante a inatividade, ajudando a evitar bolor e odores desagrad\u00e1veis, garantindo que seus alimentos permane\u00e7am frescos.<\/p>\n<p><strong>Especifica\u00e7\u00f5es:<\/strong><\/p>\n<ul>\n<li><strong>Acabamento da porta:<\/strong> Laminado<\/li>\n<li><strong>Capacidade:<\/strong> 115 litros<\/li>\n<li><strong>Altura:<\/strong> 766 mm<\/li>\n<li><strong>Comprimento:<\/strong> 525 mm<\/li>\n<li><strong>Profundidade:<\/strong> 560 mm<\/li>\n<li><strong>Peso:<\/strong> 21,20 kg<\/li>\n<li><strong>S\u00e9rie:<\/strong> Chromelock<\/li>\n<li><strong>Porta Revers\u00edvel:<\/strong> Sim<\/li>\n<li><strong>Termostato:<\/strong> Mec\u00e2nico<\/li>\n<li><strong>Tecnologia de refrigera\u00e7\u00e3o:<\/strong> Compressor<\/li>\n<li><strong>Unidade de refrigera\u00e7\u00e3o:<\/strong> Interna<\/li>\n<li><strong>Abertura da porta:<\/strong> Porta frontal simples<\/li>\n<li><strong>Tens\u00e3o:<\/strong> 12\/24 VDC<\/li>\n<\/ul>\n<p>O Refrigerador-Freezer C115i CHR \u00e9 uma excelente adi\u00e7\u00e3o ao seu barco, combinando funcionalidade com um design moderno.<\/p>\n","protected":false},"excerpt":{"rendered":"<p>Frigor\u00edfico-Congelador Vitrifrigo C115i &#8211; Apresentamos o Refrigerador-Freezer C115i CHR da Vitrifrigo, uma escolha confi\u00e1vel para suas necessidades de navega\u00e7\u00e3o. Este<\/p>\n","protected":false},"featured_media":5936576,"comment_status":"open","ping_status":"closed","template":"","meta":[],"product_brand":[3527],"product_cat":[2038],"product_tag":[],"class_list":{"0":"post-746186","1":"product","2":"type-product","3":"status-publish","4":"has-post-thumbnail","6":"product_brand-vitrifrigo-pt","7":"product_cat-frigorificos-e-congeladores","9":"first","10":"instock","11":"shipping-taxable","12":"purchasable","13":"product-type-simple"},"_links":{"self":[{"href":"https:\/\/stoic-curie.212-227-153-4.plesk.page\/pt\/wp-json\/wp\/v2\/product\/746186","targetHints":{"allow":["GET"]}}],"collection":[{"href":"https:\/\/stoic-curie.212-227-153-4.plesk.page\/pt\/wp-json\/wp\/v2\/product"}],"about":[{"href":"https:\/\/stoic-curie.212-227-153-4.plesk.page\/pt\/wp-json\/wp\/v2\/types\/product"}],"replies":[{"embeddable":true,"href":"https:\/\/stoic-curie.212-227-153-4.plesk.page\/pt\/wp-json\/wp\/v2\/comments?post=746186"}],"version-history":[{"count":0,"href":"https:\/\/stoic-curie.212-227-153-4.plesk.page\/pt\/wp-json\/wp\/v2\/product\/746186\/revisions"}],"wp:featuredmedia":[{"embeddable":true,"href":"https:\/\/stoic-curie.212-227-153-4.plesk.page\/pt\/wp-json\/wp\/v2\/media\/5936576"}],"wp:attachment":[{"href":"https:\/\/stoic-curie.212-227-153-4.plesk.page\/pt\/wp-json\/wp\/v2\/media?parent=746186"}],"wp:term":[{"taxonomy":"product_brand","embeddable":true,"href":"https:\/\/stoic-curie.212-227-153-4.plesk.page\/pt\/wp-json\/wp\/v2\/product_brand?post=746186"},{"taxonomy":"product_cat","embeddable":true,"href":"https:\/\/stoic-curie.212-227-153-4.plesk.page\/pt\/wp-json\/wp\/v2\/product_cat?post=746186"},{"taxonomy":"product_tag","embeddable":true,"href":"https:\/\/stoic-curie.212-227-153-4.plesk.page\/pt\/wp-json\/wp\/v2\/product_tag?post=746186"}],"curies":[{"name":"wp","href":"https:\/\/api.w.org\/{rel}","templated":true}]}}