{"id":746190,"date":"2025-03-03T20:47:22","date_gmt":"2025-03-03T19:47:22","guid":{"rendered":"https:\/\/stoic-curie.212-227-153-4.plesk.page\/producto\/escotilhas-saralon-jba-565-x-565mm\/"},"modified":"2026-02-25T00:27:38","modified_gmt":"2026-02-25T00:27:38","slug":"escotilhas-saralon-jba-565-x-565mm","status":"publish","type":"product","link":"https:\/\/stoic-curie.212-227-153-4.plesk.page\/pt\/product\/escotilhas-saralon-jba-565-x-565mm\/","title":{"rendered":"Escotilhas Saralon JBA 565 x 565mm"},"content":{"rendered":"<p>Escotilhas Saralon JBA 565 x 565mm &#8211; <\/p>\n<p style=\"color: rgb(34, 34, 34); font-family: Arial, Helvetica, sans-serif; font-size: small;\">Apresentamos os Hatches Mar\u00edtimos Jim Black, projetados com foco na praticidade, est\u00e9tica e desempenho duradouro. Esses hatches s\u00e3o constru\u00eddos com uma estrutura de resina Saralon de Polipropileno excepcionalmente resistente, que suporta Clima adverso, impactos, solventes e exposi\u00e7\u00e3o a UV. Para maior seguran\u00e7a, eles v\u00eam equipados com al\u00e7as externas para sa\u00eddas de emerg\u00eancia.<\/p>\n<p style=\"color: rgb(34, 34, 34); font-family: Arial, Helvetica, sans-serif; font-size: small;\">Cada hatch possui uma lente de vidro temperado que \u00e9 resistente a choques e arranh\u00f5es, garantindo visibilidade clara. Cada unidade \u00e9 fornecida com um anel de acabamento e possui uma altura de deck de 28 mm.<\/p>\n<p style=\"color: rgb(34, 34, 34); font-family: Arial, Helvetica, sans-serif; font-size: small;\">Caracter\u00edsticas Destacadas:<\/p>\n<ul style=\"color: rgb(34, 34, 34); font-family: Arial, Helvetica, sans-serif; font-size: small;\">\n<li><strong>Materiais<\/strong>: Feito de polipropileno refor\u00e7ado com vidro e resina Saralon estabilizada em UV.<\/li>\n<li><strong>Resist\u00eancia \u00e0 \u00c1gua<\/strong>: Projetados para serem imperme\u00e1veis, esses hatches incorporam um selo robusto para bloquear a entrada de \u00e1gua.<\/li>\n<li><strong>Resist\u00eancia<\/strong>: Projetados para a longevidade, os hatches Jim Black incluem um selo de n\u00facleo oco para maior durabilidade.<\/li>\n<li><strong>Resist\u00eancia \u00e0s Condi\u00e7\u00f5es Clim\u00e1ticas<\/strong>: Ideais para ambientes de alto tr\u00e1fego, esses hatches s\u00e3o excelentes para armazenamento seco e para acesso a sistemas hidr\u00e1ulicos e el\u00e9tricos.<\/li>\n<\/ul>\n<p style=\"color: rgb(34, 34, 34); font-family: Arial, Helvetica, sans-serif; font-size: small;\">Detalhes Adicionais:<\/p>\n<ul style=\"color: rgb(34, 34, 34); font-family: Arial, Helvetica, sans-serif; font-size: small;\">\n<li>Resina Pl\u00e1stica Est\u00e1vel aos UV<\/li>\n<li>Resistente a Produtos Qu\u00edmicos<\/li>\n<li>Selo Oco de 2&#8243; com .500 de Compress\u00e3o para Superior Resist\u00eancia \u00e0 \u00c1gua<\/li>\n<li>Vidro Temperado de 1\/4&#8243; para Resist\u00eancia, Clareza e Resist\u00eancia Qu\u00edmica<\/li>\n<li>Anel de Acabamento Complementar<\/li>\n<li>Certificado CE<\/li>\n<li>Al\u00e7as Externas para Sa\u00eddas de Emerg\u00eancia<\/li>\n<\/ul>\n<p style=\"color: rgb(34, 34, 34); font-family: Arial, Helvetica, sans-serif; font-size: small;\">Opte pelos Hatches Mar\u00edtimos Jim Black para uma op\u00e7\u00e3o confi\u00e1vel e estilosa para suas necessidades mar\u00edtimas.<\/p>\n","protected":false},"excerpt":{"rendered":"<p>Escotilhas Saralon JBA 565 x 565mm &#8211; Apresentamos os Hatches Mar\u00edtimos Jim Black, projetados com foco na praticidade, est\u00e9tica e<\/p>\n","protected":false},"featured_media":5936586,"comment_status":"open","ping_status":"closed","template":"","meta":[],"product_brand":[3037],"product_cat":[1989],"product_tag":[],"class_list":{"0":"post-746190","1":"product","2":"type-product","3":"status-publish","4":"has-post-thumbnail","6":"product_brand-jba-marine-pt","7":"product_cat-escotilhas","9":"first","10":"instock","11":"shipping-taxable","12":"purchasable","13":"product-type-simple"},"_links":{"self":[{"href":"https:\/\/stoic-curie.212-227-153-4.plesk.page\/pt\/wp-json\/wp\/v2\/product\/746190","targetHints":{"allow":["GET"]}}],"collection":[{"href":"https:\/\/stoic-curie.212-227-153-4.plesk.page\/pt\/wp-json\/wp\/v2\/product"}],"about":[{"href":"https:\/\/stoic-curie.212-227-153-4.plesk.page\/pt\/wp-json\/wp\/v2\/types\/product"}],"replies":[{"embeddable":true,"href":"https:\/\/stoic-curie.212-227-153-4.plesk.page\/pt\/wp-json\/wp\/v2\/comments?post=746190"}],"version-history":[{"count":0,"href":"https:\/\/stoic-curie.212-227-153-4.plesk.page\/pt\/wp-json\/wp\/v2\/product\/746190\/revisions"}],"wp:featuredmedia":[{"embeddable":true,"href":"https:\/\/stoic-curie.212-227-153-4.plesk.page\/pt\/wp-json\/wp\/v2\/media\/5936586"}],"wp:attachment":[{"href":"https:\/\/stoic-curie.212-227-153-4.plesk.page\/pt\/wp-json\/wp\/v2\/media?parent=746190"}],"wp:term":[{"taxonomy":"product_brand","embeddable":true,"href":"https:\/\/stoic-curie.212-227-153-4.plesk.page\/pt\/wp-json\/wp\/v2\/product_brand?post=746190"},{"taxonomy":"product_cat","embeddable":true,"href":"https:\/\/stoic-curie.212-227-153-4.plesk.page\/pt\/wp-json\/wp\/v2\/product_cat?post=746190"},{"taxonomy":"product_tag","embeddable":true,"href":"https:\/\/stoic-curie.212-227-153-4.plesk.page\/pt\/wp-json\/wp\/v2\/product_tag?post=746190"}],"curies":[{"name":"wp","href":"https:\/\/api.w.org\/{rel}","templated":true}]}}