{"id":746191,"date":"2025-03-03T20:47:22","date_gmt":"2025-03-03T19:47:22","guid":{"rendered":"https:\/\/stoic-curie.212-227-153-4.plesk.page\/producto\/wc-johnson-aquat-manual-conforto\/"},"modified":"2026-02-25T00:27:38","modified_gmt":"2026-02-25T00:27:38","slug":"wc-johnson-aquat-manual-conforto","status":"publish","type":"product","link":"https:\/\/stoic-curie.212-227-153-4.plesk.page\/pt\/product\/wc-johnson-aquat-manual-conforto\/","title":{"rendered":"WC Johnson AquaT Manual Conforto"},"content":{"rendered":"<p>WC Johnson AquaT Manual Conforto &#8211; <\/p>\n<p>O vaso sanit\u00e1rio Johnson AquaT apresenta uma bomba de m\u00e3o auto-prim\u00e1ria de dupla a\u00e7\u00e3o projetada ergonomicamente que pode ser montada \u00e0 direita ou \u00e0 esquerda. Funciona com \u00e1gua doce e salgada e pode ser montado acima ou abaixo da linha d&#8217;\u00e1gua.<br \/>Dispon\u00edvel em tr\u00eas modelos:<br \/>\u2022 Compacto \u2013 mais compacto para espa\u00e7os limitados com um assento redondo<br \/>\u2022 Conforto \u2013 maior e mais confort\u00e1vel com um assento oval<br \/>\u2022 Super Compacto \u2013 menor e mais leve com um assento redondo<br \/>Fabricado com porcelana vitrificada branca de qualidade excepcional para perfeita higiene.<br \/>Pr\u00e1tico, silencioso e confi\u00e1vel. A\u00e7\u00e3o forte de redemoinho para um enx\u00e1gue eficiente.<br \/>Guia de haste de pist\u00e3o de lat\u00e3o para maior durabilidade.<br \/>Fechamento da v\u00e1lvula superior assistido por mola para facilitar a auto-primagem.<br \/>V\u00e1lvulas de verifica\u00e7\u00e3o duplas com um di\u00e2metro total de 38 mm (1 1\/2&#8243;) para evitar o refluxo.<br \/>Sa\u00edda multi-\u00e2ngulo para maior liberdade de instala\u00e7\u00e3o.<br \/>Plugue de base de dupla veda\u00e7\u00e3o para drenagem no inverno e f\u00e1cil acesso \u00e0 limpeza.<br \/>Pontos de montagem acess\u00edveis para instala\u00e7\u00e3o mais r\u00e1pida sem ferramentas especiais.<br \/>Padr\u00e3o de furo flex\u00edvel na base para f\u00e1cil substitui\u00e7\u00e3o com os vasos sanit\u00e1rios mais comuns no mercado. Entrada \u00c3\u00b8 20 mm (3\/4&#8243;) sa\u00edda \u00c3\u00b8 38 mm (1&#8243; 1\/2). 3 anos de garantia.<\/p>\n","protected":false},"excerpt":{"rendered":"<p>WC Johnson AquaT Manual Conforto &#8211; O vaso sanit\u00e1rio Johnson AquaT apresenta uma bomba de m\u00e3o auto-prim\u00e1ria de dupla a\u00e7\u00e3o<\/p>\n","protected":false},"featured_media":5936591,"comment_status":"open","ping_status":"closed","template":"","meta":[],"product_brand":[3047],"product_cat":[1962],"product_tag":[],"class_list":{"0":"post-746191","1":"product","2":"type-product","3":"status-publish","4":"has-post-thumbnail","6":"product_brand-johnson-marine-pt","7":"product_cat-sanitarios-e-casas-de-banho","9":"first","10":"instock","11":"shipping-taxable","12":"purchasable","13":"product-type-simple"},"_links":{"self":[{"href":"https:\/\/stoic-curie.212-227-153-4.plesk.page\/pt\/wp-json\/wp\/v2\/product\/746191","targetHints":{"allow":["GET"]}}],"collection":[{"href":"https:\/\/stoic-curie.212-227-153-4.plesk.page\/pt\/wp-json\/wp\/v2\/product"}],"about":[{"href":"https:\/\/stoic-curie.212-227-153-4.plesk.page\/pt\/wp-json\/wp\/v2\/types\/product"}],"replies":[{"embeddable":true,"href":"https:\/\/stoic-curie.212-227-153-4.plesk.page\/pt\/wp-json\/wp\/v2\/comments?post=746191"}],"version-history":[{"count":0,"href":"https:\/\/stoic-curie.212-227-153-4.plesk.page\/pt\/wp-json\/wp\/v2\/product\/746191\/revisions"}],"wp:featuredmedia":[{"embeddable":true,"href":"https:\/\/stoic-curie.212-227-153-4.plesk.page\/pt\/wp-json\/wp\/v2\/media\/5936591"}],"wp:attachment":[{"href":"https:\/\/stoic-curie.212-227-153-4.plesk.page\/pt\/wp-json\/wp\/v2\/media?parent=746191"}],"wp:term":[{"taxonomy":"product_brand","embeddable":true,"href":"https:\/\/stoic-curie.212-227-153-4.plesk.page\/pt\/wp-json\/wp\/v2\/product_brand?post=746191"},{"taxonomy":"product_cat","embeddable":true,"href":"https:\/\/stoic-curie.212-227-153-4.plesk.page\/pt\/wp-json\/wp\/v2\/product_cat?post=746191"},{"taxonomy":"product_tag","embeddable":true,"href":"https:\/\/stoic-curie.212-227-153-4.plesk.page\/pt\/wp-json\/wp\/v2\/product_tag?post=746191"}],"curies":[{"name":"wp","href":"https:\/\/api.w.org\/{rel}","templated":true}]}}