{"id":746212,"date":"2025-03-03T20:47:29","date_gmt":"2025-03-03T19:47:29","guid":{"rendered":"https:\/\/stoic-curie.212-227-153-4.plesk.page\/producto\/elevadores-de-mola-a-gas-uflex-l275-10kg-aco-inoxidavel\/"},"modified":"2026-02-25T00:27:38","modified_gmt":"2026-02-25T00:27:38","slug":"elevadores-de-mola-a-gas-uflex-l275-10kg-aco-inoxidavel","status":"publish","type":"product","link":"https:\/\/stoic-curie.212-227-153-4.plesk.page\/pt\/product\/elevadores-de-mola-a-gas-uflex-l275-10kg-aco-inoxidavel\/","title":{"rendered":"Elevadores de mola a g\u00e1s Uflex L275 10KG a\u00e7o inoxid\u00e1vel"},"content":{"rendered":"<p>Elevadores de mola a g\u00e1s Uflex L275 10KG a\u00e7o inoxid\u00e1vel &#8211; <\/p>\n<p>Amortecedores a g\u00e1s de qualidade superior, projetados especialmente para a abertura suave e f\u00e1cil de escotilhas de conv\u00e9s e compartimentos de motor. Eixo e corpo em a\u00e7o inoxid\u00e1vel.<\/p>\n","protected":false},"excerpt":{"rendered":"<p>Elevadores de mola a g\u00e1s Uflex L275 10KG a\u00e7o inoxid\u00e1vel &#8211; Amortecedores a g\u00e1s de qualidade superior, projetados especialmente para<\/p>\n","protected":false},"featured_media":5936609,"comment_status":"open","ping_status":"closed","template":"","meta":[],"product_brand":[2169,3502],"product_cat":[1975],"product_tag":[],"class_list":{"0":"post-746212","1":"product","2":"type-product","3":"status-publish","4":"has-post-thumbnail","6":"product_brand-ultraflex-uflex","7":"product_brand-ultraflex-uflex-pt","8":"product_cat-amortecedores-para-escotilhas","10":"first","11":"instock","12":"shipping-taxable","13":"purchasable","14":"product-type-simple"},"_links":{"self":[{"href":"https:\/\/stoic-curie.212-227-153-4.plesk.page\/pt\/wp-json\/wp\/v2\/product\/746212","targetHints":{"allow":["GET"]}}],"collection":[{"href":"https:\/\/stoic-curie.212-227-153-4.plesk.page\/pt\/wp-json\/wp\/v2\/product"}],"about":[{"href":"https:\/\/stoic-curie.212-227-153-4.plesk.page\/pt\/wp-json\/wp\/v2\/types\/product"}],"replies":[{"embeddable":true,"href":"https:\/\/stoic-curie.212-227-153-4.plesk.page\/pt\/wp-json\/wp\/v2\/comments?post=746212"}],"version-history":[{"count":0,"href":"https:\/\/stoic-curie.212-227-153-4.plesk.page\/pt\/wp-json\/wp\/v2\/product\/746212\/revisions"}],"wp:featuredmedia":[{"embeddable":true,"href":"https:\/\/stoic-curie.212-227-153-4.plesk.page\/pt\/wp-json\/wp\/v2\/media\/5936609"}],"wp:attachment":[{"href":"https:\/\/stoic-curie.212-227-153-4.plesk.page\/pt\/wp-json\/wp\/v2\/media?parent=746212"}],"wp:term":[{"taxonomy":"product_brand","embeddable":true,"href":"https:\/\/stoic-curie.212-227-153-4.plesk.page\/pt\/wp-json\/wp\/v2\/product_brand?post=746212"},{"taxonomy":"product_cat","embeddable":true,"href":"https:\/\/stoic-curie.212-227-153-4.plesk.page\/pt\/wp-json\/wp\/v2\/product_cat?post=746212"},{"taxonomy":"product_tag","embeddable":true,"href":"https:\/\/stoic-curie.212-227-153-4.plesk.page\/pt\/wp-json\/wp\/v2\/product_tag?post=746212"}],"curies":[{"name":"wp","href":"https:\/\/api.w.org\/{rel}","templated":true}]}}