{"id":746222,"date":"2025-03-03T20:47:32","date_gmt":"2025-03-03T19:47:32","guid":{"rendered":"https:\/\/stoic-curie.212-227-153-4.plesk.page\/producto\/buzina-eletrica-de-aco-inoxidavel-mmma-400-mm-12-v\/"},"modified":"2026-02-25T00:27:38","modified_gmt":"2026-02-25T00:27:38","slug":"buzina-eletrica-de-aco-inoxidavel-mmma-400-mm-12-v","status":"publish","type":"product","link":"https:\/\/stoic-curie.212-227-153-4.plesk.page\/pt\/product\/buzina-eletrica-de-aco-inoxidavel-mmma-400-mm-12-v\/","title":{"rendered":"Buzina el\u00e9trica de a\u00e7o inoxid\u00e1vel MMMA 400 mm 12 v"},"content":{"rendered":"<p>Buzina el\u00e9trica de a\u00e7o inoxid\u00e1vel MMMA 400 mm 12 v &#8211; <\/p>\n<p>Apito de trompete el\u00e9trico de diafragma \u00fanica em a\u00e7o inoxid\u00e1vel aprovado pelo NMMA. Suporte com cabo embutido.<\/p>\n","protected":false},"excerpt":{"rendered":"<p>Buzina el\u00e9trica de a\u00e7o inoxid\u00e1vel MMMA 400 mm 12 v &#8211; Apito de trompete el\u00e9trico de diafragma \u00fanica em a\u00e7o<\/p>\n","protected":false},"featured_media":5936629,"comment_status":"open","ping_status":"closed","template":"","meta":[],"product_brand":[3097],"product_cat":[2034],"product_tag":[],"class_list":{"0":"post-746222","1":"product","2":"type-product","3":"status-publish","4":"has-post-thumbnail","6":"product_brand-marco-pt","7":"product_cat-buzinas","9":"first","10":"instock","11":"shipping-taxable","12":"purchasable","13":"product-type-simple"},"_links":{"self":[{"href":"https:\/\/stoic-curie.212-227-153-4.plesk.page\/pt\/wp-json\/wp\/v2\/product\/746222","targetHints":{"allow":["GET"]}}],"collection":[{"href":"https:\/\/stoic-curie.212-227-153-4.plesk.page\/pt\/wp-json\/wp\/v2\/product"}],"about":[{"href":"https:\/\/stoic-curie.212-227-153-4.plesk.page\/pt\/wp-json\/wp\/v2\/types\/product"}],"replies":[{"embeddable":true,"href":"https:\/\/stoic-curie.212-227-153-4.plesk.page\/pt\/wp-json\/wp\/v2\/comments?post=746222"}],"version-history":[{"count":0,"href":"https:\/\/stoic-curie.212-227-153-4.plesk.page\/pt\/wp-json\/wp\/v2\/product\/746222\/revisions"}],"wp:featuredmedia":[{"embeddable":true,"href":"https:\/\/stoic-curie.212-227-153-4.plesk.page\/pt\/wp-json\/wp\/v2\/media\/5936629"}],"wp:attachment":[{"href":"https:\/\/stoic-curie.212-227-153-4.plesk.page\/pt\/wp-json\/wp\/v2\/media?parent=746222"}],"wp:term":[{"taxonomy":"product_brand","embeddable":true,"href":"https:\/\/stoic-curie.212-227-153-4.plesk.page\/pt\/wp-json\/wp\/v2\/product_brand?post=746222"},{"taxonomy":"product_cat","embeddable":true,"href":"https:\/\/stoic-curie.212-227-153-4.plesk.page\/pt\/wp-json\/wp\/v2\/product_cat?post=746222"},{"taxonomy":"product_tag","embeddable":true,"href":"https:\/\/stoic-curie.212-227-153-4.plesk.page\/pt\/wp-json\/wp\/v2\/product_tag?post=746222"}],"curies":[{"name":"wp","href":"https:\/\/api.w.org\/{rel}","templated":true}]}}