{"id":746223,"date":"2025-03-03T20:47:33","date_gmt":"2025-03-03T19:47:33","guid":{"rendered":"https:\/\/stoic-curie.212-227-153-4.plesk.page\/producto\/escotilhas-saralon-jba-525-x-525mm\/"},"modified":"2026-02-25T00:27:38","modified_gmt":"2026-02-25T00:27:38","slug":"escotilhas-saralon-jba-525-x-525mm","status":"publish","type":"product","link":"https:\/\/stoic-curie.212-227-153-4.plesk.page\/pt\/product\/escotilhas-saralon-jba-525-x-525mm\/","title":{"rendered":"Escotilhas Saralon JBA 525 x 525mm"},"content":{"rendered":"<p>Escotilhas Saralon JBA 525 x 525mm &#8211; <\/p>\n<p style=\"color: rgb(34, 34, 34); font-family: Arial, Helvetica, sans-serif; font-size: small;\">Temos o prazer de apresentar os Hatches Marinhos Jim Black, meticulosamente projetados com \u00eanfase na praticidade, est\u00e9tica e desempenho duradouro. Esses hatches s\u00e3o constru\u00eddos com uma estrutura de resina Saralon Polipropileno altamente dur\u00e1vel, projetada para suportar condi\u00e7\u00f5es clim\u00e1ticas severas, impactos, solventes e exposi\u00e7\u00e3o aos raios UV. Para maior seguran\u00e7a, cada hatch \u00e9 equipado com al\u00e7as externas que facilitam sa\u00eddas de emerg\u00eancia.<\/p>\n<p style=\"color: rgb(34, 34, 34); font-family: Arial, Helvetica, sans-serif; font-size: small;\">Cada unidade \u00e9 dotada de uma lente de vidro temperado, resistente a choques e arranh\u00f5es, garantindo uma visibilidade ideal. Al\u00e9m disso, cada hatch \u00e9 fornecido com um anel e possui uma altura de deck de 28 mm.<\/p>\n<p style=\"color: rgb(34, 34, 34); font-family: Arial, Helvetica, sans-serif; font-size: small;\"><strong>Destaques:<\/strong><\/p>\n<ul style=\"color: rgb(34, 34, 34); font-family: Arial, Helvetica, sans-serif; font-size: small;\">\n<li><strong>Materiais<\/strong>: Constru\u00eddo em polipropileno refor\u00e7ado com vidro e resina Saralon estabilizada UV.<\/li>\n<li><strong>Resist\u00eancia \u00e0 \u00c1gua<\/strong>: Projetados para serem \u00e0 prova d&#8217;\u00e1gua, esses hatches incorporam uma veda\u00e7\u00e3o robusta para evitar a entrada de \u00e1gua.<\/li>\n<li><strong>For\u00e7a<\/strong>: Projetado para longevidade, os hatches Jim Black incluem uma veda\u00e7\u00e3o de n\u00facleo oco para maior durabilidade.<\/li>\n<li><strong>Resist\u00eancia ao Clima<\/strong>: Perfeito para ambientes de alto tr\u00e1fego, esses hatches s\u00e3o ideais para armazenamento seco e para acessar sistemas hidr\u00e1ulicos e el\u00e9tricos.<\/li>\n<\/ul>\n<p style=\"color: rgb(34, 34, 34); font-family: Arial, Helvetica, sans-serif; font-size: small;\"><strong>Detalhes Adicionais:<\/strong><\/p>\n<ul style=\"color: rgb(34, 34, 34); font-family: Arial, Helvetica, sans-serif; font-size: small;\">\n<li>Resina Pl\u00e1stica Est\u00e1vel aos Raios UV<\/li>\n<li>Resistente a Qu\u00edmicos<\/li>\n<li>Veda\u00e7\u00e3o de N\u00facleo Oco de 2&#8243; com .500 de Compress\u00e3o para Superior Resist\u00eancia \u00e0 \u00c1gua<\/li>\n<li>Vidro Temperado de 1\/4&#8243; para For\u00e7a, Clareza e Resist\u00eancia Qu\u00edmica<\/li>\n<li>Anel Complementar<\/li>\n<li>Certificado CE<\/li>\n<li>Al\u00e7as Externas para Sa\u00eddas de Emerg\u00eancia<\/li>\n<\/ul>\n<p style=\"color: rgb(34, 34, 34); font-family: Arial, Helvetica, sans-serif; font-size: small;\">Escolha os Hatches Marinhos Jim Black para uma solu\u00e7\u00e3o confi\u00e1vel e elegante para suas necessidades mar\u00edtimas.<\/p>\n","protected":false},"excerpt":{"rendered":"<p>Escotilhas Saralon JBA 525 x 525mm &#8211; Temos o prazer de apresentar os Hatches Marinhos Jim Black, meticulosamente projetados com<\/p>\n","protected":false},"featured_media":5936586,"comment_status":"open","ping_status":"closed","template":"","meta":[],"product_brand":[3037],"product_cat":[1989],"product_tag":[],"class_list":{"0":"post-746223","1":"product","2":"type-product","3":"status-publish","4":"has-post-thumbnail","6":"product_brand-jba-marine-pt","7":"product_cat-escotilhas","9":"first","10":"instock","11":"shipping-taxable","12":"purchasable","13":"product-type-simple"},"_links":{"self":[{"href":"https:\/\/stoic-curie.212-227-153-4.plesk.page\/pt\/wp-json\/wp\/v2\/product\/746223","targetHints":{"allow":["GET"]}}],"collection":[{"href":"https:\/\/stoic-curie.212-227-153-4.plesk.page\/pt\/wp-json\/wp\/v2\/product"}],"about":[{"href":"https:\/\/stoic-curie.212-227-153-4.plesk.page\/pt\/wp-json\/wp\/v2\/types\/product"}],"replies":[{"embeddable":true,"href":"https:\/\/stoic-curie.212-227-153-4.plesk.page\/pt\/wp-json\/wp\/v2\/comments?post=746223"}],"version-history":[{"count":0,"href":"https:\/\/stoic-curie.212-227-153-4.plesk.page\/pt\/wp-json\/wp\/v2\/product\/746223\/revisions"}],"wp:featuredmedia":[{"embeddable":true,"href":"https:\/\/stoic-curie.212-227-153-4.plesk.page\/pt\/wp-json\/wp\/v2\/media\/5936586"}],"wp:attachment":[{"href":"https:\/\/stoic-curie.212-227-153-4.plesk.page\/pt\/wp-json\/wp\/v2\/media?parent=746223"}],"wp:term":[{"taxonomy":"product_brand","embeddable":true,"href":"https:\/\/stoic-curie.212-227-153-4.plesk.page\/pt\/wp-json\/wp\/v2\/product_brand?post=746223"},{"taxonomy":"product_cat","embeddable":true,"href":"https:\/\/stoic-curie.212-227-153-4.plesk.page\/pt\/wp-json\/wp\/v2\/product_cat?post=746223"},{"taxonomy":"product_tag","embeddable":true,"href":"https:\/\/stoic-curie.212-227-153-4.plesk.page\/pt\/wp-json\/wp\/v2\/product_tag?post=746223"}],"curies":[{"name":"wp","href":"https:\/\/api.w.org\/{rel}","templated":true}]}}