{"id":746224,"date":"2025-03-03T20:47:33","date_gmt":"2025-03-03T19:47:33","guid":{"rendered":"https:\/\/stoic-curie.212-227-153-4.plesk.page\/producto\/bussola-de-navegacao-riviera-aries-65mm-branco-e-preto\/"},"modified":"2026-02-25T00:27:38","modified_gmt":"2026-02-25T00:27:38","slug":"bussola-de-navegacao-riviera-aries-65mm-branco-e-preto","status":"publish","type":"product","link":"https:\/\/stoic-curie.212-227-153-4.plesk.page\/pt\/product\/bussola-de-navegacao-riviera-aries-65mm-branco-e-preto\/","title":{"rendered":"B\u00fassola de navega\u00e7\u00e3o Riviera Aries 65mm Branco e preto"},"content":{"rendered":"<p>B\u00fassola de navega\u00e7\u00e3o Riviera Aries 65mm Branco e preto &#8211; <\/p>\n<p>Compasso de montanha de bodega Aries com tela anti-reflexo para pequenos barcos. <br \/> \u2022 F\u00e1cil de remover gra\u00e7as ao suporte de baioneta <br \/> \u2022 Leitura noturna com d\u00edgitos luminosos <br \/> \u2022 Di\u00e2metro aparente do mapa 2 1\/2 &#8211; 65 mm <br \/> \u2022 Leitura frontal (gradua\u00e7\u00e3o do mapa 5\u00b0) <br \/> \u2022 Para barcos padr\u00e3o e de alta velocidade <br \/> \u2022 Garantia de 3 anos<\/p>\n","protected":false},"excerpt":{"rendered":"<p>B\u00fassola de navega\u00e7\u00e3o Riviera Aries 65mm Branco e preto &#8211; Compasso de montanha de bodega Aries com tela anti-reflexo para<\/p>\n","protected":false},"featured_media":5936635,"comment_status":"open","ping_status":"closed","template":"","meta":[],"product_brand":[3307],"product_cat":[2067],"product_tag":[],"class_list":{"0":"post-746224","1":"product","2":"type-product","3":"status-publish","4":"has-post-thumbnail","6":"product_brand-riviera-pt","7":"product_cat-bussola-de-navegacao","9":"first","10":"instock","11":"shipping-taxable","12":"purchasable","13":"product-type-simple"},"_links":{"self":[{"href":"https:\/\/stoic-curie.212-227-153-4.plesk.page\/pt\/wp-json\/wp\/v2\/product\/746224","targetHints":{"allow":["GET"]}}],"collection":[{"href":"https:\/\/stoic-curie.212-227-153-4.plesk.page\/pt\/wp-json\/wp\/v2\/product"}],"about":[{"href":"https:\/\/stoic-curie.212-227-153-4.plesk.page\/pt\/wp-json\/wp\/v2\/types\/product"}],"replies":[{"embeddable":true,"href":"https:\/\/stoic-curie.212-227-153-4.plesk.page\/pt\/wp-json\/wp\/v2\/comments?post=746224"}],"version-history":[{"count":0,"href":"https:\/\/stoic-curie.212-227-153-4.plesk.page\/pt\/wp-json\/wp\/v2\/product\/746224\/revisions"}],"wp:featuredmedia":[{"embeddable":true,"href":"https:\/\/stoic-curie.212-227-153-4.plesk.page\/pt\/wp-json\/wp\/v2\/media\/5936635"}],"wp:attachment":[{"href":"https:\/\/stoic-curie.212-227-153-4.plesk.page\/pt\/wp-json\/wp\/v2\/media?parent=746224"}],"wp:term":[{"taxonomy":"product_brand","embeddable":true,"href":"https:\/\/stoic-curie.212-227-153-4.plesk.page\/pt\/wp-json\/wp\/v2\/product_brand?post=746224"},{"taxonomy":"product_cat","embeddable":true,"href":"https:\/\/stoic-curie.212-227-153-4.plesk.page\/pt\/wp-json\/wp\/v2\/product_cat?post=746224"},{"taxonomy":"product_tag","embeddable":true,"href":"https:\/\/stoic-curie.212-227-153-4.plesk.page\/pt\/wp-json\/wp\/v2\/product_tag?post=746224"}],"curies":[{"name":"wp","href":"https:\/\/api.w.org\/{rel}","templated":true}]}}