{"id":746225,"date":"2025-03-03T20:47:33","date_gmt":"2025-03-03T19:47:33","guid":{"rendered":"https:\/\/stoic-curie.212-227-153-4.plesk.page\/producto\/bussola-navegacao-riviera-aries-branco\/"},"modified":"2026-02-25T00:27:38","modified_gmt":"2026-02-25T00:27:38","slug":"bussola-navegacao-riviera-aries-branco","status":"publish","type":"product","link":"https:\/\/stoic-curie.212-227-153-4.plesk.page\/pt\/product\/bussola-navegacao-riviera-aries-branco\/","title":{"rendered":"B\u00fassola navega\u00e7\u00e3o Riviera Aries Branco"},"content":{"rendered":"<p>B\u00fassola navega\u00e7\u00e3o Riviera Aries Branco &#8211; <\/p>\n<p>Br\u00fajula Aries de montagem em conv\u00e9s com tela anti-reflexo para pequenos barcos. <br \/>\u2022 F\u00e1cil de remover gra\u00e7as ao suporte de baioneta <br \/>\u2022 Leitura noturna com d\u00edgitos luminosos <br \/>\u2022 Di\u00e2metro aparente do mostrador 2 \u00bd &#8211; 65 mm <br \/>\u2022 Leitura frontal (gradua\u00e7\u00e3o do mostrador 5\u00b0) <br \/>\u2022 Para barcos padr\u00e3o e de alta velocidade <br \/>\u2022 Garantia de 3 anos<\/p>\n","protected":false},"excerpt":{"rendered":"<p>B\u00fassola navega\u00e7\u00e3o Riviera Aries Branco &#8211; Br\u00fajula Aries de montagem em conv\u00e9s com tela anti-reflexo para pequenos barcos. \u2022 F\u00e1cil<\/p>\n","protected":false},"featured_media":5936637,"comment_status":"open","ping_status":"closed","template":"","meta":[],"product_brand":[3307],"product_cat":[2067],"product_tag":[],"class_list":{"0":"post-746225","1":"product","2":"type-product","3":"status-publish","4":"has-post-thumbnail","6":"product_brand-riviera-pt","7":"product_cat-bussola-de-navegacao","9":"first","10":"instock","11":"shipping-taxable","12":"purchasable","13":"product-type-simple"},"_links":{"self":[{"href":"https:\/\/stoic-curie.212-227-153-4.plesk.page\/pt\/wp-json\/wp\/v2\/product\/746225","targetHints":{"allow":["GET"]}}],"collection":[{"href":"https:\/\/stoic-curie.212-227-153-4.plesk.page\/pt\/wp-json\/wp\/v2\/product"}],"about":[{"href":"https:\/\/stoic-curie.212-227-153-4.plesk.page\/pt\/wp-json\/wp\/v2\/types\/product"}],"replies":[{"embeddable":true,"href":"https:\/\/stoic-curie.212-227-153-4.plesk.page\/pt\/wp-json\/wp\/v2\/comments?post=746225"}],"version-history":[{"count":0,"href":"https:\/\/stoic-curie.212-227-153-4.plesk.page\/pt\/wp-json\/wp\/v2\/product\/746225\/revisions"}],"wp:featuredmedia":[{"embeddable":true,"href":"https:\/\/stoic-curie.212-227-153-4.plesk.page\/pt\/wp-json\/wp\/v2\/media\/5936637"}],"wp:attachment":[{"href":"https:\/\/stoic-curie.212-227-153-4.plesk.page\/pt\/wp-json\/wp\/v2\/media?parent=746225"}],"wp:term":[{"taxonomy":"product_brand","embeddable":true,"href":"https:\/\/stoic-curie.212-227-153-4.plesk.page\/pt\/wp-json\/wp\/v2\/product_brand?post=746225"},{"taxonomy":"product_cat","embeddable":true,"href":"https:\/\/stoic-curie.212-227-153-4.plesk.page\/pt\/wp-json\/wp\/v2\/product_cat?post=746225"},{"taxonomy":"product_tag","embeddable":true,"href":"https:\/\/stoic-curie.212-227-153-4.plesk.page\/pt\/wp-json\/wp\/v2\/product_tag?post=746225"}],"curies":[{"name":"wp","href":"https:\/\/api.w.org\/{rel}","templated":true}]}}