{"id":746227,"date":"2025-03-03T20:47:34","date_gmt":"2025-03-03T19:47:34","guid":{"rendered":"https:\/\/stoic-curie.212-227-153-4.plesk.page\/producto\/frigorifico-vitrifrigo-c39i-39lt-12-24v\/"},"modified":"2026-02-25T00:27:38","modified_gmt":"2026-02-25T00:27:38","slug":"frigorifico-vitrifrigo-c39i-39lt-12-24v","status":"publish","type":"product","link":"https:\/\/stoic-curie.212-227-153-4.plesk.page\/pt\/product\/frigorifico-vitrifrigo-c39i-39lt-12-24v\/","title":{"rendered":"Geladeira Vitrifrigo C39i"},"content":{"rendered":"<p>Geladeira Vitrifrigo C39i &#8211; <\/p>\n<p style=\"color: rgb(34, 34, 34); font-family: Arial, Helvetica, sans-serif; font-size: small;\"><strong>Geladeira-Freezer, C39i Airlock, Cinza, Vitrifrigo<\/strong><\/p>\n<p style=\"color: rgb(34, 34, 34); font-family: Arial, Helvetica, sans-serif; font-size: small;\">O modelo C39i CHR \u00e9 uma geladeira-freezer da s\u00e9rie Airlock, oferecendo uma excelente solu\u00e7\u00e3o para suas necessidades de refrigera\u00e7\u00e3o. Possui uma capacidade total de 39 litros, com um compartimento congelador opcional que comporta 3,6 litros. A unidade de refrigera\u00e7\u00e3o \u00e9 projetada para se ajustar ao tamanho compacto do aparelho. Esta geladeira Vitrifrigo opera com uma unidade de refrigera\u00e7\u00e3o interna Danfoss de 12\/24V e conta com uma porta revers\u00edvel que pode ser ajustada para ventila\u00e7\u00e3o durante per\u00edodos de n\u00e3o uso. Tamb\u00e9m inclui uma luz LED e um termostato mec\u00e2nico para controle f\u00e1cil da temperatura.<\/p>\n<p style=\"color: rgb(34, 34, 34); font-family: Arial, Helvetica, sans-serif; font-size: small;\">Uma das caracter\u00edsticas que se destacam neste aparelho \u00e9 a sua porta panel\u00e1vel cinza, que apresenta um mecanismo de fecho por press\u00e3o para evitar aberturas acidentais.<\/p>\n<p style=\"color: rgb(34, 34, 34); font-family: Arial, Helvetica, sans-serif; font-size: small;\">A al\u00e7a da porta possui um sistema \u00fanico de &#8220;posi\u00e7\u00e3o de ventila\u00e7\u00e3o&#8221;, permitindo abertura parcial quando a geladeira n\u00e3o est\u00e1 em uso. Esse recurso ajuda a prevenir o mofo e odores indesejados, mantendo seus alimentos frescos.<\/p>\n<p style=\"color: rgb(34, 34, 34); font-family: Arial, Helvetica, sans-serif; font-size: small;\"><strong>Especifica\u00e7\u00f5es:<\/strong><\/p>\n<ul style=\"color: rgb(34, 34, 34); font-family: Arial, Helvetica, sans-serif; font-size: small;\">\n<li><strong>Acabamento da Porta:<\/strong> Laminate<\/li>\n<li><strong>Capacidade:<\/strong> 39,00 litros<\/li>\n<li><strong>Altura:<\/strong> 547,00 mm<\/li>\n<li><strong>Comprimento:<\/strong> 390,00 mm<\/li>\n<li><strong>Profundidade:<\/strong> 415,00 mm<\/li>\n<li><strong>Peso:<\/strong> 17,00 kg<\/li>\n<li><strong>S\u00e9rie:<\/strong> AIRLOCK<\/li>\n<li><strong>Porta Revers\u00edvel:<\/strong> Sim<\/li>\n<li><strong>Termostato:<\/strong> Mec\u00e2nico<\/li>\n<li><strong>Tecnologia de Refrigera\u00e7\u00e3o:<\/strong> Compressor<\/li>\n<li><strong>Unidade de Refrigera\u00e7\u00e3o:<\/strong> Interna<\/li>\n<li><strong>Abertura da Porta:<\/strong> Porta frontal \u00fanica<\/li>\n<li><strong>Tens\u00e3o:<\/strong> 12\/24 VDC<\/li>\n<\/ul>\n","protected":false},"excerpt":{"rendered":"<p>Geladeira Vitrifrigo C39i &#8211; Geladeira-Freezer, C39i Airlock, Cinza, Vitrifrigo O modelo C39i CHR \u00e9 uma geladeira-freezer da s\u00e9rie Airlock, oferecendo<\/p>\n","protected":false},"featured_media":5936640,"comment_status":"open","ping_status":"closed","template":"","meta":[],"product_brand":[3527],"product_cat":[2038],"product_tag":[],"class_list":{"0":"post-746227","1":"product","2":"type-product","3":"status-publish","4":"has-post-thumbnail","6":"product_brand-vitrifrigo-pt","7":"product_cat-frigorificos-e-congeladores","9":"first","10":"instock","11":"shipping-taxable","12":"purchasable","13":"product-type-simple"},"_links":{"self":[{"href":"https:\/\/stoic-curie.212-227-153-4.plesk.page\/pt\/wp-json\/wp\/v2\/product\/746227","targetHints":{"allow":["GET"]}}],"collection":[{"href":"https:\/\/stoic-curie.212-227-153-4.plesk.page\/pt\/wp-json\/wp\/v2\/product"}],"about":[{"href":"https:\/\/stoic-curie.212-227-153-4.plesk.page\/pt\/wp-json\/wp\/v2\/types\/product"}],"replies":[{"embeddable":true,"href":"https:\/\/stoic-curie.212-227-153-4.plesk.page\/pt\/wp-json\/wp\/v2\/comments?post=746227"}],"version-history":[{"count":0,"href":"https:\/\/stoic-curie.212-227-153-4.plesk.page\/pt\/wp-json\/wp\/v2\/product\/746227\/revisions"}],"wp:featuredmedia":[{"embeddable":true,"href":"https:\/\/stoic-curie.212-227-153-4.plesk.page\/pt\/wp-json\/wp\/v2\/media\/5936640"}],"wp:attachment":[{"href":"https:\/\/stoic-curie.212-227-153-4.plesk.page\/pt\/wp-json\/wp\/v2\/media?parent=746227"}],"wp:term":[{"taxonomy":"product_brand","embeddable":true,"href":"https:\/\/stoic-curie.212-227-153-4.plesk.page\/pt\/wp-json\/wp\/v2\/product_brand?post=746227"},{"taxonomy":"product_cat","embeddable":true,"href":"https:\/\/stoic-curie.212-227-153-4.plesk.page\/pt\/wp-json\/wp\/v2\/product_cat?post=746227"},{"taxonomy":"product_tag","embeddable":true,"href":"https:\/\/stoic-curie.212-227-153-4.plesk.page\/pt\/wp-json\/wp\/v2\/product_tag?post=746227"}],"curies":[{"name":"wp","href":"https:\/\/api.w.org\/{rel}","templated":true}]}}