{"id":746228,"date":"2025-03-03T20:47:35","date_gmt":"2025-03-03T19:47:35","guid":{"rendered":"https:\/\/stoic-curie.212-227-153-4.plesk.page\/producto\/frigorifico-vitrifrigo-c50i-50lt-12-24v\/"},"modified":"2026-02-25T00:27:38","modified_gmt":"2026-02-25T00:27:38","slug":"frigorifico-vitrifrigo-c50i-50lt-12-24v","status":"publish","type":"product","link":"https:\/\/stoic-curie.212-227-153-4.plesk.page\/pt\/product\/frigorifico-vitrifrigo-c50i-50lt-12-24v\/","title":{"rendered":"Frigor\u00edfico Vitrifrigo C50i"},"content":{"rendered":"<p>Frigor\u00edfico Vitrifrigo C50i &#8211; <\/p>\n<p style=\"color: rgb(34, 34, 34); font-family: Arial, Helvetica, sans-serif; font-size: small;\">Apresentando o Frigor\u00edfico-Congelador C50i Airlock em cinza da Vitrifrigo. Este refrigerador opera com uma unidade de refrigera\u00e7\u00e3o Danfoss interna de 12\/24V e possui uma porta revers\u00edvel que pode ser ajustada para uma posi\u00e7\u00e3o de ventila\u00e7\u00e3o quando n\u00e3o est\u00e1 em uso. Ele vem equipado com uma luz LED e um termostato mec\u00e2nico para facilitar o controle de temperatura.<\/p>\n<p style=\"color: rgb(34, 34, 34); font-family: Arial, Helvetica, sans-serif; font-size: small;\">Como parte da s\u00e9rie Airlock, o frigor\u00edfico-congelador C50i possui uma capacidade total de 51 litros, com um compartimento de congelador opcional que comporta 3,6 litros. Este produto \u00e9 projetado com uma unidade de refrigerante interna e inclui diversos recursos importantes em sua porta.<\/p>\n<p style=\"color: rgb(34, 34, 34); font-family: Arial, Helvetica, sans-serif; font-size: small;\">O frigor\u00edfico-congelador pode ser revestido em cinza e inclui um mecanismo de bloqueio r\u00e1pido para evitar aberturas acidentais. Al\u00e9m disso, ele conta com uma posi\u00e7\u00e3o de &#8220;ventila\u00e7\u00e3o&#8221; exclusiva que permite uma abertura pequena durante per\u00edodos de n\u00e3o uso, ajudando a prevenir odores desagrad\u00e1veis e mofo.<\/p>\n<p style=\"color: rgb(34, 34, 34); font-family: Arial, Helvetica, sans-serif; font-size: small;\"><strong>Especifica\u00e7\u00f5es:<\/strong><\/p>\n<ul style=\"color: rgb(34, 34, 34); font-family: Arial, Helvetica, sans-serif; font-size: small;\">\n<li><strong>Acabamento da Porta:<\/strong>&nbsp;Laminado<\/li>\n<li><strong>Capacidade:<\/strong>&nbsp;50,00 litros<\/li>\n<li><strong>Altura:<\/strong>&nbsp;636 mm<\/li>\n<li><strong>Comprimento:<\/strong>&nbsp;396 mm<\/li>\n<li><strong>Profundidade:<\/strong>&nbsp;415 mm<\/li>\n<li><strong>S\u00e9rie:<\/strong>&nbsp;AIRLOCK<\/li>\n<li><strong>Porta Revers\u00edvel:<\/strong>&nbsp;Sim<\/li>\n<li><strong>Termostato:<\/strong>&nbsp;Mec\u00e2nico<\/li>\n<li><strong>Tecnologia de Refrigera\u00e7\u00e3o:<\/strong>&nbsp;Compressor<\/li>\n<li><strong>Unidade de Refrigera\u00e7\u00e3o:<\/strong>&nbsp;Interna<\/li>\n<li><strong>Abertura da Porta:<\/strong>&nbsp;Porta frontal \u00fanica<\/li>\n<li><strong>Voltagem:<\/strong>&nbsp;12\/24 VDC<\/li>\n<\/ul>\n<p style=\"color: rgb(34, 34, 34); font-family: Arial, Helvetica, sans-serif; font-size: small;\">Este frigor\u00edfico-congelador \u00e9 uma excelente escolha para entusiastas de barcos que buscam solu\u00e7\u00f5es de refrigera\u00e7\u00e3o confi\u00e1veis e eficientes.<\/p>\n","protected":false},"excerpt":{"rendered":"<p>Frigor\u00edfico Vitrifrigo C50i &#8211; Apresentando o Frigor\u00edfico-Congelador C50i Airlock em cinza da Vitrifrigo. Este refrigerador opera com uma unidade de<\/p>\n","protected":false},"featured_media":5936641,"comment_status":"open","ping_status":"closed","template":"","meta":[],"product_brand":[3527],"product_cat":[2038],"product_tag":[],"class_list":{"0":"post-746228","1":"product","2":"type-product","3":"status-publish","4":"has-post-thumbnail","6":"product_brand-vitrifrigo-pt","7":"product_cat-frigorificos-e-congeladores","9":"first","10":"instock","11":"shipping-taxable","12":"purchasable","13":"product-type-simple"},"_links":{"self":[{"href":"https:\/\/stoic-curie.212-227-153-4.plesk.page\/pt\/wp-json\/wp\/v2\/product\/746228","targetHints":{"allow":["GET"]}}],"collection":[{"href":"https:\/\/stoic-curie.212-227-153-4.plesk.page\/pt\/wp-json\/wp\/v2\/product"}],"about":[{"href":"https:\/\/stoic-curie.212-227-153-4.plesk.page\/pt\/wp-json\/wp\/v2\/types\/product"}],"replies":[{"embeddable":true,"href":"https:\/\/stoic-curie.212-227-153-4.plesk.page\/pt\/wp-json\/wp\/v2\/comments?post=746228"}],"version-history":[{"count":0,"href":"https:\/\/stoic-curie.212-227-153-4.plesk.page\/pt\/wp-json\/wp\/v2\/product\/746228\/revisions"}],"wp:featuredmedia":[{"embeddable":true,"href":"https:\/\/stoic-curie.212-227-153-4.plesk.page\/pt\/wp-json\/wp\/v2\/media\/5936641"}],"wp:attachment":[{"href":"https:\/\/stoic-curie.212-227-153-4.plesk.page\/pt\/wp-json\/wp\/v2\/media?parent=746228"}],"wp:term":[{"taxonomy":"product_brand","embeddable":true,"href":"https:\/\/stoic-curie.212-227-153-4.plesk.page\/pt\/wp-json\/wp\/v2\/product_brand?post=746228"},{"taxonomy":"product_cat","embeddable":true,"href":"https:\/\/stoic-curie.212-227-153-4.plesk.page\/pt\/wp-json\/wp\/v2\/product_cat?post=746228"},{"taxonomy":"product_tag","embeddable":true,"href":"https:\/\/stoic-curie.212-227-153-4.plesk.page\/pt\/wp-json\/wp\/v2\/product_tag?post=746228"}],"curies":[{"name":"wp","href":"https:\/\/api.w.org\/{rel}","templated":true}]}}