{"id":746237,"date":"2025-03-03T20:47:38","date_gmt":"2025-03-03T19:47:38","guid":{"rendered":"https:\/\/stoic-curie.212-227-153-4.plesk.page\/producto\/janela-tipo-g-451x193mm-corte-429x171mm-aluminio\/"},"modified":"2026-02-25T00:27:38","modified_gmt":"2026-02-25T00:27:38","slug":"janela-tipo-g-451x193mm-corte-429x171mm-aluminio","status":"publish","type":"product","link":"https:\/\/stoic-curie.212-227-153-4.plesk.page\/pt\/product\/janela-tipo-g-451x193mm-corte-429x171mm-aluminio\/","title":{"rendered":"Janela tipo G 451x193mm Corte 429x171mm Alum\u00ednio"},"content":{"rendered":"<p>Janela tipo G 451x193mm Corte 429x171mm Alum\u00ednio &#8211; <\/p>\n<p>Porta Goiot tipo em alum\u00ednio anodizado com vidro acr\u00edlico \u00e0 prova d&#8217;\u00e1gua, constru\u00e7\u00e3o fundida e veda\u00e7\u00e3o dupla. Grande alcance de vis\u00e3o gra\u00e7as ao puxador plano. Espessura m\u00e1xima da parede de 27 mm.<\/p>\n","protected":false},"excerpt":{"rendered":"<p>Janela tipo G 451x193mm Corte 429x171mm Alum\u00ednio &#8211; Porta Goiot tipo em alum\u00ednio anodizado com vidro acr\u00edlico \u00e0 prova d&#8217;\u00e1gua,<\/p>\n","protected":false},"featured_media":5936606,"comment_status":"open","ping_status":"closed","template":"","meta":[],"product_brand":[2857],"product_cat":[1989,1984],"product_tag":[],"class_list":{"0":"post-746237","1":"product","2":"type-product","3":"status-publish","4":"has-post-thumbnail","6":"product_brand-can-marine-pt","7":"product_cat-escotilhas","8":"product_cat-vigias","10":"first","11":"instock","12":"shipping-taxable","13":"purchasable","14":"product-type-simple"},"_links":{"self":[{"href":"https:\/\/stoic-curie.212-227-153-4.plesk.page\/pt\/wp-json\/wp\/v2\/product\/746237","targetHints":{"allow":["GET"]}}],"collection":[{"href":"https:\/\/stoic-curie.212-227-153-4.plesk.page\/pt\/wp-json\/wp\/v2\/product"}],"about":[{"href":"https:\/\/stoic-curie.212-227-153-4.plesk.page\/pt\/wp-json\/wp\/v2\/types\/product"}],"replies":[{"embeddable":true,"href":"https:\/\/stoic-curie.212-227-153-4.plesk.page\/pt\/wp-json\/wp\/v2\/comments?post=746237"}],"version-history":[{"count":0,"href":"https:\/\/stoic-curie.212-227-153-4.plesk.page\/pt\/wp-json\/wp\/v2\/product\/746237\/revisions"}],"wp:featuredmedia":[{"embeddable":true,"href":"https:\/\/stoic-curie.212-227-153-4.plesk.page\/pt\/wp-json\/wp\/v2\/media\/5936606"}],"wp:attachment":[{"href":"https:\/\/stoic-curie.212-227-153-4.plesk.page\/pt\/wp-json\/wp\/v2\/media?parent=746237"}],"wp:term":[{"taxonomy":"product_brand","embeddable":true,"href":"https:\/\/stoic-curie.212-227-153-4.plesk.page\/pt\/wp-json\/wp\/v2\/product_brand?post=746237"},{"taxonomy":"product_cat","embeddable":true,"href":"https:\/\/stoic-curie.212-227-153-4.plesk.page\/pt\/wp-json\/wp\/v2\/product_cat?post=746237"},{"taxonomy":"product_tag","embeddable":true,"href":"https:\/\/stoic-curie.212-227-153-4.plesk.page\/pt\/wp-json\/wp\/v2\/product_tag?post=746237"}],"curies":[{"name":"wp","href":"https:\/\/api.w.org\/{rel}","templated":true}]}}