{"id":746243,"date":"2025-03-03T20:47:39","date_gmt":"2025-03-03T19:47:39","guid":{"rendered":"https:\/\/stoic-curie.212-227-153-4.plesk.page\/producto\/manivela-para-molinete-antal-200\/"},"modified":"2026-02-25T00:27:38","modified_gmt":"2026-02-25T00:27:38","slug":"manivela-para-molinete-antal-200","status":"publish","type":"product","link":"https:\/\/stoic-curie.212-227-153-4.plesk.page\/pt\/product\/manivela-para-molinete-antal-200\/","title":{"rendered":"Manivela para molinete Antal 200"},"content":{"rendered":"<p>Manivela para molinete Antal 200 &#8211; <\/p>\n<p>Man\u00edpulos de alum\u00ednio preto de 200 e 250 mm (8\/10&#8243;). O bra\u00e7o do man\u00edpulo \u00e9 feito de alum\u00ednio forjado com furos de aligeiramento e \u00e9 extremamente leve. Resiste \u00e0 maior tor\u00e7\u00e3o. A al\u00e7a \u00e9 coberta com borracha para oferecer uma pegada firme e funciona em dois rolamentos de esferas para aumentar a efici\u00eancia. Todos os modelos est\u00e3o dispon\u00edveis com o sistema de bloqueio que trava automaticamente o man\u00edpulo na guincho.<\/p>\n","protected":false},"excerpt":{"rendered":"<p>Manivela para molinete Antal 200 &#8211; Man\u00edpulos de alum\u00ednio preto de 200 e 250 mm (8\/10&#8243;). O bra\u00e7o do man\u00edpulo<\/p>\n","protected":false},"featured_media":5936668,"comment_status":"open","ping_status":"closed","template":"","meta":[],"product_brand":[2787],"product_cat":[2060],"product_tag":[],"class_list":{"0":"post-746243","1":"product","2":"type-product","3":"status-publish","4":"has-post-thumbnail","6":"product_brand-antal-pt","7":"product_cat-winch-antal-equipamento-para-veleiros","9":"first","10":"instock","11":"shipping-taxable","12":"purchasable","13":"product-type-simple"},"_links":{"self":[{"href":"https:\/\/stoic-curie.212-227-153-4.plesk.page\/pt\/wp-json\/wp\/v2\/product\/746243","targetHints":{"allow":["GET"]}}],"collection":[{"href":"https:\/\/stoic-curie.212-227-153-4.plesk.page\/pt\/wp-json\/wp\/v2\/product"}],"about":[{"href":"https:\/\/stoic-curie.212-227-153-4.plesk.page\/pt\/wp-json\/wp\/v2\/types\/product"}],"replies":[{"embeddable":true,"href":"https:\/\/stoic-curie.212-227-153-4.plesk.page\/pt\/wp-json\/wp\/v2\/comments?post=746243"}],"version-history":[{"count":0,"href":"https:\/\/stoic-curie.212-227-153-4.plesk.page\/pt\/wp-json\/wp\/v2\/product\/746243\/revisions"}],"wp:featuredmedia":[{"embeddable":true,"href":"https:\/\/stoic-curie.212-227-153-4.plesk.page\/pt\/wp-json\/wp\/v2\/media\/5936668"}],"wp:attachment":[{"href":"https:\/\/stoic-curie.212-227-153-4.plesk.page\/pt\/wp-json\/wp\/v2\/media?parent=746243"}],"wp:term":[{"taxonomy":"product_brand","embeddable":true,"href":"https:\/\/stoic-curie.212-227-153-4.plesk.page\/pt\/wp-json\/wp\/v2\/product_brand?post=746243"},{"taxonomy":"product_cat","embeddable":true,"href":"https:\/\/stoic-curie.212-227-153-4.plesk.page\/pt\/wp-json\/wp\/v2\/product_cat?post=746243"},{"taxonomy":"product_tag","embeddable":true,"href":"https:\/\/stoic-curie.212-227-153-4.plesk.page\/pt\/wp-json\/wp\/v2\/product_tag?post=746243"}],"curies":[{"name":"wp","href":"https:\/\/api.w.org\/{rel}","templated":true}]}}