{"id":746245,"date":"2025-03-03T20:47:40","date_gmt":"2025-03-03T19:47:40","guid":{"rendered":"https:\/\/stoic-curie.212-227-153-4.plesk.page\/producto\/manivela-para-molinete-com-pega-forte-250mm\/"},"modified":"2026-02-25T00:27:38","modified_gmt":"2026-02-25T00:27:38","slug":"manivela-para-molinete-com-pega-forte-250mm","status":"publish","type":"product","link":"https:\/\/stoic-curie.212-227-153-4.plesk.page\/pt\/product\/manivela-para-molinete-com-pega-forte-250mm\/","title":{"rendered":"Manivela para molinete com pega forte 250mm"},"content":{"rendered":"<p>Manivela para molinete com pega forte 250mm &#8211; <\/p>\n<p>Man\u00edpulos de alum\u00ednio preto extremamente leves de 250 mm (10&#8243;), dispon\u00edveis com pegada dupla e a nova pegada de bola. O bra\u00e7o do punho de alum\u00ednio forjado \u00e9 aliviado com furos e \u00e9 extremamente leve e resistente \u00e0s maiores tor\u00e7\u00f5es. O punho \u00e9 coberto com borracha para garantir uma ader\u00eancia firme e funciona em dois rolamentos de esferas para aumentar sua efici\u00eancia. Todos os modelos est\u00e3o dispon\u00edveis com o sistema de bloqueio que bloqueia automaticamente o punho no guincho.<\/p>\n","protected":false},"excerpt":{"rendered":"<p>Manivela para molinete com pega forte 250mm &#8211; Man\u00edpulos de alum\u00ednio preto extremamente leves de 250 mm (10&#8243;), dispon\u00edveis com<\/p>\n","protected":false},"featured_media":5936669,"comment_status":"open","ping_status":"closed","template":"","meta":[],"product_brand":[2787],"product_cat":[2060],"product_tag":[],"class_list":{"0":"post-746245","1":"product","2":"type-product","3":"status-publish","4":"has-post-thumbnail","6":"product_brand-antal-pt","7":"product_cat-winch-antal-equipamento-para-veleiros","9":"first","10":"instock","11":"shipping-taxable","12":"purchasable","13":"product-type-simple"},"_links":{"self":[{"href":"https:\/\/stoic-curie.212-227-153-4.plesk.page\/pt\/wp-json\/wp\/v2\/product\/746245","targetHints":{"allow":["GET"]}}],"collection":[{"href":"https:\/\/stoic-curie.212-227-153-4.plesk.page\/pt\/wp-json\/wp\/v2\/product"}],"about":[{"href":"https:\/\/stoic-curie.212-227-153-4.plesk.page\/pt\/wp-json\/wp\/v2\/types\/product"}],"replies":[{"embeddable":true,"href":"https:\/\/stoic-curie.212-227-153-4.plesk.page\/pt\/wp-json\/wp\/v2\/comments?post=746245"}],"version-history":[{"count":0,"href":"https:\/\/stoic-curie.212-227-153-4.plesk.page\/pt\/wp-json\/wp\/v2\/product\/746245\/revisions"}],"wp:featuredmedia":[{"embeddable":true,"href":"https:\/\/stoic-curie.212-227-153-4.plesk.page\/pt\/wp-json\/wp\/v2\/media\/5936669"}],"wp:attachment":[{"href":"https:\/\/stoic-curie.212-227-153-4.plesk.page\/pt\/wp-json\/wp\/v2\/media?parent=746245"}],"wp:term":[{"taxonomy":"product_brand","embeddable":true,"href":"https:\/\/stoic-curie.212-227-153-4.plesk.page\/pt\/wp-json\/wp\/v2\/product_brand?post=746245"},{"taxonomy":"product_cat","embeddable":true,"href":"https:\/\/stoic-curie.212-227-153-4.plesk.page\/pt\/wp-json\/wp\/v2\/product_cat?post=746245"},{"taxonomy":"product_tag","embeddable":true,"href":"https:\/\/stoic-curie.212-227-153-4.plesk.page\/pt\/wp-json\/wp\/v2\/product_tag?post=746245"}],"curies":[{"name":"wp","href":"https:\/\/api.w.org\/{rel}","templated":true}]}}