{"id":746246,"date":"2025-03-03T20:47:40","date_gmt":"2025-03-03T19:47:40","guid":{"rendered":"https:\/\/stoic-curie.212-227-153-4.plesk.page\/producto\/silenciador-separador-de-gases-de-escape-agua-4-5l\/"},"modified":"2026-02-25T00:27:38","modified_gmt":"2026-02-25T00:27:38","slug":"silenciador-separador-de-gases-de-escape-agua-4-5l","status":"publish","type":"product","link":"https:\/\/stoic-curie.212-227-153-4.plesk.page\/pt\/product\/silenciador-separador-de-gases-de-escape-agua-4-5l\/","title":{"rendered":"Silenciador separador de gases de escape \/ \u00e1gua 4.5L"},"content":{"rendered":"<p>Silenciador separador de gases de escape \/ \u00e1gua 4.5L &#8211; <\/p>\n<p>Silenciador separador de g\u00e1s de escape\/\u00e1gua usado para silenciar os escapes do gerador. O di\u00e2metro das conex\u00f5es de entrada e sa\u00edda de g\u00e1s \u00e9 de 40\/45\/50 mm. O di\u00e2metro da sa\u00edda de \u00e1gua \u00e9 de 38\/15 mm.<\/p>\n","protected":false},"excerpt":{"rendered":"<p>Silenciador separador de gases de escape \/ \u00e1gua 4.5L &#8211; Silenciador separador de g\u00e1s de escape\/\u00e1gua usado para silenciar os<\/p>\n","protected":false},"featured_media":5936633,"comment_status":"open","ping_status":"closed","template":"","meta":[],"product_brand":[2857],"product_cat":[2015,2081],"product_tag":[],"class_list":{"0":"post-746246","1":"product","2":"type-product","3":"status-publish","4":"has-post-thumbnail","6":"product_brand-can-marine-pt","7":"product_cat-geradores","8":"product_cat-silenciadores-de-escape","10":"first","11":"instock","12":"shipping-taxable","13":"purchasable","14":"product-type-simple"},"_links":{"self":[{"href":"https:\/\/stoic-curie.212-227-153-4.plesk.page\/pt\/wp-json\/wp\/v2\/product\/746246","targetHints":{"allow":["GET"]}}],"collection":[{"href":"https:\/\/stoic-curie.212-227-153-4.plesk.page\/pt\/wp-json\/wp\/v2\/product"}],"about":[{"href":"https:\/\/stoic-curie.212-227-153-4.plesk.page\/pt\/wp-json\/wp\/v2\/types\/product"}],"replies":[{"embeddable":true,"href":"https:\/\/stoic-curie.212-227-153-4.plesk.page\/pt\/wp-json\/wp\/v2\/comments?post=746246"}],"version-history":[{"count":0,"href":"https:\/\/stoic-curie.212-227-153-4.plesk.page\/pt\/wp-json\/wp\/v2\/product\/746246\/revisions"}],"wp:featuredmedia":[{"embeddable":true,"href":"https:\/\/stoic-curie.212-227-153-4.plesk.page\/pt\/wp-json\/wp\/v2\/media\/5936633"}],"wp:attachment":[{"href":"https:\/\/stoic-curie.212-227-153-4.plesk.page\/pt\/wp-json\/wp\/v2\/media?parent=746246"}],"wp:term":[{"taxonomy":"product_brand","embeddable":true,"href":"https:\/\/stoic-curie.212-227-153-4.plesk.page\/pt\/wp-json\/wp\/v2\/product_brand?post=746246"},{"taxonomy":"product_cat","embeddable":true,"href":"https:\/\/stoic-curie.212-227-153-4.plesk.page\/pt\/wp-json\/wp\/v2\/product_cat?post=746246"},{"taxonomy":"product_tag","embeddable":true,"href":"https:\/\/stoic-curie.212-227-153-4.plesk.page\/pt\/wp-json\/wp\/v2\/product_tag?post=746246"}],"curies":[{"name":"wp","href":"https:\/\/api.w.org\/{rel}","templated":true}]}}