{"id":746259,"date":"2025-03-03T20:47:45","date_gmt":"2025-03-03T19:47:45","guid":{"rendered":"https:\/\/stoic-curie.212-227-153-4.plesk.page\/producto\/ventiladores-centrifugos-ocean-24v-750m3\/"},"modified":"2026-02-25T00:27:38","modified_gmt":"2026-02-25T00:27:38","slug":"ventiladores-centrifugos-ocean-24v-750m3","status":"publish","type":"product","link":"https:\/\/stoic-curie.212-227-153-4.plesk.page\/pt\/product\/ventiladores-centrifugos-ocean-24v-750m3\/","title":{"rendered":"Ventiladores centr\u00edfugos Ocean 24v 750m3"},"content":{"rendered":"<p>Ventiladores centr\u00edfugos Ocean 24v 750m3 &#8211; <\/p>\n<p>Ventiladores centr\u00edfugos de montagem em suporte de alta qualidade para salas de m\u00e1quinas e por\u00f5es, com funcionamento cont\u00ednuo. Carca\u00e7a de ABS refor\u00e7ada e motor \u00e0 prova d&#8217;\u00e1gua. Montagem na base do suporte. Certificado CE em conformidade com os padr\u00f5es ISO 9097 Marine\/ISO 8846\/ISO 10133\/EN 55014 e com as normas N.M.M.A USCG 183.410.<\/p>\n","protected":false},"excerpt":{"rendered":"<p>Ventiladores centr\u00edfugos Ocean 24v 750m3 &#8211; Ventiladores centr\u00edfugos de montagem em suporte de alta qualidade para salas de m\u00e1quinas e<\/p>\n","protected":false},"featured_media":5936680,"comment_status":"open","ping_status":"closed","template":"","meta":[],"product_brand":[3142],"product_cat":[2019,2113],"product_tag":[],"class_list":{"0":"post-746259","1":"product","2":"type-product","3":"status-publish","4":"has-post-thumbnail","6":"product_brand-matromarine-pt","7":"product_cat-bilge-blowers-equipamento-eletrico","8":"product_cat-sistemas-de-ventilacao-do-motor","10":"first","11":"instock","12":"shipping-taxable","13":"purchasable","14":"product-type-simple"},"_links":{"self":[{"href":"https:\/\/stoic-curie.212-227-153-4.plesk.page\/pt\/wp-json\/wp\/v2\/product\/746259","targetHints":{"allow":["GET"]}}],"collection":[{"href":"https:\/\/stoic-curie.212-227-153-4.plesk.page\/pt\/wp-json\/wp\/v2\/product"}],"about":[{"href":"https:\/\/stoic-curie.212-227-153-4.plesk.page\/pt\/wp-json\/wp\/v2\/types\/product"}],"replies":[{"embeddable":true,"href":"https:\/\/stoic-curie.212-227-153-4.plesk.page\/pt\/wp-json\/wp\/v2\/comments?post=746259"}],"version-history":[{"count":0,"href":"https:\/\/stoic-curie.212-227-153-4.plesk.page\/pt\/wp-json\/wp\/v2\/product\/746259\/revisions"}],"wp:featuredmedia":[{"embeddable":true,"href":"https:\/\/stoic-curie.212-227-153-4.plesk.page\/pt\/wp-json\/wp\/v2\/media\/5936680"}],"wp:attachment":[{"href":"https:\/\/stoic-curie.212-227-153-4.plesk.page\/pt\/wp-json\/wp\/v2\/media?parent=746259"}],"wp:term":[{"taxonomy":"product_brand","embeddable":true,"href":"https:\/\/stoic-curie.212-227-153-4.plesk.page\/pt\/wp-json\/wp\/v2\/product_brand?post=746259"},{"taxonomy":"product_cat","embeddable":true,"href":"https:\/\/stoic-curie.212-227-153-4.plesk.page\/pt\/wp-json\/wp\/v2\/product_cat?post=746259"},{"taxonomy":"product_tag","embeddable":true,"href":"https:\/\/stoic-curie.212-227-153-4.plesk.page\/pt\/wp-json\/wp\/v2\/product_tag?post=746259"}],"curies":[{"name":"wp","href":"https:\/\/api.w.org\/{rel}","templated":true}]}}