{"id":746262,"date":"2025-03-03T20:47:46","date_gmt":"2025-03-03T19:47:46","guid":{"rendered":"https:\/\/stoic-curie.212-227-153-4.plesk.page\/producto\/colete-salva-vidas-automatico-com-arnes-securmar-arkona-275n\/"},"modified":"2026-02-25T00:27:38","modified_gmt":"2026-02-25T00:27:38","slug":"colete-salva-vidas-automatico-com-arnes-securmar-arkona-275n","status":"publish","type":"product","link":"https:\/\/stoic-curie.212-227-153-4.plesk.page\/pt\/product\/colete-salva-vidas-automatico-com-arnes-securmar-arkona-275n\/","title":{"rendered":"Colete Salva-Vidas autom\u00e1tico com arn\u00eas Securmar Arkona 275N"},"content":{"rendered":"<p>Colete Salva-Vidas autom\u00e1tico com arn\u00eas Securmar Arkona 275N &#8211; <\/p>\n<p>Colete salva-vidas infl\u00e1vel Secumar 275N aprovado pela CE ISO 12402-2 para embarca\u00e7\u00f5es de recreio sem limites. Muito fino e confort\u00e1vel, garante alta liberdade de movimento e flutuabilidade excepcional. Completo com cinto de seguran\u00e7a certificado pela CE ISO12401. Ativa\u00e7\u00e3o autom\u00e1tica UML. Um tamanho para peso corporal acima de 50 kg.<\/p>\n","protected":false},"excerpt":{"rendered":"<p>Colete Salva-Vidas autom\u00e1tico com arn\u00eas Securmar Arkona 275N &#8211; Colete salva-vidas infl\u00e1vel Secumar 275N aprovado pela CE ISO 12402-2 para<\/p>\n","protected":false},"featured_media":5936692,"comment_status":"open","ping_status":"closed","template":"","meta":[],"product_brand":[3367],"product_cat":[1888],"product_tag":[],"class_list":{"0":"post-746262","1":"product","2":"type-product","3":"status-publish","4":"has-post-thumbnail","6":"product_brand-securmar-pt","7":"product_cat-coletes-salva-vidas-certificados","9":"first","10":"instock","11":"shipping-taxable","12":"purchasable","13":"product-type-simple"},"_links":{"self":[{"href":"https:\/\/stoic-curie.212-227-153-4.plesk.page\/pt\/wp-json\/wp\/v2\/product\/746262","targetHints":{"allow":["GET"]}}],"collection":[{"href":"https:\/\/stoic-curie.212-227-153-4.plesk.page\/pt\/wp-json\/wp\/v2\/product"}],"about":[{"href":"https:\/\/stoic-curie.212-227-153-4.plesk.page\/pt\/wp-json\/wp\/v2\/types\/product"}],"replies":[{"embeddable":true,"href":"https:\/\/stoic-curie.212-227-153-4.plesk.page\/pt\/wp-json\/wp\/v2\/comments?post=746262"}],"version-history":[{"count":0,"href":"https:\/\/stoic-curie.212-227-153-4.plesk.page\/pt\/wp-json\/wp\/v2\/product\/746262\/revisions"}],"wp:featuredmedia":[{"embeddable":true,"href":"https:\/\/stoic-curie.212-227-153-4.plesk.page\/pt\/wp-json\/wp\/v2\/media\/5936692"}],"wp:attachment":[{"href":"https:\/\/stoic-curie.212-227-153-4.plesk.page\/pt\/wp-json\/wp\/v2\/media?parent=746262"}],"wp:term":[{"taxonomy":"product_brand","embeddable":true,"href":"https:\/\/stoic-curie.212-227-153-4.plesk.page\/pt\/wp-json\/wp\/v2\/product_brand?post=746262"},{"taxonomy":"product_cat","embeddable":true,"href":"https:\/\/stoic-curie.212-227-153-4.plesk.page\/pt\/wp-json\/wp\/v2\/product_cat?post=746262"},{"taxonomy":"product_tag","embeddable":true,"href":"https:\/\/stoic-curie.212-227-153-4.plesk.page\/pt\/wp-json\/wp\/v2\/product_tag?post=746262"}],"curies":[{"name":"wp","href":"https:\/\/api.w.org\/{rel}","templated":true}]}}