{"id":746263,"date":"2025-03-03T20:47:46","date_gmt":"2025-03-03T19:47:46","guid":{"rendered":"https:\/\/stoic-curie.212-227-153-4.plesk.page\/producto\/granulos-absorventes-para-oleos-e-combustiveis-7kg\/"},"modified":"2026-02-25T00:27:38","modified_gmt":"2026-02-25T00:27:38","slug":"granulos-absorventes-para-oleos-e-combustiveis-7kg","status":"publish","type":"product","link":"https:\/\/stoic-curie.212-227-153-4.plesk.page\/pt\/product\/granulos-absorventes-para-oleos-e-combustiveis-7kg\/","title":{"rendered":"Gr\u00e2nulos absorventes para \u00d3leos e combust\u00edveis 7kg"},"content":{"rendered":"<p>Gr\u00e2nulos absorventes para \u00d3leos e combust\u00edveis 7kg &#8211; <\/p>\n<p>Material absorvente granuloso espec\u00edfico para l\u00edquidos escorregadios, como \u00f3leos e combust\u00edveis. Deve ser espalhado sobre derramamentos de \u00f3leo e combust\u00edvel imediatamente para restaurar condi\u00e7\u00f5es seguras em conv\u00e9s de barcos, pisos de oficinas e salas de m\u00e1quinas.<\/p>\n","protected":false},"excerpt":{"rendered":"<p>Gr\u00e2nulos absorventes para \u00d3leos e combust\u00edveis 7kg &#8211; Material absorvente granuloso espec\u00edfico para l\u00edquidos escorregadios, como \u00f3leos e combust\u00edveis. Deve<\/p>\n","protected":false},"featured_media":5936695,"comment_status":"open","ping_status":"closed","template":"","meta":[],"product_brand":[3402,2176],"product_cat":[1917,1918],"product_tag":[],"class_list":{"0":"post-746263","1":"product","2":"type-product","3":"status-publish","4":"has-post-thumbnail","6":"product_brand-silpar-tk-pt","7":"product_brand-silpar-tk","8":"product_cat-absorventes-para-oleo-e-combustivel","9":"product_cat-acessorios-para-limpeza","11":"first","12":"instock","13":"shipping-taxable","14":"purchasable","15":"product-type-simple"},"_links":{"self":[{"href":"https:\/\/stoic-curie.212-227-153-4.plesk.page\/pt\/wp-json\/wp\/v2\/product\/746263","targetHints":{"allow":["GET"]}}],"collection":[{"href":"https:\/\/stoic-curie.212-227-153-4.plesk.page\/pt\/wp-json\/wp\/v2\/product"}],"about":[{"href":"https:\/\/stoic-curie.212-227-153-4.plesk.page\/pt\/wp-json\/wp\/v2\/types\/product"}],"replies":[{"embeddable":true,"href":"https:\/\/stoic-curie.212-227-153-4.plesk.page\/pt\/wp-json\/wp\/v2\/comments?post=746263"}],"version-history":[{"count":0,"href":"https:\/\/stoic-curie.212-227-153-4.plesk.page\/pt\/wp-json\/wp\/v2\/product\/746263\/revisions"}],"wp:featuredmedia":[{"embeddable":true,"href":"https:\/\/stoic-curie.212-227-153-4.plesk.page\/pt\/wp-json\/wp\/v2\/media\/5936695"}],"wp:attachment":[{"href":"https:\/\/stoic-curie.212-227-153-4.plesk.page\/pt\/wp-json\/wp\/v2\/media?parent=746263"}],"wp:term":[{"taxonomy":"product_brand","embeddable":true,"href":"https:\/\/stoic-curie.212-227-153-4.plesk.page\/pt\/wp-json\/wp\/v2\/product_brand?post=746263"},{"taxonomy":"product_cat","embeddable":true,"href":"https:\/\/stoic-curie.212-227-153-4.plesk.page\/pt\/wp-json\/wp\/v2\/product_cat?post=746263"},{"taxonomy":"product_tag","embeddable":true,"href":"https:\/\/stoic-curie.212-227-153-4.plesk.page\/pt\/wp-json\/wp\/v2\/product_tag?post=746263"}],"curies":[{"name":"wp","href":"https:\/\/api.w.org\/{rel}","templated":true}]}}