{"id":746269,"date":"2025-03-03T20:47:48","date_gmt":"2025-03-03T19:47:48","guid":{"rendered":"https:\/\/stoic-curie.212-227-153-4.plesk.page\/producto\/roldanas-simples-antal-50mm-para-linhas-ate-10mm\/"},"modified":"2026-02-25T00:27:38","modified_gmt":"2026-02-25T00:27:38","slug":"roldanas-simples-antal-50mm-para-linhas-ate-10mm","status":"publish","type":"product","link":"https:\/\/stoic-curie.212-227-153-4.plesk.page\/pt\/product\/roldanas-simples-antal-50mm-para-linhas-ate-10mm\/","title":{"rendered":"Roldanas Simples Antal 50mm para linhas at\u00e9 10mm"},"content":{"rendered":"<p>Roldanas Simples Antal 50mm para linhas at\u00e9 10mm &#8211; <\/p>\n<p>Um quadro robusto de alum\u00ednio oxidado preto recoberto de teflon, em uma pe\u00e7a, sem parafusos e pinos. Cavilhas de fibra composta e rolamentos de esferas auto-captivas duplos que n\u00e3o precisam de lubrifica\u00e7\u00e3o. Completo com um topo girat\u00f3rio de a\u00e7o inoxid\u00e1vel de alta resist\u00eancia e gancho. Os materiais de alta qualidade garantem altas cargas de trabalho e leveza extra.<\/p>\n","protected":false},"excerpt":{"rendered":"<p>Roldanas Simples Antal 50mm para linhas at\u00e9 10mm &#8211; Um quadro robusto de alum\u00ednio oxidado preto recoberto de teflon, em<\/p>\n","protected":false},"featured_media":5936714,"comment_status":"open","ping_status":"closed","template":"","meta":[],"product_brand":[2787],"product_cat":[2049],"product_tag":[],"class_list":{"0":"post-746269","1":"product","2":"type-product","3":"status-publish","4":"has-post-thumbnail","6":"product_brand-antal-pt","7":"product_cat-moitoes-antal","9":"first","10":"instock","11":"shipping-taxable","12":"purchasable","13":"product-type-simple"},"_links":{"self":[{"href":"https:\/\/stoic-curie.212-227-153-4.plesk.page\/pt\/wp-json\/wp\/v2\/product\/746269","targetHints":{"allow":["GET"]}}],"collection":[{"href":"https:\/\/stoic-curie.212-227-153-4.plesk.page\/pt\/wp-json\/wp\/v2\/product"}],"about":[{"href":"https:\/\/stoic-curie.212-227-153-4.plesk.page\/pt\/wp-json\/wp\/v2\/types\/product"}],"replies":[{"embeddable":true,"href":"https:\/\/stoic-curie.212-227-153-4.plesk.page\/pt\/wp-json\/wp\/v2\/comments?post=746269"}],"version-history":[{"count":0,"href":"https:\/\/stoic-curie.212-227-153-4.plesk.page\/pt\/wp-json\/wp\/v2\/product\/746269\/revisions"}],"wp:featuredmedia":[{"embeddable":true,"href":"https:\/\/stoic-curie.212-227-153-4.plesk.page\/pt\/wp-json\/wp\/v2\/media\/5936714"}],"wp:attachment":[{"href":"https:\/\/stoic-curie.212-227-153-4.plesk.page\/pt\/wp-json\/wp\/v2\/media?parent=746269"}],"wp:term":[{"taxonomy":"product_brand","embeddable":true,"href":"https:\/\/stoic-curie.212-227-153-4.plesk.page\/pt\/wp-json\/wp\/v2\/product_brand?post=746269"},{"taxonomy":"product_cat","embeddable":true,"href":"https:\/\/stoic-curie.212-227-153-4.plesk.page\/pt\/wp-json\/wp\/v2\/product_cat?post=746269"},{"taxonomy":"product_tag","embeddable":true,"href":"https:\/\/stoic-curie.212-227-153-4.plesk.page\/pt\/wp-json\/wp\/v2\/product_tag?post=746269"}],"curies":[{"name":"wp","href":"https:\/\/api.w.org\/{rel}","templated":true}]}}