{"id":746272,"date":"2025-03-03T20:47:49","date_gmt":"2025-03-03T19:47:49","guid":{"rendered":"https:\/\/stoic-curie.212-227-153-4.plesk.page\/producto\/moitao-antal-fiddle-com-becket-50mm-linha-de-10mm\/"},"modified":"2026-02-25T00:27:38","modified_gmt":"2026-02-25T00:27:38","slug":"moitao-antal-fiddle-com-becket-50mm-linha-de-10mm","status":"publish","type":"product","link":"https:\/\/stoic-curie.212-227-153-4.plesk.page\/pt\/product\/moitao-antal-fiddle-com-becket-50mm-linha-de-10mm\/","title":{"rendered":"Moit\u00e3o Antal Fiddle com Becket 50mm (linha de 10mm)"},"content":{"rendered":"<p>Moit\u00e3o Antal Fiddle com Becket 50mm (linha de 10mm) &#8211; <\/p>\n<p>Um quadro de alum\u00ednio oxidado preto revestido em teflon, bloco muito robusto sem parafusos e pinos. Sheaves de fibra composta e rolamento de esferas de dupla auto-retenta\u00e7\u00e3o que n\u00e3o precisa de lubrifica\u00e7\u00e3o. Completo com topo girat\u00f3rio de a\u00e7o inoxid\u00e1vel de alta resist\u00eancia e argola. Os materiais de alta qualidade garantem altas cargas de trabalho e leveza extra.<\/p>\n","protected":false},"excerpt":{"rendered":"<p>Moit\u00e3o Antal Fiddle com Becket 50mm (linha de 10mm) &#8211; Um quadro de alum\u00ednio oxidado preto revestido em teflon, bloco<\/p>\n","protected":false},"featured_media":5936720,"comment_status":"open","ping_status":"closed","template":"","meta":[],"product_brand":[2787],"product_cat":[2049],"product_tag":[],"class_list":{"0":"post-746272","1":"product","2":"type-product","3":"status-publish","4":"has-post-thumbnail","6":"product_brand-antal-pt","7":"product_cat-moitoes-antal","9":"first","10":"instock","11":"shipping-taxable","12":"purchasable","13":"product-type-simple"},"_links":{"self":[{"href":"https:\/\/stoic-curie.212-227-153-4.plesk.page\/pt\/wp-json\/wp\/v2\/product\/746272","targetHints":{"allow":["GET"]}}],"collection":[{"href":"https:\/\/stoic-curie.212-227-153-4.plesk.page\/pt\/wp-json\/wp\/v2\/product"}],"about":[{"href":"https:\/\/stoic-curie.212-227-153-4.plesk.page\/pt\/wp-json\/wp\/v2\/types\/product"}],"replies":[{"embeddable":true,"href":"https:\/\/stoic-curie.212-227-153-4.plesk.page\/pt\/wp-json\/wp\/v2\/comments?post=746272"}],"version-history":[{"count":0,"href":"https:\/\/stoic-curie.212-227-153-4.plesk.page\/pt\/wp-json\/wp\/v2\/product\/746272\/revisions"}],"wp:featuredmedia":[{"embeddable":true,"href":"https:\/\/stoic-curie.212-227-153-4.plesk.page\/pt\/wp-json\/wp\/v2\/media\/5936720"}],"wp:attachment":[{"href":"https:\/\/stoic-curie.212-227-153-4.plesk.page\/pt\/wp-json\/wp\/v2\/media?parent=746272"}],"wp:term":[{"taxonomy":"product_brand","embeddable":true,"href":"https:\/\/stoic-curie.212-227-153-4.plesk.page\/pt\/wp-json\/wp\/v2\/product_brand?post=746272"},{"taxonomy":"product_cat","embeddable":true,"href":"https:\/\/stoic-curie.212-227-153-4.plesk.page\/pt\/wp-json\/wp\/v2\/product_cat?post=746272"},{"taxonomy":"product_tag","embeddable":true,"href":"https:\/\/stoic-curie.212-227-153-4.plesk.page\/pt\/wp-json\/wp\/v2\/product_tag?post=746272"}],"curies":[{"name":"wp","href":"https:\/\/api.w.org\/{rel}","templated":true}]}}