{"id":746278,"date":"2025-03-03T20:47:51","date_gmt":"2025-03-03T19:47:51","guid":{"rendered":"https:\/\/stoic-curie.212-227-153-4.plesk.page\/producto\/moitao-de-esfera-dupla-antal-horizontal-50mm\/"},"modified":"2026-02-25T00:27:38","modified_gmt":"2026-02-25T00:27:38","slug":"moitao-de-esfera-dupla-antal-horizontal-50mm","status":"publish","type":"product","link":"https:\/\/stoic-curie.212-227-153-4.plesk.page\/pt\/product\/moitao-de-esfera-dupla-antal-horizontal-50mm\/","title":{"rendered":"Moit\u00e3o de esfera dupla Antal Horizontal 50mm"},"content":{"rendered":"<p>Moit\u00e3o de esfera dupla Antal Horizontal 50mm &#8211; <\/p>\n<p>Uma estrutura de alum\u00ednio preto oxidado com revestimento de teflon, um bloco muito robusto sem parafusos e pinos. Polias de fibra composta e rolamento de esferas duplo auto-capturante que n\u00e3o precisa de lubrifica\u00e7\u00e3o. Completo com parafusos de a\u00e7o inoxid\u00e1vel de alta resist\u00eancia. Os materiais de alta qualidade garantem altas cargas de trabalho e leveza extra.<\/p>\n","protected":false},"excerpt":{"rendered":"<p>Moit\u00e3o de esfera dupla Antal Horizontal 50mm &#8211; Uma estrutura de alum\u00ednio preto oxidado com revestimento de teflon, um bloco<\/p>\n","protected":false},"featured_media":5936730,"comment_status":"open","ping_status":"closed","template":"","meta":[],"product_brand":[2787],"product_cat":[2049,2047],"product_tag":[],"class_list":{"0":"post-746278","1":"product","2":"type-product","3":"status-publish","4":"has-post-thumbnail","6":"product_brand-antal-pt","7":"product_cat-moitoes-antal","8":"product_cat-organizadores-de-cabos","10":"first","11":"instock","12":"shipping-taxable","13":"purchasable","14":"product-type-simple"},"_links":{"self":[{"href":"https:\/\/stoic-curie.212-227-153-4.plesk.page\/pt\/wp-json\/wp\/v2\/product\/746278","targetHints":{"allow":["GET"]}}],"collection":[{"href":"https:\/\/stoic-curie.212-227-153-4.plesk.page\/pt\/wp-json\/wp\/v2\/product"}],"about":[{"href":"https:\/\/stoic-curie.212-227-153-4.plesk.page\/pt\/wp-json\/wp\/v2\/types\/product"}],"replies":[{"embeddable":true,"href":"https:\/\/stoic-curie.212-227-153-4.plesk.page\/pt\/wp-json\/wp\/v2\/comments?post=746278"}],"version-history":[{"count":0,"href":"https:\/\/stoic-curie.212-227-153-4.plesk.page\/pt\/wp-json\/wp\/v2\/product\/746278\/revisions"}],"wp:featuredmedia":[{"embeddable":true,"href":"https:\/\/stoic-curie.212-227-153-4.plesk.page\/pt\/wp-json\/wp\/v2\/media\/5936730"}],"wp:attachment":[{"href":"https:\/\/stoic-curie.212-227-153-4.plesk.page\/pt\/wp-json\/wp\/v2\/media?parent=746278"}],"wp:term":[{"taxonomy":"product_brand","embeddable":true,"href":"https:\/\/stoic-curie.212-227-153-4.plesk.page\/pt\/wp-json\/wp\/v2\/product_brand?post=746278"},{"taxonomy":"product_cat","embeddable":true,"href":"https:\/\/stoic-curie.212-227-153-4.plesk.page\/pt\/wp-json\/wp\/v2\/product_cat?post=746278"},{"taxonomy":"product_tag","embeddable":true,"href":"https:\/\/stoic-curie.212-227-153-4.plesk.page\/pt\/wp-json\/wp\/v2\/product_tag?post=746278"}],"curies":[{"name":"wp","href":"https:\/\/api.w.org\/{rel}","templated":true}]}}