{"id":746285,"date":"2025-03-03T20:47:53","date_gmt":"2025-03-03T19:47:53","guid":{"rendered":"https:\/\/stoic-curie.212-227-153-4.plesk.page\/producto\/guinchos-antal-com-trincomento-xt30-1-velocidade-128mm\/"},"modified":"2026-02-25T00:27:38","modified_gmt":"2026-02-25T00:27:38","slug":"guinchos-antal-com-trincomento-xt30-1-velocidade-128mm","status":"publish","type":"product","link":"https:\/\/stoic-curie.212-227-153-4.plesk.page\/pt\/product\/guinchos-antal-com-trincomento-xt30-1-velocidade-128mm\/","title":{"rendered":"Guinchos antal com Trincomento XT30 1 Velocidade 128mm"},"content":{"rendered":"<p>Guinchos antal com Trincomento XT30 1 Velocidade 128mm &#8211; <\/p>\n<p>Guincho compacto auto-revestido XT com velocidade reduzida, proporcionando uma for\u00e7a lenta mas poderosa. A al\u00e7a gira livremente na outra dire\u00e7\u00e3o. Para cordas de 610 mm.<\/p>\n","protected":false},"excerpt":{"rendered":"<p>Guinchos antal com Trincomento XT30 1 Velocidade 128mm &#8211; Guincho compacto auto-revestido XT com velocidade reduzida, proporcionando uma for\u00e7a lenta<\/p>\n","protected":false},"featured_media":5936739,"comment_status":"open","ping_status":"closed","template":"","meta":[],"product_brand":[2787],"product_cat":[2060],"product_tag":[],"class_list":{"0":"post-746285","1":"product","2":"type-product","3":"status-publish","4":"has-post-thumbnail","6":"product_brand-antal-pt","7":"product_cat-winch-antal-equipamento-para-veleiros","9":"first","10":"instock","11":"shipping-taxable","12":"purchasable","13":"product-type-simple"},"_links":{"self":[{"href":"https:\/\/stoic-curie.212-227-153-4.plesk.page\/pt\/wp-json\/wp\/v2\/product\/746285","targetHints":{"allow":["GET"]}}],"collection":[{"href":"https:\/\/stoic-curie.212-227-153-4.plesk.page\/pt\/wp-json\/wp\/v2\/product"}],"about":[{"href":"https:\/\/stoic-curie.212-227-153-4.plesk.page\/pt\/wp-json\/wp\/v2\/types\/product"}],"replies":[{"embeddable":true,"href":"https:\/\/stoic-curie.212-227-153-4.plesk.page\/pt\/wp-json\/wp\/v2\/comments?post=746285"}],"version-history":[{"count":0,"href":"https:\/\/stoic-curie.212-227-153-4.plesk.page\/pt\/wp-json\/wp\/v2\/product\/746285\/revisions"}],"wp:featuredmedia":[{"embeddable":true,"href":"https:\/\/stoic-curie.212-227-153-4.plesk.page\/pt\/wp-json\/wp\/v2\/media\/5936739"}],"wp:attachment":[{"href":"https:\/\/stoic-curie.212-227-153-4.plesk.page\/pt\/wp-json\/wp\/v2\/media?parent=746285"}],"wp:term":[{"taxonomy":"product_brand","embeddable":true,"href":"https:\/\/stoic-curie.212-227-153-4.plesk.page\/pt\/wp-json\/wp\/v2\/product_brand?post=746285"},{"taxonomy":"product_cat","embeddable":true,"href":"https:\/\/stoic-curie.212-227-153-4.plesk.page\/pt\/wp-json\/wp\/v2\/product_cat?post=746285"},{"taxonomy":"product_tag","embeddable":true,"href":"https:\/\/stoic-curie.212-227-153-4.plesk.page\/pt\/wp-json\/wp\/v2\/product_tag?post=746285"}],"curies":[{"name":"wp","href":"https:\/\/api.w.org\/{rel}","templated":true}]}}