{"id":746286,"date":"2025-03-03T20:47:54","date_gmt":"2025-03-03T19:47:54","guid":{"rendered":"https:\/\/stoic-curie.212-227-153-4.plesk.page\/producto\/punho-de-guincho-duplo-forte-antal-250mm\/"},"modified":"2026-02-25T00:27:38","modified_gmt":"2026-02-25T00:27:38","slug":"punho-de-guincho-duplo-forte-antal-250mm","status":"publish","type":"product","link":"https:\/\/stoic-curie.212-227-153-4.plesk.page\/pt\/product\/punho-de-guincho-duplo-forte-antal-250mm\/","title":{"rendered":"Punho de guincho duplo forte Antal 250mm"},"content":{"rendered":"<p>Punho de guincho duplo forte Antal 250mm &#8211; <\/p>\n<p>Manilhas de alum\u00ednio pretas extremamente leves de 250 mm (10&#8243;). Dispon\u00edveis com pega dupla e a nova pega de bola. O bra\u00e7o da pega em alum\u00ednio forjado \u00e9 aliviado com furos, tornando-o extremamente leve e resistente \u00e0s maiores tor\u00e7\u00f5es. A pega \u00e9 revestida com borracha para proporcionar uma ader\u00eancia firme e funciona com dois rolamentos de esferas para aumentar a efici\u00eancia. Todos os modelos est\u00e3o dispon\u00edveis com o sistema de bloqueio que tranca automaticamente a pega no guincho.<\/p>\n","protected":false},"excerpt":{"rendered":"<p>Punho de guincho duplo forte Antal 250mm &#8211; Manilhas de alum\u00ednio pretas extremamente leves de 250 mm (10&#8243;). Dispon\u00edveis com<\/p>\n","protected":false},"featured_media":5936669,"comment_status":"open","ping_status":"closed","template":"","meta":[],"product_brand":[2787],"product_cat":[2060],"product_tag":[],"class_list":{"0":"post-746286","1":"product","2":"type-product","3":"status-publish","4":"has-post-thumbnail","6":"product_brand-antal-pt","7":"product_cat-winch-antal-equipamento-para-veleiros","9":"first","10":"instock","11":"shipping-taxable","12":"purchasable","13":"product-type-simple"},"_links":{"self":[{"href":"https:\/\/stoic-curie.212-227-153-4.plesk.page\/pt\/wp-json\/wp\/v2\/product\/746286","targetHints":{"allow":["GET"]}}],"collection":[{"href":"https:\/\/stoic-curie.212-227-153-4.plesk.page\/pt\/wp-json\/wp\/v2\/product"}],"about":[{"href":"https:\/\/stoic-curie.212-227-153-4.plesk.page\/pt\/wp-json\/wp\/v2\/types\/product"}],"replies":[{"embeddable":true,"href":"https:\/\/stoic-curie.212-227-153-4.plesk.page\/pt\/wp-json\/wp\/v2\/comments?post=746286"}],"version-history":[{"count":0,"href":"https:\/\/stoic-curie.212-227-153-4.plesk.page\/pt\/wp-json\/wp\/v2\/product\/746286\/revisions"}],"wp:featuredmedia":[{"embeddable":true,"href":"https:\/\/stoic-curie.212-227-153-4.plesk.page\/pt\/wp-json\/wp\/v2\/media\/5936669"}],"wp:attachment":[{"href":"https:\/\/stoic-curie.212-227-153-4.plesk.page\/pt\/wp-json\/wp\/v2\/media?parent=746286"}],"wp:term":[{"taxonomy":"product_brand","embeddable":true,"href":"https:\/\/stoic-curie.212-227-153-4.plesk.page\/pt\/wp-json\/wp\/v2\/product_brand?post=746286"},{"taxonomy":"product_cat","embeddable":true,"href":"https:\/\/stoic-curie.212-227-153-4.plesk.page\/pt\/wp-json\/wp\/v2\/product_cat?post=746286"},{"taxonomy":"product_tag","embeddable":true,"href":"https:\/\/stoic-curie.212-227-153-4.plesk.page\/pt\/wp-json\/wp\/v2\/product_tag?post=746286"}],"curies":[{"name":"wp","href":"https:\/\/api.w.org\/{rel}","templated":true}]}}